{"id":652664,"date":"2023-05-29T20:15:08","date_gmt":"2023-05-29T20:15:08","guid":{"rendered":"https:\/\/neuvee.com\/?post_type=product&#038;p=652664"},"modified":"2025-05-19T13:21:26","modified_gmt":"2025-05-19T13:21:26","slug":"marooners-4","status":"publish","type":"product","link":"https:\/\/neuvee.com\/pl\/product\/marooners-4\/","title":{"rendered":"MAROONERS"},"content":{"rendered":"<p>NAJBARDZIEJ ZAKR\u0118CONA TOWARZYSKA GRA WIELOOSOBOWA NA \u015aWIECIE!<br \/>\nZagraj w mieszank\u0119 zabawnych gier imprezowych, rozgrywka stale prze\u0142\u0105cza si\u0119 mi\u0119dzy r\u00f3\u017cnymi grami. Dasz rad\u0119 opanowa\u0107 chaos nag\u0142ych zmian? Do\u0142\u0105cz do swoich przyjaci\u00f3\u0142 zar\u00f3wno na kanapie, jak i&nbsp;online \u2013 i&nbsp;czerp sadystyczn\u0105 rado\u015b\u0107 z&nbsp;ich nieszcz\u0119\u015bcia. A gdy zginiesz \u2013 wr\u00f3\u0107 jako duch, \u017ceby ich dr\u0119czy\u0107. Biegaj, skacz i&nbsp;bij si\u0119 w drodze do zwyci\u0119stwa!<\/p>\n<p>CECHY<br \/>\nSzale\u0144stwo gry dru\u017cynowej: prze\u017cyj chaos nag\u0142ych zmian, gdy akcja przeskakuje mi\u0119dzy wieloma intensywnymi minigrami, gdy si\u0119 tego najmniej spodziewasz! Albo przyjmuj wyzwanie i&nbsp;uko\u0144cz wszystkie mini gry po kolei! Sprawd\u017a si\u0119 w r\u00f3\u017cnych trybach gry i&nbsp;niespodziewanych etapach dodatkowych.<\/p>\n<p>Wybierz swojego Maroonera: wyb\u00f3r dziwacznych posta\u0107 do odblokowania, przesz\u0142o 70 prze\u015bmiesznych broni do odblokowania i&nbsp;u\u017cywania, a&nbsp;je\u015bli zginiesz\u2026 wracasz jako duch, aby dr\u0119czy\u0107 znajomych!<\/p>\n<p>Graj w trybie dru\u017cynowym lub&nbsp;w trybie areny: 25 r\u00f3\u017cnych gier i&nbsp;map w poszukiwaniu skarb\u00f3w w trybie dru\u017cynowym lub&nbsp;bezpo\u015brednia rywalizacja o&nbsp;miano kr\u00f3la ringu w trybie areny. Kt\u00f3r\u0105kolwiek wersj\u0119 wybierzesz \u2013 oczekuj nieoczekiwanego!<\/p>\n<p>P\u0142ynna rozgrywka lokalna i&nbsp;online jednocze\u015bnie: do 6 graczy w dowolnych po\u0142\u0105czeniach graczy lokalnych i&nbsp;online, wraz z&nbsp;osi\u0105ganiem nowych poziom\u00f3w i&nbsp;odblokowywaniem nowych broni! Dodatkowo pe\u0142ne wsparcie bot\u00f3w w rozgrywce zar\u00f3wno solo, jak i&nbsp;w trybie wieloosobowym, tryb obserwatora, wydajny tryb dobierania graczy i&nbsp;system poczekalni.<\/p>\n<p>NADCI\u0104GA GROWE SZALE\u0143STWO!<br \/>\nMarooners to zakr\u0119cony miks minigier. Prze\u0142\u0105czaj si\u0119 pomi\u0119dzy egzotycznymi lokacjami i&nbsp;napychaj kieszenie \u0142upami. Tylko postaraj si\u0119 nie uton\u0105\u0107, nie poparzy\u0107, nie da\u0107 si\u0119 zmia\u017cd\u017cy\u0107, wysadzi\u0107 albo&nbsp;jeszcze co\u015b gor\u2026 <\/p>\n<p>Mo\u017cesz r\u00f3wnie\u017c prze\u017cy\u0107 pe\u0142n\u0105 rozgrywk\u0119, w kt\u00f3rej przechodzisz ka\u017cd\u0105 gr\u0119 tylko raz do jej pe\u0142nego uko\u0144czenia \u2013 czy obserwowa\u0107 cz\u0119\u015b\u0107 gier w trybie obserwatora!<\/p>\n<p>Dalej! Chwa\u0142a i&nbsp;\u0142upy czekaj\u0105!Marooners to zakr\u0119cony miks minigier. Prze\u0142\u0105czaj si\u0119 pomi\u0119dzy egzotycznymi lokacjami i&nbsp;napychaj kieszenie \u0142upami. Tylko postaraj si\u0119 nie uton\u0105\u0107, nie poparzy\u0107, nie da\u0107 si\u0119 zmia\u017cd\u017cy\u0107, wysadzi\u0107 albo&nbsp;jeszcze co\u015b gor\u2026 <\/p>\n<p>Mo\u017cesz r\u00f3wnie\u017c prze\u017cy\u0107 pe\u0142n\u0105 rozgrywk\u0119, w kt\u00f3rej przechodzisz ka\u017cd\u0105 gr\u0119 tylko raz do jej pe\u0142nego uko\u0144czenia \u2013 czy obserwowa\u0107 cz\u0119\u015b\u0107 gier w trybie obserwatora!<\/p>\n<p>Dalej! Chwa\u0142a i&nbsp;\u0142upy czekaj\u0105!<\/p>\n<p>PE\u0141NA OBS\u0141UGA TRYBU WIELOOSOBOWEGO!<br \/>\nGranie z&nbsp;przyjaci\u00f3\u0142mi we w\u0142asnym salonie jest ekstra \u2014 z&nbsp;nami masz to jak w banku! A je\u015bli masz ochot\u0119 pogra\u0107 ze znajomymi lub&nbsp;nieznajomymi w internecie? Nie ma sprawy! Ludzie z&nbsp;ca\u0142ego \u015bwiata mog\u0105 bez problemu gra\u0107 razem! Mo\u017cliwe jest po\u0142\u0105czenie nawet 2-6 graczy lokalnych i\/lub graczy online, dzi\u0119ki czemu gracze lokalni mog\u0105 gra\u0107 z&nbsp;twoimi znajomymi online. A je\u015bli potrzebujesz czego\u015b dodatkowego, by poprawi\u0107 wyniki lub&nbsp;akurat nie masz ochoty gra\u0107 z&nbsp;innymi, wprowad\u017a do gry pirat\u00f3w-boty!<\/p>\n<p>MN\u00d3STWO TRYB\u00d3W GRY!<br \/>\nTak jak i&nbsp;w trybie dru\u017cynowym, w trybie areny mo\u017cesz si\u0119 zmierzy\u0107 ze znajomymi, aby sprawdzi\u0107, kto jest kr\u00f3lem ringu! Walcz w 12 r\u00f3\u017cnych miejscach i&nbsp;przygotuj si\u0119 na \u015bwie\u017c\u0105 dawk\u0119 chaosu w jednym czy dw\u00f3ch ukrytych trybach gry! Oczekuj nieoczekiwanego i&nbsp;gi\u0144\u2026 to znaczy ZWYCI\u0118\u017bAJ na ekstremalne sposoby! Na co jeszcze czekasz? Skarb czeka!<\/p>\n<p>WYBIERZ SWOJEGO MAROONERA!<br \/>\nOdblokowuj dziwaczne postacie w trakcie gry i&nbsp;wybierz t\u0119, kt\u00f3ra ci najbardziej pasuje! Nast\u0119pnie na\u0142aduj jedn\u0105 z&nbsp;przesz\u0142o 70 zr\u00f3\u017cnicowanych broni, kt\u00f3re sprawi\u0105, \u017ce przeciwnik si\u0119 dwa razy zastanowi, zanim z&nbsp;tob\u0105 zadrze!<\/p>\n<p><\/p>","protected":false},"excerpt":{"rendered":"<p>NAJBARDZIEJ ZAKR\u0118CONA TOWARZYSKA GRA WIELOOSOBOWA NA \u015aWIECIE! Zagraj w mieszank\u0119 zabawnych gier imprezowych, rozgrywka stale prze\u0142\u0105cza si\u0119 mi\u0119dzy r\u00f3\u017cnymi grami. Dasz rad\u0119 opanowa\u0107 chaos nag\u0142ych zmian? Do\u0142\u0105cz do swoich przyjaci\u00f3\u0142 zar\u00f3wno na kanapie, jak i&nbsp;online \u2013 i&nbsp;czerp sadystyczn\u0105 rado\u015b\u0107 z&nbsp;ich nieszcz\u0119\u015bcia. A gdy zginiesz \u2013 wr\u00f3\u0107 jako duch, \u017ceby ich dr\u0119czy\u0107. Biegaj, skacz i&nbsp;bij si\u0119 [&hellip;]<\/p>\n","protected":false},"featured_media":653807,"comment_status":"closed","ping_status":"closed","template":"","meta":{"ub_ctt_via":""},"product_cat":[88,223,221],"product_tag":[218],"class_list":["post-652664","product","type-product","status-publish","has-post-thumbnail","hentry","product_cat-action","product_cat-casual","product_cat-indie","product_tag-games","platform-steam-works"],"_links":{"self":[{"href":"https:\/\/neuvee.com\/pl\/wp-json\/wp\/v2\/product\/652664","targetHints":{"allow":["GET"]}}],"collection":[{"href":"https:\/\/neuvee.com\/pl\/wp-json\/wp\/v2\/product"}],"about":[{"href":"https:\/\/neuvee.com\/pl\/wp-json\/wp\/v2\/types\/product"}],"replies":[{"embeddable":true,"href":"https:\/\/neuvee.com\/pl\/wp-json\/wp\/v2\/comments?post=652664"}],"wp:featuredmedia":[{"embeddable":true,"href":"https:\/\/neuvee.com\/pl\/wp-json\/wp\/v2\/media\/653807"}],"wp:attachment":[{"href":"https:\/\/neuvee.com\/pl\/wp-json\/wp\/v2\/media?parent=652664"}],"wp:term":[{"taxonomy":"product_cat","embeddable":true,"href":"https:\/\/neuvee.com\/pl\/wp-json\/wp\/v2\/product_cat?post=652664"},{"taxonomy":"product_tag","embeddable":true,"href":"https:\/\/neuvee.com\/pl\/wp-json\/wp\/v2\/product_tag?post=652664"}],"curies":[{"name":"wp","href":"https:\/\/api.w.org\/{rel}","templated":true}]}}