{"id":652654,"date":"2023-05-29T20:12:28","date_gmt":"2023-05-29T20:12:28","guid":{"rendered":"https:\/\/neuvee.com\/?post_type=product&#038;p=652654"},"modified":"2025-05-19T13:48:30","modified_gmt":"2025-05-19T13:48:30","slug":"maquette-5","status":"publish","type":"product","link":"https:\/\/neuvee.com\/pl\/product\/maquette-5\/","title":{"rendered":"MAQUETTE"},"content":{"rendered":"<p>MAQUETTE to prezentowana z&nbsp;perspektywy pierwszej osoby gra logiczna otwieraj\u0105ca przed Tob\u0105 \u015bwiat, w kt\u00f3rym ka\u017cdy budynek, ro\u015blina i&nbsp;przedmiot s\u0105 jednocze\u015bnie malutkie i&nbsp;osza\u0142amiaj\u0105co wielkie. Jest to mo\u017cliwe dzi\u0119ki rekurencyjnemu przekszta\u0142caniu uniwersum w stylu grafik M.C. Eschera.<\/p>\n<p>Przejd\u017a do \u015brodka \u015bwiata, a&nbsp;poczujesz si\u0119 niczym gigant. Im bardziej jednak&nbsp;oddalisz si\u0119 od centrum, tym wi\u0119ksze stawa\u0107 b\u0119dzie si\u0119 Twoje otoczenie i&nbsp;nawet niewielkie rysy przerodz\u0105 si\u0119 w gigantyczne rozpadliny.<\/p>\n<p>MAQUETTE to wsp\u00f3\u0142czesna historia mi\u0142osna, w kt\u00f3rej stykasz si\u0119 z&nbsp;najr\u00f3\u017cniejszymi wyzwaniami codziennego \u017cycia. To historia, w kt\u00f3rej nawet najmniejsze problemy mog\u0105 urosn\u0105\u0107 do rangi ogromnych przeszk\u00f3d.<\/p>\n<p><\/p>","protected":false},"excerpt":{"rendered":"<p>MAQUETTE to prezentowana z&nbsp;perspektywy pierwszej osoby gra logiczna otwieraj\u0105ca przed Tob\u0105 \u015bwiat, w kt\u00f3rym ka\u017cdy budynek, ro\u015blina i&nbsp;przedmiot s\u0105 jednocze\u015bnie malutkie i&nbsp;osza\u0142amiaj\u0105co wielkie. Jest to mo\u017cliwe dzi\u0119ki rekurencyjnemu przekszta\u0142caniu uniwersum w stylu grafik M.C. Eschera. Przejd\u017a do \u015brodka \u015bwiata, a&nbsp;poczujesz si\u0119 niczym gigant. Im bardziej jednak&nbsp;oddalisz si\u0119 od centrum, tym wi\u0119ksze stawa\u0107 b\u0119dzie si\u0119 Twoje [&hellip;]<\/p>\n","protected":false},"featured_media":654335,"comment_status":"closed","ping_status":"closed","template":"","meta":{"ub_ctt_via":""},"product_cat":[127,221],"product_tag":[218],"class_list":["post-652654","product","type-product","status-publish","has-post-thumbnail","hentry","product_cat-adventure","product_cat-indie","product_tag-games","platform-steam-works"],"_links":{"self":[{"href":"https:\/\/neuvee.com\/pl\/wp-json\/wp\/v2\/product\/652654","targetHints":{"allow":["GET"]}}],"collection":[{"href":"https:\/\/neuvee.com\/pl\/wp-json\/wp\/v2\/product"}],"about":[{"href":"https:\/\/neuvee.com\/pl\/wp-json\/wp\/v2\/types\/product"}],"replies":[{"embeddable":true,"href":"https:\/\/neuvee.com\/pl\/wp-json\/wp\/v2\/comments?post=652654"}],"wp:featuredmedia":[{"embeddable":true,"href":"https:\/\/neuvee.com\/pl\/wp-json\/wp\/v2\/media\/654335"}],"wp:attachment":[{"href":"https:\/\/neuvee.com\/pl\/wp-json\/wp\/v2\/media?parent=652654"}],"wp:term":[{"taxonomy":"product_cat","embeddable":true,"href":"https:\/\/neuvee.com\/pl\/wp-json\/wp\/v2\/product_cat?post=652654"},{"taxonomy":"product_tag","embeddable":true,"href":"https:\/\/neuvee.com\/pl\/wp-json\/wp\/v2\/product_tag?post=652654"}],"curies":[{"name":"wp","href":"https:\/\/api.w.org\/{rel}","templated":true}]}}