{"id":652489,"date":"2023-05-29T19:49:50","date_gmt":"2023-05-29T19:49:50","guid":{"rendered":"https:\/\/neuvee.com\/?post_type=product&#038;p=652489"},"modified":"2025-05-19T14:09:05","modified_gmt":"2025-05-19T14:09:05","slug":"last-stop-7","status":"publish","type":"product","link":"https:\/\/neuvee.com\/pl\/product\/last-stop-7\/","title":{"rendered":"LAST STOP"},"content":{"rendered":"<p>Gra video o&nbsp;\u017cyciowych sekretach, o&nbsp;\u0142\u0105cz\u0105cych nas wi\u0119zach, a&nbsp;tak\u017ce o&nbsp;magii skrywanej przez to, co przyziemne.<\/p>\n<p>Last Stop to przeznaczona dla pojedynczego gracza i&nbsp;ukazana z&nbsp;perspektywy trzeciej osoby przygoda osadzona we wsp\u00f3\u0142czesnym Londynie.<\/p>\n<p>Najnowsze dzie\u0142o zespo\u0142u Variable State \u2013 tw\u00f3rc\u00f3w obsypanej nagrodami gry Virginia \u2013 Last Stop opowiada trzy po\u0142\u0105czone ze sob\u0105 historie i&nbsp;przedstawia tr\u00f3jk\u0119 grywalnych bohater\u00f3w.<\/p>\n<p>&#8211; Donna to nie do ko\u0144ca ogarni\u0119ta licealistka pragn\u0105ca odrobiny wytchnienia od dusz\u0105cego \u017cycia rodzinnego i&nbsp;nadopieku\u0144czej starszej siostry. Donna \u2013 kt\u00f3rej towarzysz\u0105 przyjaciele Becky i&nbsp;Vivek \u2013 marzy o&nbsp;wielkiej przygodzie, lecz&nbsp;sprawy nieco przerastaj\u0105 j\u0105, gdy w toku nieudanego amatorskiego \u015bledztwa ca\u0142a tr\u00f3jka staje si\u0119 nieoczekiwanymi porywaczami.<\/p>\n<p>&#8211; John to wychowuj\u0105cy w pojedynk\u0119 dziecko, przepracowany m\u0119\u017cczyzna w \u015brednim wieku. Przyt\u0142oczony d\u0142ugami i&nbsp;wyzwaniami, kt\u00f3rym musi stawi\u0107 czo\u0142a samotny rodzic, John cz\u0119sto zazdro\u015bci swemu dwudziestoparoletniemu s\u0105siadowi, Jackowi, beztroskiego \u017cycia kawalera. Obaj m\u0119\u017cczy\u017ani pewnego dnia nie\u015bwiadomie wchodz\u0105 w drog\u0119 m\u015bciwemu nieznajomemu i&nbsp;teraz przekl\u0119ty artefakt mo\u017ce bezpowrotnie odmieni\u0107 ich \u015bwiat.<\/p>\n<p>&#8211; Meena to bezwgl\u0119dna profesjonalistka, kt\u00f3ra bez wi\u0119kszego powodzenia usi\u0142uje czerpa\u0107 z&nbsp;\u017cycia rodzinnego satysfakcj\u0119 r\u00f3wnie wielk\u0105, co ze swej pracy. Podczas, gdy Meena skupia si\u0119 na uzyskaniu wa\u017cnego awansu, w podziemiach jej biura budzi si\u0119 co\u015b pradawnego.<\/p>\n<p>Wydarzenia gry Last Stop ilustruje oryginalna \u015bcie\u017cka d\u017awi\u0119kowa w wykonaniu Prague Philharmonic Orchestra. Muzyk\u0119 skomponowa\u0142 uhonorowany nagrod\u0105 BAFTA Lyndon Holland.<\/p>\n<p>Wciel si\u0119 w 3 wyj\u0105tkowe postaci. Dokonuj wybor\u00f3w, kt\u00f3re wp\u0142yn\u0105 na toczone przez nie rozmowy. Poznaj swoich bohater\u00f3w i&nbsp;dowiedz si\u0119, dok\u0105d prowadz\u0105 ich historie.<\/p>\n<p><\/p>","protected":false},"excerpt":{"rendered":"<p>Gra video o&nbsp;\u017cyciowych sekretach, o&nbsp;\u0142\u0105cz\u0105cych nas wi\u0119zach, a&nbsp;tak\u017ce o&nbsp;magii skrywanej przez to, co przyziemne. Last Stop to przeznaczona dla pojedynczego gracza i&nbsp;ukazana z&nbsp;perspektywy trzeciej osoby przygoda osadzona we wsp\u00f3\u0142czesnym Londynie. Najnowsze dzie\u0142o zespo\u0142u Variable State \u2013 tw\u00f3rc\u00f3w obsypanej nagrodami gry Virginia \u2013 Last Stop opowiada trzy po\u0142\u0105czone ze sob\u0105 historie i&nbsp;przedstawia tr\u00f3jk\u0119 grywalnych bohater\u00f3w. &#8211; [&hellip;]<\/p>\n","protected":false},"featured_media":654179,"comment_status":"closed","ping_status":"closed","template":"","meta":{"ub_ctt_via":""},"product_cat":[127,221],"product_tag":[218],"class_list":["post-652489","product","type-product","status-publish","has-post-thumbnail","hentry","product_cat-adventure","product_cat-indie","product_tag-games","platform-steam-works"],"_links":{"self":[{"href":"https:\/\/neuvee.com\/pl\/wp-json\/wp\/v2\/product\/652489","targetHints":{"allow":["GET"]}}],"collection":[{"href":"https:\/\/neuvee.com\/pl\/wp-json\/wp\/v2\/product"}],"about":[{"href":"https:\/\/neuvee.com\/pl\/wp-json\/wp\/v2\/types\/product"}],"replies":[{"embeddable":true,"href":"https:\/\/neuvee.com\/pl\/wp-json\/wp\/v2\/comments?post=652489"}],"wp:featuredmedia":[{"embeddable":true,"href":"https:\/\/neuvee.com\/pl\/wp-json\/wp\/v2\/media\/654179"}],"wp:attachment":[{"href":"https:\/\/neuvee.com\/pl\/wp-json\/wp\/v2\/media?parent=652489"}],"wp:term":[{"taxonomy":"product_cat","embeddable":true,"href":"https:\/\/neuvee.com\/pl\/wp-json\/wp\/v2\/product_cat?post=652489"},{"taxonomy":"product_tag","embeddable":true,"href":"https:\/\/neuvee.com\/pl\/wp-json\/wp\/v2\/product_tag?post=652489"}],"curies":[{"name":"wp","href":"https:\/\/api.w.org\/{rel}","templated":true}]}}