{"id":652438,"date":"2023-05-29T19:36:45","date_gmt":"2023-05-29T19:36:45","guid":{"rendered":"https:\/\/neuvee.com\/?post_type=product&#038;p=652438"},"modified":"2025-05-19T13:37:53","modified_gmt":"2025-05-19T13:37:53","slug":"lake-2","status":"publish","type":"product","link":"https:\/\/neuvee.com\/pl\/product\/lake-2\/","title":{"rendered":"LAKE"},"content":{"rendered":"<p>1 wrze\u015bnia 1986 roku. Wcielasz si\u0119 w czterdziestoparoletni\u0105 Meredith Weiss, kt\u00f3ra powraca z&nbsp;wielkiego miasta do swojego cichego rodzinnego miasteczka. Zamieni\u0142a karier\u0119 w firmie programistycznej na zaw\u00f3d listonoszki, aby zast\u0105pi\u0107 ojca.<\/p>\n<p>W trakcie swojego dwutygodniowego pobytu w pi\u0119knym Providence Oaks w Oregonie zobaczy kilka znajomych twarzy, a&nbsp;tak\u017ce pozna ca\u0142kiem nowych ludzi. Jako Meredith zdecydujesz, z&nbsp;kim porozmawiasz, a&nbsp;kto zostanie twoim przyjacielem, a&nbsp;mo\u017ce nawet partnerem.<\/p>\n<p>Niezale\u017cnie od tego, co si\u0119 stanie, na zako\u0144czenie pracy przyjdzie jej podj\u0105\u0107 decyzj\u0119: powr\u00f3ci\u0107 do swojej wymagaj\u0105cej pracy w mie\u015bcie, czy pozosta\u0107 w miasteczku, w kt\u00f3rym dorasta\u0142a? <\/p>\n<p>Zagraj w Lake i\u2026<br \/>\n&#8211; Zaszyj si\u0119 w pi\u0119knym, wiejskim otoczeniu, w kt\u00f3rym nie ma telefon\u00f3w kom\u00f3rkowych ani&nbsp;internetu.<br \/>\n&#8211; Je\u017adzij pocztow\u0105 furgonetk\u0105 taty dooko\u0142a jeziora lub&nbsp;pozw\u00f3l, aby autopilot za\u0142atwi\u0142 to za ciebie.<br \/>\n&#8211; Rozmawiaj w wieloma interesuj\u0105cymi bohaterami. Ka\u017cdy z&nbsp;nich ma swoj\u0105 w\u0142asn\u0105 osobowo\u015b\u0107 i&nbsp;dziwactwa.<br \/>\n&#8211; Wybieraj spo\u015br\u00f3d rozmaitych zaj\u0119\u0107 po pracy: wychod\u017a ze znajomymi, pomagaj s\u0105siadom lub&nbsp;zosta\u0144 w domu, by poczyta\u0107.<br \/>\n&#8211; Prze\u017cyj trwaj\u0105c\u0105 w grze dwa tygodnie, pe\u0142n\u0105 rozga\u0142\u0119zie\u0144 histori\u0119, kt\u00f3rej nieobce s\u0105 \u017cyciowe tematy.<br \/>\n&#8211; Napisz swoj\u0105 opowie\u015b\u0107. Nie ma tu \u017cadnych \u201ez\u0142ych\u201d ani&nbsp;\u201edobrych\u201d odpowiedzi, czy zako\u0144cze\u0144. Stanie si\u0119 tylko to, czego sobie za\u017cyczysz.<\/p>\n<p><\/p>","protected":false},"excerpt":{"rendered":"<p>1 wrze\u015bnia 1986 roku. Wcielasz si\u0119 w czterdziestoparoletni\u0105 Meredith Weiss, kt\u00f3ra powraca z&nbsp;wielkiego miasta do swojego cichego rodzinnego miasteczka. Zamieni\u0142a karier\u0119 w firmie programistycznej na zaw\u00f3d listonoszki, aby zast\u0105pi\u0107 ojca. W trakcie swojego dwutygodniowego pobytu w pi\u0119knym Providence Oaks w Oregonie zobaczy kilka znajomych twarzy, a&nbsp;tak\u017ce pozna ca\u0142kiem nowych ludzi. Jako Meredith zdecydujesz, z&nbsp;kim porozmawiasz, [&hellip;]<\/p>\n","protected":false},"featured_media":652478,"comment_status":"closed","ping_status":"closed","template":"","meta":{"ub_ctt_via":""},"product_cat":[243,127],"product_tag":[218],"class_list":["post-652438","product","type-product","status-publish","has-post-thumbnail","hentry","product_cat-narrative","product_cat-adventure","product_tag-games","platform-steam-works"],"_links":{"self":[{"href":"https:\/\/neuvee.com\/pl\/wp-json\/wp\/v2\/product\/652438","targetHints":{"allow":["GET"]}}],"collection":[{"href":"https:\/\/neuvee.com\/pl\/wp-json\/wp\/v2\/product"}],"about":[{"href":"https:\/\/neuvee.com\/pl\/wp-json\/wp\/v2\/types\/product"}],"replies":[{"embeddable":true,"href":"https:\/\/neuvee.com\/pl\/wp-json\/wp\/v2\/comments?post=652438"}],"wp:featuredmedia":[{"embeddable":true,"href":"https:\/\/neuvee.com\/pl\/wp-json\/wp\/v2\/media\/652478"}],"wp:attachment":[{"href":"https:\/\/neuvee.com\/pl\/wp-json\/wp\/v2\/media?parent=652438"}],"wp:term":[{"taxonomy":"product_cat","embeddable":true,"href":"https:\/\/neuvee.com\/pl\/wp-json\/wp\/v2\/product_cat?post=652438"},{"taxonomy":"product_tag","embeddable":true,"href":"https:\/\/neuvee.com\/pl\/wp-json\/wp\/v2\/product_tag?post=652438"}],"curies":[{"name":"wp","href":"https:\/\/api.w.org\/{rel}","templated":true}]}}