{"id":652422,"date":"2023-05-29T19:23:26","date_gmt":"2023-05-29T19:23:26","guid":{"rendered":"https:\/\/neuvee.com\/?post_type=product&#038;p=652422"},"modified":"2025-05-19T14:01:01","modified_gmt":"2025-05-19T14:01:01","slug":"kingdom-two-crowns-norse-lands-3","status":"publish","type":"product","link":"https:\/\/neuvee.com\/pl\/product\/kingdom-two-crowns-norse-lands-3\/","title":{"rendered":"KINGDOM TWO CROWNS: NORSE LANDS"},"content":{"rendered":"<p>Dodatek Norse Lands jest osadzony w krainie inspirowanej kultur\u0105 wiking\u00f3w z&nbsp;ko\u0144ca pierwszego tysi\u0105clecia naszej ery. Gra Kingdom Two Crowns wzbogaca si\u0119 o&nbsp;now\u0105 pe\u0142noprawn\u0105 kampani\u0119 z&nbsp;wyj\u0105tkowymi ziemiami do zbadania, umocnienia, obrony i&nbsp;podboju. W Norse Lands mo\u017cna wykorzystywa\u0107 pot\u0119\u017cne zdolno\u015bci wzorowane na podaniach o&nbsp;nordyckich b\u00f3stwach, dowodzi\u0107 pot\u0119\u017cnymi jednostkami, tworzy\u0107 uzbrojenie inspirowane wikingami, rozwi\u0105zywa\u0107 wymagaj\u0105ce \u0142amig\u0142\u00f3wki i&nbsp;stawi\u0107 czo\u0142o nowej Chciwo\u015bci.<\/p>\n<p>Dodatek Norse Lands znacznie wzbogaca wielokrotnie nagradzan\u0105 gr\u0119 Kingdom Two Crowns. Gracze dostaj\u0105 sz\u00f3st\u0105 krain\u0119 do zbadania, zwierz\u0119ta do oswojenia, a&nbsp;tak\u017ce wiele du\u017cych i&nbsp;ma\u0142ych zmian w mechanice rozgrywki. Poni\u017cej pokr\u00f3tce opisujemy najwa\u017cniejsze nowo\u015bci:<\/p>\n<p>Nordyccy w\u0142adcy: dosiadaj ros\u0142ych p\u00f3\u0142nocnych rumak\u00f3w i&nbsp;w\u0142adaj pot\u0119g\u0105 nordyckich b\u00f3stw. Wzorowani na wikingach w\u0142adcy daj\u0105 graczom zupe\u0142nie nowe sposoby badania, budowania, podbijania i&nbsp;obrony krainy \u015bniegu i&nbsp;lodu.<br \/>\nNowe zaj\u0119cia dla mieszka\u0144c\u00f3w: mieszka\u0144cy p\u00f3\u0142nocnych krain b\u0119d\u0105 ze wszystkich si\u0142 broni\u0107 swojego kr\u00f3lestwa i&nbsp;walczy\u0107 z&nbsp;Chciwo\u015bci\u0105 z&nbsp;tarcz\u0105 w r\u0119ce. Najlepszym chyba przyk\u0142adem b\u0119dzie tu berserk \u2013 niesamowicie pot\u0119\u017cny wojownik.<br \/>\nWszyscy broni\u0105 osady: zgodnie z&nbsp;wojownicz\u0105 kultur\u0105 nordyk\u00f3w mieszka\u0144cy p\u00f3\u0142nocnych krain zawsze s\u0105 gotowi broni\u0107 kr\u00f3lestwa przed zagro\u017ceniem. Czy chodzi o&nbsp;ch\u0142opa, stra\u017cnika, rolnika, \u0142ucznika czy budowniczego, ka\u017cdy stanie do walki z&nbsp;wrogiem i&nbsp;albo go pokona, albo&nbsp;uda si\u0119 do Walhalli!<br \/>\nSurowa p\u00f3\u0142noc: dzi\u0119ki nowym efektom pogodowym gracze poznaj\u0105 zar\u00f3wno pi\u0119kn\u0105, jak i&nbsp;bezlitosn\u0105 stron\u0119 tych krain. Kiedy nastanie mro\u017ana zima, m\u0105dry w\u0142adca odpowiednio dostosuje swoj\u0105 strategi\u0119 przetrwania.<br \/>\nChciwo\u015b\u0107: zupe\u0142nie nowy rodzaj Chciwo\u015bci do odparcia&#8230;<\/p>\n<p>Dodatek Norse Lands wprowadza r\u00f3wnie\u017c wiele innych zmian i&nbsp;ulepsze\u0144, od \u0142amig\u0142\u00f3wek po nowy wygl\u0105d las\u00f3w. Przy tylu nowo\u015bciach i&nbsp;wyj\u0105tkowych wyzwaniach najnowszy dodatek z&nbsp;pewno\u015bci\u0105 spodoba si\u0119 nie tylko weteranom gier Kingdom, ale i&nbsp;nowicjuszom. Witamy w przepi\u0119knym \u015bwiecie Kingdom Two Crowns: Norse Lands!<\/p>\n<p><\/p>","protected":false},"excerpt":{"rendered":"<p>Dodatek Norse Lands jest osadzony w krainie inspirowanej kultur\u0105 wiking\u00f3w z&nbsp;ko\u0144ca pierwszego tysi\u0105clecia naszej ery. Gra Kingdom Two Crowns wzbogaca si\u0119 o&nbsp;now\u0105 pe\u0142noprawn\u0105 kampani\u0119 z&nbsp;wyj\u0105tkowymi ziemiami do zbadania, umocnienia, obrony i&nbsp;podboju. W Norse Lands mo\u017cna wykorzystywa\u0107 pot\u0119\u017cne zdolno\u015bci wzorowane na podaniach o&nbsp;nordyckich b\u00f3stwach, dowodzi\u0107 pot\u0119\u017cnymi jednostkami, tworzy\u0107 uzbrojenie inspirowane wikingami, rozwi\u0105zywa\u0107 wymagaj\u0105ce \u0142amig\u0142\u00f3wki i&nbsp;stawi\u0107 czo\u0142o [&hellip;]<\/p>\n","protected":false},"featured_media":652860,"comment_status":"closed","ping_status":"closed","template":"","meta":{"ub_ctt_via":""},"product_cat":[127,78,222],"product_tag":[218],"class_list":["post-652422","product","type-product","status-publish","has-post-thumbnail","hentry","product_cat-adventure","product_cat-simulation","product_cat-strategy","product_tag-games","platform-steam-works"],"_links":{"self":[{"href":"https:\/\/neuvee.com\/pl\/wp-json\/wp\/v2\/product\/652422","targetHints":{"allow":["GET"]}}],"collection":[{"href":"https:\/\/neuvee.com\/pl\/wp-json\/wp\/v2\/product"}],"about":[{"href":"https:\/\/neuvee.com\/pl\/wp-json\/wp\/v2\/types\/product"}],"replies":[{"embeddable":true,"href":"https:\/\/neuvee.com\/pl\/wp-json\/wp\/v2\/comments?post=652422"}],"wp:featuredmedia":[{"embeddable":true,"href":"https:\/\/neuvee.com\/pl\/wp-json\/wp\/v2\/media\/652860"}],"wp:attachment":[{"href":"https:\/\/neuvee.com\/pl\/wp-json\/wp\/v2\/media?parent=652422"}],"wp:term":[{"taxonomy":"product_cat","embeddable":true,"href":"https:\/\/neuvee.com\/pl\/wp-json\/wp\/v2\/product_cat?post=652422"},{"taxonomy":"product_tag","embeddable":true,"href":"https:\/\/neuvee.com\/pl\/wp-json\/wp\/v2\/product_tag?post=652422"}],"curies":[{"name":"wp","href":"https:\/\/api.w.org\/{rel}","templated":true}]}}