{"id":652393,"date":"2023-05-29T19:05:59","date_gmt":"2023-05-29T19:05:59","guid":{"rendered":"https:\/\/neuvee.com\/?post_type=product&#038;p=652393"},"modified":"2025-05-19T14:29:26","modified_gmt":"2025-05-19T14:29:26","slug":"kathy-rain","status":"publish","type":"product","link":"https:\/\/neuvee.com\/pl\/product\/kathy-rain\/","title":{"rendered":"KATHY RAIN"},"content":{"rendered":"<p>Osadzona w latach 90. gra Kathy Rain opowiada histori\u0119 upartej studentki dziennikarstwa, kt\u00f3ra musi pogodzi\u0107 si\u0119 ze sw\u0105 trudn\u0105 przesz\u0142o\u015bci\u0105, rozwi\u0105zuj\u0105c zagadk\u0119 tajemniczej \u015bmierci dziadka. Wyposa\u017cona w motocykl, paczk\u0119 papieros\u00f3w i&nbsp;notatnik, Kathy zaczyna bada\u0107 tajemnic\u0119 swego rodzinnego miasteczka. Tajemnica ta zabierze j\u0105 we wstrz\u0105saj\u0105c\u0105 podr\u00f3\u017c pe\u0142n\u0105 emocjonalnych i&nbsp;osobistych zawirowa\u0144.<\/p>\n<p>Gdy bohaterka pod\u0105\u017ca \u015bladami zostawionych przez dziadka wskaz\u00f3wek, zaczynaj\u0105 pojawia\u0107 si\u0119 pytania&#8230; Czego tak naprawd\u0119 szuka\u0142 tamtej nocy Joseph Rain, tak wiele lat temu? Co zmieni\u0142o go w cie\u0144 cz\u0142owieka i&nbsp;przyku\u0142o do w\u00f3zka inwalidzkiego? Co m\u0142oda artystka, pope\u0142niaj\u0105c samob\u00f3jstwo, zabra\u0142a ze sob\u0105 do grobu? Dlaczego tak wiele ludzi w Conwell Springs traci zmys\u0142y? Prawda jest mroczna i&nbsp;przera\u017caj\u0105ca&#8230;<\/p>\n<p>Rozdzielczo\u015b\u0107 320&#215;240 (4:3) z&nbsp;wyra\u017an\u0105 grafik\u0105 w stylu pixel art<br \/>\nPonad 4000 linii dialogowych<br \/>\nPe\u0142ny angielski dubbing wyre\u017cyserowany przez Dave&#8217;a Gilberta z&nbsp;Wadjet Eye Games<br \/>\nOryginalna \u015bcie\u017cka d\u017awi\u0119kowa<br \/>\nPonad 40 r\u0119cznie rysowanych lokacji<br \/>\nWci\u0105gaj\u0105ca fabu\u0142a osadzona w latach 90.<\/p>\n<p><\/p>","protected":false},"excerpt":{"rendered":"<p>Osadzona w latach 90. gra Kathy Rain opowiada histori\u0119 upartej studentki dziennikarstwa, kt\u00f3ra musi pogodzi\u0107 si\u0119 ze sw\u0105 trudn\u0105 przesz\u0142o\u015bci\u0105, rozwi\u0105zuj\u0105c zagadk\u0119 tajemniczej \u015bmierci dziadka. Wyposa\u017cona w motocykl, paczk\u0119 papieros\u00f3w i&nbsp;notatnik, Kathy zaczyna bada\u0107 tajemnic\u0119 swego rodzinnego miasteczka. Tajemnica ta zabierze j\u0105 we wstrz\u0105saj\u0105c\u0105 podr\u00f3\u017c pe\u0142n\u0105 emocjonalnych i&nbsp;osobistych zawirowa\u0144. Gdy bohaterka pod\u0105\u017ca \u015bladami zostawionych przez [&hellip;]<\/p>\n","protected":false},"featured_media":654374,"comment_status":"closed","ping_status":"closed","template":"","meta":{"ub_ctt_via":""},"product_cat":[127],"product_tag":[218],"class_list":["post-652393","product","type-product","status-publish","has-post-thumbnail","hentry","product_cat-adventure","product_tag-games","platform-steam-works"],"_links":{"self":[{"href":"https:\/\/neuvee.com\/pl\/wp-json\/wp\/v2\/product\/652393","targetHints":{"allow":["GET"]}}],"collection":[{"href":"https:\/\/neuvee.com\/pl\/wp-json\/wp\/v2\/product"}],"about":[{"href":"https:\/\/neuvee.com\/pl\/wp-json\/wp\/v2\/types\/product"}],"replies":[{"embeddable":true,"href":"https:\/\/neuvee.com\/pl\/wp-json\/wp\/v2\/comments?post=652393"}],"wp:featuredmedia":[{"embeddable":true,"href":"https:\/\/neuvee.com\/pl\/wp-json\/wp\/v2\/media\/654374"}],"wp:attachment":[{"href":"https:\/\/neuvee.com\/pl\/wp-json\/wp\/v2\/media?parent=652393"}],"wp:term":[{"taxonomy":"product_cat","embeddable":true,"href":"https:\/\/neuvee.com\/pl\/wp-json\/wp\/v2\/product_cat?post=652393"},{"taxonomy":"product_tag","embeddable":true,"href":"https:\/\/neuvee.com\/pl\/wp-json\/wp\/v2\/product_tag?post=652393"}],"curies":[{"name":"wp","href":"https:\/\/api.w.org\/{rel}","templated":true}]}}