{"id":650396,"date":"2023-05-24T20:58:53","date_gmt":"2023-05-24T20:58:53","guid":{"rendered":"https:\/\/neuvee.com\/?post_type=product&#038;p=650396"},"modified":"2025-05-19T14:29:58","modified_gmt":"2025-05-19T14:29:58","slug":"imp-of-the-sun-2","status":"publish","type":"product","link":"https:\/\/neuvee.com\/pl\/product\/imp-of-the-sun-2\/","title":{"rendered":"IMP OF THE SUN"},"content":{"rendered":"<p>Imp of the Sun to nieliniowa gra platformowa akcji 2D, \u0142\u0105cz\u0105ca dynamiczne tempo akcji z&nbsp;eksploracj\u0105 niesamowitego \u015bwiata inspirowanego kultur\u0105 peruwia\u0144sk\u0105, w kt\u00f3rym gracz mo\u017ce odwiedzi\u0107 jasne szczyty And\u00f3w, g\u0119st\u0105 d\u017cungl\u0119 Amazonii oraz&nbsp;wiele innych miejsc.<br \/>\nWcielasz si\u0119 w Nina, skrzata, kt\u00f3ry narodzi\u0142 si\u0119 z&nbsp;ostatniej iskry S\u0142o\u0144ca. Bohater wyrusza na wypraw\u0119 z&nbsp;zamiarem pokonania Czterech Stra\u017cnik\u00f3w i&nbsp;przywr\u00f3cenia mocy \u015bwiat\u0142a, co zako\u0144czy Wieczne Za\u0107mienie, po kt\u00f3rym \u015bwiat pogr\u0105\u017cy\u0142 si\u0119 w ciemno\u015bci.<br \/>\nZako\u0144cz Wieczne Za\u0107mienie<br \/>\nBez wykradzionej przez Czterech Stra\u017cnik\u00f3w wiele stuleci temu i&nbsp;ukrytej w odleg\u0142ych zak\u0105tkach imperium mocy S\u0142o\u0144ca \u017cycie nie mo\u017ce przetrwa\u0107. Swoj\u0105 ostatni\u0105 iskr\u0105 \u017cycia S\u0142o\u0144ce tworzy Nina, wysy\u0142aj\u0105c go na wypraw\u0119, kt\u00f3rej celem jest odzyskanie \u015bwiat\u0142a i&nbsp;przywr\u00f3cenie r\u00f3wnowagi w imperium.<br \/>\nWykorzystaj sw\u00f3j wewn\u0119trzny ogie\u0144<br \/>\nJako istota S\u0142o\u0144ca masz w sobie moc jego p\u0142omieni. Udoskonalaj swoje umiej\u0119tno\u015bci podczas rozgrywki, w kt\u00f3rej liczy si\u0119 p\u0142ynny ruch i&nbsp;walka oparta na kombosach. Odkryj nowe zdolno\u015bci i&nbsp;zyskaj wi\u0119ksz\u0105 si\u0142\u0119 podczas w\u0119dr\u00f3wki przez Imperium S\u0142o\u0144ca, kt\u00f3rej celem jest pokonanie Czterech Stra\u017cnik\u00f3w.<br \/>\nNiesamowity \u015bwiat inspirowany kultur\u0105 Peru<br \/>\nOdkryj wszystkie zak\u0105tki imperium, od jasnych szczyt\u00f3w And\u00f3w i&nbsp;g\u0119st\u0105 d\u017cungl\u0119 Amazonii po gor\u0105ce pustynie i&nbsp;mroczne g\u0142\u0119biny podziemnego \u015bwiata. Ka\u017cdy skrawek ziemi i&nbsp;ka\u017cde stworzenie zosta\u0142y w pi\u0119kny i&nbsp;szczeg\u00f3\u0142owy spos\u00f3b przedstawione i&nbsp;narysowane, stanowi\u0105c ho\u0142d dla cywilizacji, kt\u00f3re zamieszkiwa\u0142y kiedy\u015b na terenach Peru.<br \/>\nEksploruj, zbieraj i&nbsp;zdobywaj wiedz\u0119<br \/>\nPrzodkowie dokumentowali swoj\u0105 rzeczywisto\u015b\u0107 na artefaktach zwanych \u201ekipu\u201d. Zbieraj je, aby pozna\u0107 histori\u0119 Wiecznego Za\u0107mienia, a&nbsp;tak\u017ce odnale\u017a\u0107 ukryte przedmioty nawi\u0105zuj\u0105ce do prawdziwych relikt\u00f3w kultur zamieszkuj\u0105cych w Andach. Przemierzaj Imperium S\u0142o\u0144ca i&nbsp;pokonaj w dowolnie wybranej kolejno\u015bci unikalnych, gro\u017anych boss\u00f3w, z&nbsp;kt\u00f3rych ka\u017cdy ma w\u0142asn\u0105 osobowo\u015b\u0107 i&nbsp;skomplikowan\u0105 mechanik\u0119.<br \/>\nCharakterystyka:<br \/>\n\u2022 Rozgrywka, w kt\u00f3rej liczy si\u0119 p\u0142ynno\u015b\u0107 ruch\u00f3w i&nbsp;walka oparta na kombosach.<br \/>\n\u2022 Unikalna grafika i&nbsp;\u015bcie\u017cka d\u017awi\u0119kowa nawi\u0105zuj\u0105ca do kultury Peru, inspirowana prawdziwymi artefaktami cywilizacji zamieszkuj\u0105cych w rejonie And\u00f3w.<br \/>\n\u2022 Walcz z&nbsp;pi\u0119cioma gro\u017anymi i&nbsp;niepowtarzalnymi bossami, z&nbsp;kt\u00f3rych ka\u017cdy ma w\u0142asn\u0105 osobowo\u015b\u0107 i&nbsp;skomplikowan\u0105 mechanik\u0119.<br \/>\n\u2022 Wzmacniaj si\u0142y i&nbsp;naucz si\u0119, jak skuteczniej zapanowa\u0107 nad bohaterem i&nbsp;jego mocami, a&nbsp;tak\u017ce porusza\u0107 si\u0119 po \u015bwiecie.<br \/>\n\u2022 Imp of the Sun to gra, w kt\u00f3r\u0105 mo\u017cna gra\u0107 wielokrotnie, szukaj\u0105c kolejnych skr\u00f3t\u00f3w u\u0142atwiaj\u0105cych bohaterowi w\u0119dr\u00f3wk\u0119.<br \/>\n\u2022 Tryb Eclipse Mode (Za\u0107mienie) zapewnia autentyczne wra\u017cenia w mrocznym kr\u00f3lestwie, w kt\u00f3rym wszystkie obszary s\u0105 pogr\u0105\u017cone w ca\u0142kowitym mroku a\u017c do momentu odkrycia ich przez bohatera.<br \/>\nDo\u0142\u0105cz do nas na Discord: https:\/\/discord.com\/invite\/3B2bySP38w<\/p>\n<p><\/p>","protected":false},"excerpt":{"rendered":"<p>Imp of the Sun to nieliniowa gra platformowa akcji 2D, \u0142\u0105cz\u0105ca dynamiczne tempo akcji z&nbsp;eksploracj\u0105 niesamowitego \u015bwiata inspirowanego kultur\u0105 peruwia\u0144sk\u0105, w kt\u00f3rym gracz mo\u017ce odwiedzi\u0107 jasne szczyty And\u00f3w, g\u0119st\u0105 d\u017cungl\u0119 Amazonii oraz&nbsp;wiele innych miejsc. Wcielasz si\u0119 w Nina, skrzata, kt\u00f3ry narodzi\u0142 si\u0119 z&nbsp;ostatniej iskry S\u0142o\u0144ca. Bohater wyrusza na wypraw\u0119 z&nbsp;zamiarem pokonania Czterech Stra\u017cnik\u00f3w i&nbsp;przywr\u00f3cenia mocy [&hellip;]<\/p>\n","protected":false},"featured_media":650741,"comment_status":"closed","ping_status":"closed","template":"","meta":{"ub_ctt_via":""},"product_cat":[235,236,88,127,221],"product_tag":[218],"class_list":["post-650396","product","type-product","status-publish","has-post-thumbnail","hentry","product_cat-2d","product_cat-platform","product_cat-action","product_cat-adventure","product_cat-indie","product_tag-games","platform-steam-works"],"_links":{"self":[{"href":"https:\/\/neuvee.com\/pl\/wp-json\/wp\/v2\/product\/650396","targetHints":{"allow":["GET"]}}],"collection":[{"href":"https:\/\/neuvee.com\/pl\/wp-json\/wp\/v2\/product"}],"about":[{"href":"https:\/\/neuvee.com\/pl\/wp-json\/wp\/v2\/types\/product"}],"replies":[{"embeddable":true,"href":"https:\/\/neuvee.com\/pl\/wp-json\/wp\/v2\/comments?post=650396"}],"wp:featuredmedia":[{"embeddable":true,"href":"https:\/\/neuvee.com\/pl\/wp-json\/wp\/v2\/media\/650741"}],"wp:attachment":[{"href":"https:\/\/neuvee.com\/pl\/wp-json\/wp\/v2\/media?parent=650396"}],"wp:term":[{"taxonomy":"product_cat","embeddable":true,"href":"https:\/\/neuvee.com\/pl\/wp-json\/wp\/v2\/product_cat?post=650396"},{"taxonomy":"product_tag","embeddable":true,"href":"https:\/\/neuvee.com\/pl\/wp-json\/wp\/v2\/product_tag?post=650396"}],"curies":[{"name":"wp","href":"https:\/\/api.w.org\/{rel}","templated":true}]}}