{"id":650393,"date":"2023-05-24T20:58:14","date_gmt":"2023-05-24T20:58:14","guid":{"rendered":"https:\/\/neuvee.com\/?post_type=product&#038;p=650393"},"modified":"2025-05-19T13:39:24","modified_gmt":"2025-05-19T13:39:24","slug":"if-found-5","status":"publish","type":"product","link":"https:\/\/neuvee.com\/pl\/product\/if-found-5\/","title":{"rendered":"IF FOUND&#8230;"},"content":{"rendered":"<p>If Found&#8230; to opracowana przez studio DREAMFEEL gra video o&nbsp;potrzebie blisko\u015bci.<\/p>\n<p>Jest 31 grudnia 1993 r. G\u0142\u0119boko w ruinach starej posiad\u0142o\u015bci na wyspie Achill Kasio niszczy sw\u00f3j dziennik.<\/p>\n<p>Dziennik ten opowiada histori\u0119 jej powrotu do domu z&nbsp;zachodniej cz\u0119\u015bci Irlandii \u2013 o&nbsp;jej konflikcie z&nbsp;rodzin\u0105, o&nbsp;poznanych przyjacio\u0142ach, a&nbsp;tak\u017ce o&nbsp;wyzwaniach, kt\u00f3re Kasio spotyka na swojej drodze.<\/p>\n<p>Wszystkie wydarzenia prowadz\u0105 do tej kluczowej nocy \u2013 nocy, gdy czarna dziura poch\u0142on\u0119\u0142a ca\u0142y \u015bwiat. Sk\u0105d si\u0119 wzi\u0119\u0142a? Czy istnieje jaki\u015b spos\u00f3b na powstrzymanie katastrofy?<\/p>\n<p>Zaskakuj\u0105ce \u015bwie\u017co\u015bci\u0105 mechanizmy rozgrywki, r\u0119cznie malowana grafika oraz&nbsp;poruszaj\u0105ca \u015bcie\u017cka d\u017awi\u0119kowa daj\u0105 graczom mo\u017cliwo\u015b\u0107 zatracenia si\u0119 w przygodach Kasio i&nbsp;prze\u017cycia na w\u0142asnej sk\u00f3rze tak mi\u0142ych, jak i&nbsp;smutnych chwil sk\u0142adaj\u0105cych si\u0119 na grudzie\u0144 1993 r.<\/p>\n<p>Kluczowe funkcje rozgrywki: niezr\u0119czne eksplozje uczu\u0107, planeta Jowisz, mn\u00f3stwo poca\u0142unk\u00f3w, punkowy koncet, zagubienie, rado\u015b\u0107, uroczy pies i&nbsp;jedno w\u0142amanie.<\/p>\n<p><\/p>","protected":false},"excerpt":{"rendered":"<p>If Found&#8230; to opracowana przez studio DREAMFEEL gra video o&nbsp;potrzebie blisko\u015bci. Jest 31 grudnia 1993 r. G\u0142\u0119boko w ruinach starej posiad\u0142o\u015bci na wyspie Achill Kasio niszczy sw\u00f3j dziennik. Dziennik ten opowiada histori\u0119 jej powrotu do domu z&nbsp;zachodniej cz\u0119\u015bci Irlandii \u2013 o&nbsp;jej konflikcie z&nbsp;rodzin\u0105, o&nbsp;poznanych przyjacio\u0142ach, a&nbsp;tak\u017ce o&nbsp;wyzwaniach, kt\u00f3re Kasio spotyka na swojej drodze. Wszystkie wydarzenia [&hellip;]<\/p>\n","protected":false},"featured_media":651752,"comment_status":"closed","ping_status":"closed","template":"","meta":{"ub_ctt_via":""},"product_cat":[223,221],"product_tag":[218],"class_list":["post-650393","product","type-product","status-publish","has-post-thumbnail","hentry","product_cat-casual","product_cat-indie","product_tag-games","platform-steam-works"],"_links":{"self":[{"href":"https:\/\/neuvee.com\/pl\/wp-json\/wp\/v2\/product\/650393","targetHints":{"allow":["GET"]}}],"collection":[{"href":"https:\/\/neuvee.com\/pl\/wp-json\/wp\/v2\/product"}],"about":[{"href":"https:\/\/neuvee.com\/pl\/wp-json\/wp\/v2\/types\/product"}],"replies":[{"embeddable":true,"href":"https:\/\/neuvee.com\/pl\/wp-json\/wp\/v2\/comments?post=650393"}],"wp:featuredmedia":[{"embeddable":true,"href":"https:\/\/neuvee.com\/pl\/wp-json\/wp\/v2\/media\/651752"}],"wp:attachment":[{"href":"https:\/\/neuvee.com\/pl\/wp-json\/wp\/v2\/media?parent=650393"}],"wp:term":[{"taxonomy":"product_cat","embeddable":true,"href":"https:\/\/neuvee.com\/pl\/wp-json\/wp\/v2\/product_cat?post=650393"},{"taxonomy":"product_tag","embeddable":true,"href":"https:\/\/neuvee.com\/pl\/wp-json\/wp\/v2\/product_tag?post=650393"}],"curies":[{"name":"wp","href":"https:\/\/api.w.org\/{rel}","templated":true}]}}