{"id":650265,"date":"2023-05-24T20:50:51","date_gmt":"2023-05-24T20:50:51","guid":{"rendered":"https:\/\/neuvee.com\/?post_type=product&#038;p=650265"},"modified":"2025-05-19T13:53:24","modified_gmt":"2025-05-19T13:53:24","slug":"i-am-dead-5","status":"publish","type":"product","link":"https:\/\/neuvee.com\/pl\/product\/i-am-dead-5\/","title":{"rendered":"I AM DEAD"},"content":{"rendered":"<p>I Am Dead to czaruj\u0105ca gra logiczno-przygodowa o&nbsp;\u017cyciu po \u015bmierci, stworzona przez autor\u00f3w Hohokum oraz&nbsp;Wilmot\u2019s Warehouse.<\/p>\n<p>Morris Lupton to niedawno zmar\u0142y kustosz muzeum na malutkiej wyspie Shelmerston, kt\u00f3ry po odnalezieniu po latach roz\u0142\u0105ki ducha swojego psiaka Sparky\u2019ego staje w obliczu katastrofy zagra\u017caj\u0105cej jego ukochanej wysepce.<\/p>\n<p>Kustosz i&nbsp;jego pies musz\u0105 wsp\u00f3lnie odkry\u0107 pradawne tajemnice Shelmerston, zapobiec wybuchowi wulkanu i&nbsp;ocali\u0107 miejsce, kt\u00f3re nazywaj\u0105 domem.<\/p>\n<p>Morris i&nbsp;Sparky musz\u0105 upora\u0107 si\u0119 z&nbsp;rozproszonymi po wyspie duchami dawnych mieszka\u0144c\u00f3w Shelmerston. Czekaj\u0105 ich wizyty w miejscach zwi\u0105zanych ze zjawami, przeczesywanie wspomnie\u0144 tych, kt\u00f3rzy najlepiej znali zmar\u0142ych, a&nbsp;tak\u017ce bliskie spotkania z&nbsp;historiami z&nbsp;przesz\u0142o\u015bci.<\/p>\n<p>Staj\u0105c w obliczu kolejnych wyzwa\u0144, Morris wykorzystuje swoj\u0105 nowo odkryt\u0105 moc, kt\u00f3ra pozwala mu prze\u015bwietla\u0107 przedmioty i&nbsp;osoby oraz&nbsp;odkrywa\u0107 ich zawarto\u015b\u0107 i&nbsp;wspomnienia. To taki nadprzyrodzony rentgen!<\/p>\n<p>Na swojej drodze napotkasz wiele opowie\u015bci zwi\u0105zanych z&nbsp;folklorem i&nbsp;histori\u0105 Shelmerston, a&nbsp;tak\u017ce z&nbsp;mieszka\u0144cami wyspy i&nbsp;odwiedzaj\u0105cymi j\u0105 go\u015b\u0107mi: w\u0119drownymi zi\u0119bami, rybolud\u017ami, morlokami, a&nbsp;nawet legendarn\u0105 Aggi, kt\u00f3rej uda\u0142o si\u0119 niegdy\u015b uciszy\u0107 wulkan&#8230;<\/p>\n<p><\/p>","protected":false},"excerpt":{"rendered":"<p>I Am Dead to czaruj\u0105ca gra logiczno-przygodowa o&nbsp;\u017cyciu po \u015bmierci, stworzona przez autor\u00f3w Hohokum oraz&nbsp;Wilmot\u2019s Warehouse. Morris Lupton to niedawno zmar\u0142y kustosz muzeum na malutkiej wyspie Shelmerston, kt\u00f3ry po odnalezieniu po latach roz\u0142\u0105ki ducha swojego psiaka Sparky\u2019ego staje w obliczu katastrofy zagra\u017caj\u0105cej jego ukochanej wysepce. Kustosz i&nbsp;jego pies musz\u0105 wsp\u00f3lnie odkry\u0107 pradawne tajemnice Shelmerston, zapobiec [&hellip;]<\/p>\n","protected":false},"featured_media":650727,"comment_status":"closed","ping_status":"closed","template":"","meta":{"ub_ctt_via":""},"product_cat":[127,221],"product_tag":[218],"class_list":["post-650265","product","type-product","status-publish","has-post-thumbnail","hentry","product_cat-adventure","product_cat-indie","product_tag-games","platform-steam-works"],"_links":{"self":[{"href":"https:\/\/neuvee.com\/pl\/wp-json\/wp\/v2\/product\/650265","targetHints":{"allow":["GET"]}}],"collection":[{"href":"https:\/\/neuvee.com\/pl\/wp-json\/wp\/v2\/product"}],"about":[{"href":"https:\/\/neuvee.com\/pl\/wp-json\/wp\/v2\/types\/product"}],"replies":[{"embeddable":true,"href":"https:\/\/neuvee.com\/pl\/wp-json\/wp\/v2\/comments?post=650265"}],"wp:featuredmedia":[{"embeddable":true,"href":"https:\/\/neuvee.com\/pl\/wp-json\/wp\/v2\/media\/650727"}],"wp:attachment":[{"href":"https:\/\/neuvee.com\/pl\/wp-json\/wp\/v2\/media?parent=650265"}],"wp:term":[{"taxonomy":"product_cat","embeddable":true,"href":"https:\/\/neuvee.com\/pl\/wp-json\/wp\/v2\/product_cat?post=650265"},{"taxonomy":"product_tag","embeddable":true,"href":"https:\/\/neuvee.com\/pl\/wp-json\/wp\/v2\/product_tag?post=650265"}],"curies":[{"name":"wp","href":"https:\/\/api.w.org\/{rel}","templated":true}]}}