{"id":650256,"date":"2023-05-24T20:48:07","date_gmt":"2023-05-24T20:48:07","guid":{"rendered":"https:\/\/neuvee.com\/?post_type=product&#038;p=650256"},"modified":"2025-05-19T13:47:28","modified_gmt":"2025-05-19T13:47:28","slug":"hunt-the-night-3","status":"publish","type":"product","link":"https:\/\/neuvee.com\/pl\/product\/hunt-the-night-3\/","title":{"rendered":"HUNT THE NIGHT"},"content":{"rendered":"<p>Zanurz si\u0119 w utrzymanej w stylu retro przygodowej grze akcji, kt\u00f3ra \u0142\u0105czy szybk\u0105, zr\u0119czno\u015bciow\u0105 rozgrywk\u0119 z&nbsp;mrocznym \u015bwiatem i&nbsp;klimatem fantasy. Wciel si\u0119 w posta\u0107 Vesper, cnotliwej cz\u0142onkini \u201eStalker\u00f3w\u201d i&nbsp;odkryj rozleg\u0142y \u015bwiat Medhram, pe\u0142en ruin oraz&nbsp;grozy.<\/p>\n<p>Hunt the Night to utrzymana w stylu retro przygodowa gra akcji \u0142\u0105cz\u0105ca w sobie szybk\u0105, zr\u0119czno\u015bciow\u0105 rozgrywk\u0119 z&nbsp;mrocznym \u015bwiatem i&nbsp;klimatem fantasy. Wciel si\u0119 w posta\u0107 Vesper, cnotliwej cz\u0142onkini \u201eStalker\u00f3w\u201d i&nbsp;odkryj rozleg\u0142y \u015bwiat Medhram, pe\u0142en ruin oraz&nbsp;grozy. Przemierzaj lochy pe\u0142ne makabrycznych wrog\u00f3w, walcz z&nbsp;wymagaj\u0105cymi bossami i&nbsp;wykorzystaj sw\u00f3j arsena\u0142 broni i&nbsp;mrocznych mocy, aby odzyska\u0107 Noc.<\/p>\n<p>FABU\u0141A<br \/>\nTo dziewi\u0105ty Wiek ludzko\u015bci. Cyklem dnia rz\u0105dz\u0105 ludzie, a&nbsp;cyklem nocy &#8211; przera\u017caj\u0105ce stworzenia. Pomimo swych stara\u0144, ludzko\u015b\u0107 jest unicestwiana z&nbsp;ka\u017cdym nadej\u015bciem Nocy.<\/p>\n<p>Grupa ludzi, nazywaj\u0105cych siebie \u201eStalkerami\u201d, odkry\u0142a jak wykorzysta\u0107 moc ciemno\u015bci na swoj\u0105 korzy\u015b\u0107 i&nbsp;walczy\u0142a z&nbsp;Noc\u0105. To jednak&nbsp;nie wystarczy\u0142o i&nbsp;z ka\u017cdym nowym \u015bwitem ludzko\u015b\u0107 powstawa\u0142a na nowo, wiedz\u0105c, \u017ce wraz z&nbsp;ciemno\u015bci\u0105 przychodzi zag\u0142ada.<\/p>\n<p>Ludzko\u015b\u0107 znalaz\u0142a \u201ePiecz\u0119\u0107 Nocy\u201d, artefakt, kt\u00f3ry pozwoli\u0142 im zatrzyma\u0107 cykl w wiecznym dniu. W zamian za przysi\u0119g\u0119 krwi, kt\u00f3r\u0105 Stalkerzy byli sk\u0142onni z\u0142o\u017cy\u0107, s\u0142o\u0144ce rz\u0105dzi\u0142o przez setki pokole\u0144 i&nbsp;po raz pierwszy nadzieja sta\u0142a si\u0119 latarni\u0105 \u015bwiat\u0142a. Los okaza\u0142 si\u0119 jednak&nbsp;nie do powstrzymania, a&nbsp;oni zap\u0142acili za to najwy\u017csz\u0105 cen\u0119.<\/p>\n<p>Teraz gdy Noc zaczyna po\u017cera\u0107 ka\u017cdy promie\u0144 \u015bwiat\u0142a, Vesper, Stalkerka z&nbsp;prawa i&nbsp;c\u00f3rka zdrajcy, przemierza\u0107 b\u0119dzie umieraj\u0105c\u0105 krain\u0119, pr\u00f3buj\u0105c ocali\u0107 ostatnie \u017cary ludzko\u015bci. Poluje w wy\u015bcigu z&nbsp;przeznaczeniem, gdy\u017c&nbsp;cienie wyd\u0142u\u017caj\u0105 si\u0119 zar\u00f3wno na \u015bwiecie, jak i&nbsp;w jej umy\u015ble.<\/p>\n<p>Bierz udzia\u0142 w dynamicznej walce toczonej w szybkim tempie<br \/>\nPrzedzieraj si\u0119 przez wrog\u00f3w, jednocze\u015bnie wyprowadzaj\u0105c swoje kombinacje, u\u017cywaj\u0105c broni lub&nbsp;niszcz\u0105c ich swoimi mrocznymi mocami. Mo\u017cesz szybko prze\u0142\u0105cza\u0107 si\u0119 mi\u0119dzy walk\u0105 wr\u0119cz a&nbsp;atakiem dystansowym: rozcina\u0107 wrog\u00f3w mieczem, a&nbsp;nast\u0119pnie odskoczy\u0107, aby u\u017cy\u0107 broni dystansowej, unikaj\u0105c atak\u00f3w wroga.<\/p>\n<p>Zmierz si\u0119 z&nbsp;trudnymi przeciwnikami<br \/>\nPodejmij ostateczne wyzwanie w intensywnych starciach z&nbsp;bossami, walcz\u0105c z&nbsp;pradawnymi potworami Nocy, kt\u00f3re raz po raz unicestwiaj\u0105 ludzko\u015b\u0107. Poznaj ich s\u0142abe punkty, schematy ataku i&nbsp;przetrwaj przez r\u00f3\u017cne fazy walki, gdy bitwa staje si\u0119 coraz bardziej wymagaj\u0105ca i&nbsp;ekstremalna.<\/p>\n<p>Ulepsz i&nbsp;dostosuj build Vesper<br \/>\nStw\u00f3rz sw\u00f3j w\u0142asny build, kt\u00f3ry dopasuje si\u0119 nie tylko do preferowanej rozgrywki, ale tak\u017ce do poszczeg\u00f3lnych boss\u00f3w. Dostosuj ulepszenia swojego arsena\u0142u i&nbsp;u\u017cywaj sprz\u0119tu, kt\u00f3ry najlepiej pasuje do twojej rozgrywki: Obra\u017cenia krytyczne, Kradzie\u017c \u017cycia, Trucizna, Walka wr\u0119cz, Si\u0142a ognia i&nbsp;inne. Zbieraj fiolki Sanguine, Pi\u00f3ra Wron, Kamienie Ksi\u0119\u017cycowe i&nbsp;Noctilium, aby zwi\u0119kszy\u0107 swoje statystyki i&nbsp;przygotowa\u0107 si\u0119 do stawienia czo\u0142a Nocy.<\/p>\n<p>Odkryj mroczny \u015bwiat Medhram<br \/>\nZbadaj Medhram w po\u0142\u0105czeniu przygodowej gry akcji i&nbsp;mrocznego \u015bwiata fantasy. Przetrwaj ogromne lochy pe\u0142ne pu\u0142apek, wrog\u00f3w, zagadek i&nbsp;wyzwa\u0144. Odkryj wszelkiego rodzaju lokacje, od staro\u017cytnych katedr i&nbsp;bibliotek wiedzy po zaginione kr\u00f3lestwa i&nbsp;zdewastowane dryfuj\u0105ce miasta.<\/p>\n<p>Uko\u0144cz \u201ePolowania\u201d jako cz\u0142onek Stalker\u00f3w<br \/>\nPrzyjmij zlecenie na polowanie we \u201eWronim Gnie\u017adzie\u201d i&nbsp;wytrop mroczn\u0105 besti\u0119, znajd\u017a miejsce, gdzie si\u0119 ukrywa i&nbsp;zapoluj na najpot\u0119\u017cniejsze stworzenia Nocy. Po ka\u017cdym zako\u0144czonym polowaniu otrzymasz nagrody, kt\u00f3re zwi\u0119ksz\u0105 tw\u00f3j pasek zdrowia i&nbsp;mrocznej energii.<\/p>\n<p>Znajd\u017a poboczne postacie i&nbsp;odkryj ich historie<br \/>\nPoznaj nowe postacie i&nbsp;odkryj ich tragiczn\u0105 przesz\u0142o\u015b\u0107 oraz&nbsp;historie w \u015bwiecie, kt\u00f3ry stoi na skraju przepa\u015bci.<\/p>\n<p>Baw si\u0119 przy dostosowanej i&nbsp;wci\u0105gaj\u0105cej muzyce<br \/>\nImmersyjna i&nbsp;dostosowana do ka\u017cdego momentu, bossa i&nbsp;lokacji muzyka, przy wsp\u00f3\u0142pracy Hirokiego Kikuty, kompozytora Secret of Mana.<\/p>\n<p><\/p>","protected":false},"excerpt":{"rendered":"<p>Zanurz si\u0119 w utrzymanej w stylu retro przygodowej grze akcji, kt\u00f3ra \u0142\u0105czy szybk\u0105, zr\u0119czno\u015bciow\u0105 rozgrywk\u0119 z&nbsp;mrocznym \u015bwiatem i&nbsp;klimatem fantasy. Wciel si\u0119 w posta\u0107 Vesper, cnotliwej cz\u0142onkini \u201eStalker\u00f3w\u201d i&nbsp;odkryj rozleg\u0142y \u015bwiat Medhram, pe\u0142en ruin oraz&nbsp;grozy. Hunt the Night to utrzymana w stylu retro przygodowa gra akcji \u0142\u0105cz\u0105ca w sobie szybk\u0105, zr\u0119czno\u015bciow\u0105 rozgrywk\u0119 z&nbsp;mrocznym \u015bwiatem i&nbsp;klimatem fantasy. [&hellip;]<\/p>\n","protected":false},"featured_media":651643,"comment_status":"closed","ping_status":"closed","template":"","meta":{"ub_ctt_via":""},"product_cat":[240,88,127,221],"product_tag":[218],"class_list":["post-650256","product","type-product","status-publish","has-post-thumbnail","hentry","product_cat-fantasy","product_cat-action","product_cat-adventure","product_cat-indie","product_tag-games","platform-steam-works"],"_links":{"self":[{"href":"https:\/\/neuvee.com\/pl\/wp-json\/wp\/v2\/product\/650256","targetHints":{"allow":["GET"]}}],"collection":[{"href":"https:\/\/neuvee.com\/pl\/wp-json\/wp\/v2\/product"}],"about":[{"href":"https:\/\/neuvee.com\/pl\/wp-json\/wp\/v2\/types\/product"}],"replies":[{"embeddable":true,"href":"https:\/\/neuvee.com\/pl\/wp-json\/wp\/v2\/comments?post=650256"}],"wp:featuredmedia":[{"embeddable":true,"href":"https:\/\/neuvee.com\/pl\/wp-json\/wp\/v2\/media\/651643"}],"wp:attachment":[{"href":"https:\/\/neuvee.com\/pl\/wp-json\/wp\/v2\/media?parent=650256"}],"wp:term":[{"taxonomy":"product_cat","embeddable":true,"href":"https:\/\/neuvee.com\/pl\/wp-json\/wp\/v2\/product_cat?post=650256"},{"taxonomy":"product_tag","embeddable":true,"href":"https:\/\/neuvee.com\/pl\/wp-json\/wp\/v2\/product_tag?post=650256"}],"curies":[{"name":"wp","href":"https:\/\/api.w.org\/{rel}","templated":true}]}}