{"id":650246,"date":"2023-05-24T20:45:49","date_gmt":"2023-05-24T20:45:49","guid":{"rendered":"https:\/\/neuvee.com\/?post_type=product&#038;p=650246"},"modified":"2025-05-19T13:44:44","modified_gmt":"2025-05-19T13:44:44","slug":"house-flipper-garden-dlc-3","status":"publish","type":"product","link":"https:\/\/neuvee.com\/pl\/product\/house-flipper-garden-dlc-3\/","title":{"rendered":"HOUSE FLIPPER: GARDEN DLC"},"content":{"rendered":"<p>Zosta\u0144 ogrodnikiem!<br \/>\n&#8222;Zawsze marzy\u0142e\u015b, \u017ceby zosta\u0107 ogrodnikiem? Dzi\u0119ki Garden Flipper DLC teraz to mo\u017cliwe!<br \/>\nZanim jednak&nbsp;posadzisz swoje pierwsze drzewo, musisz przygotowa\u0107 swoj\u0105 dzia\u0142k\u0119 &#8211; pozb\u0105d\u017a si\u0119 \u015bmieci i&nbsp;gruzu.<br \/>\nSko\u015b traw\u0119, powycinaj niechciane drzewa i&nbsp;zasad\u017a w\u0142asne, wyrwij chwasty i&nbsp;poprowad\u017a kr\u0119te \u015bcie\u017cki przez barwne rabaty kwiatowe.<\/p>\n<p>Odkryj ca\u0142kiem nowe zlecenia i&nbsp;poznaj nowatorskie mechaniki, kt\u00f3re projektowali\u015bmy we wsp\u00f3\u0142pracy z&nbsp;profesjonalnymi ogrodnikami!<br \/>\nKrok po kroku zag\u0142\u0105b si\u0119 w \u015bwiat ro\u015blin. Przemieniaj spustoszone ogrody w ma\u0142e arcydzie\u0142a, niech nabieraj\u0105 blasku w twoich r\u0119kach.<br \/>\nA kiedy b\u0119dziesz ju\u017c gotowy na stworzenie swojego w\u0142asnego ogrodu\u2026&#8221;<\/p>\n<p>Nie ograniczaj si\u0119!<br \/>\n&#8222;W Garden Flipper to ty decydujesz, czym stanie si\u0119 twoja dzia\u0142ka!<br \/>\nPodobaj\u0105 ci si\u0119 rozleg\u0142e ogrody pa\u0142acu Wersalskiego, a&nbsp;mo\u017ce wolisz minimalistyczny styl ogrod\u00f3w Zen?<br \/>\nNie ograniczaj si\u0119! Niech tw\u00f3j ogr\u00f3d wzbudzi zazdro\u015b\u0107 w\u015br\u00f3d s\u0105siad\u00f3w, niech kupuj\u0105cy walcz\u0105 w\u0142a\u015bnie o&nbsp;niego!<br \/>\nA je\u015bli wolisz, odpocznij w swoim w\u0142asnym sanktuarium ciszy i&nbsp;spokoju, kt\u00f3re ukoi twoje zmys\u0142y i&nbsp;da ci energi\u0119, aby wdra\u017ca\u0107 nowe pomys\u0142y w kolejnych domach!<\/p>\n<p>Nowy dodatek to nie tylko ro\u015bliny. Przygotowali\u015bmy ponad tysi\u0105c przedmiot\u00f3w, kt\u00f3rymi mo\u017cesz urozmaici\u0107 sw\u00f3j idealny ogr\u00f3d!&#8221;<\/p>\n<p>Nowy dodatek zawiera<br \/>\n&#8211; 18 nowych zlece\u0144,<br \/>\n&#8211; 3 nowe domy,<br \/>\n&#8211; ponad 600 unikalnych przedmiot\u00f3w w wielu wariantach wliczaj\u0105c ponad 250 gatunk\u00f3w ro\u015blin,<br \/>\n&#8211; 8 ca\u0142kiem nowych mechanik.<\/p>\n<p><\/p>","protected":false},"excerpt":{"rendered":"<p>Zosta\u0144 ogrodnikiem! &#8222;Zawsze marzy\u0142e\u015b, \u017ceby zosta\u0107 ogrodnikiem? Dzi\u0119ki Garden Flipper DLC teraz to mo\u017cliwe! Zanim jednak&nbsp;posadzisz swoje pierwsze drzewo, musisz przygotowa\u0107 swoj\u0105 dzia\u0142k\u0119 &#8211; pozb\u0105d\u017a si\u0119 \u015bmieci i&nbsp;gruzu. Sko\u015b traw\u0119, powycinaj niechciane drzewa i&nbsp;zasad\u017a w\u0142asne, wyrwij chwasty i&nbsp;poprowad\u017a kr\u0119te \u015bcie\u017cki przez barwne rabaty kwiatowe. Odkryj ca\u0142kiem nowe zlecenia i&nbsp;poznaj nowatorskie mechaniki, kt\u00f3re projektowali\u015bmy we wsp\u00f3\u0142pracy [&hellip;]<\/p>\n","protected":false},"featured_media":651161,"comment_status":"closed","ping_status":"closed","template":"","meta":{"ub_ctt_via":""},"product_cat":[223,221,78],"product_tag":[218,264],"class_list":["post-650246","product","type-product","status-publish","has-post-thumbnail","hentry","product_cat-casual","product_cat-indie","product_cat-simulation","product_tag-games","product_tag-weekend-sale","platform-steam-works"],"_links":{"self":[{"href":"https:\/\/neuvee.com\/pl\/wp-json\/wp\/v2\/product\/650246","targetHints":{"allow":["GET"]}}],"collection":[{"href":"https:\/\/neuvee.com\/pl\/wp-json\/wp\/v2\/product"}],"about":[{"href":"https:\/\/neuvee.com\/pl\/wp-json\/wp\/v2\/types\/product"}],"replies":[{"embeddable":true,"href":"https:\/\/neuvee.com\/pl\/wp-json\/wp\/v2\/comments?post=650246"}],"wp:featuredmedia":[{"embeddable":true,"href":"https:\/\/neuvee.com\/pl\/wp-json\/wp\/v2\/media\/651161"}],"wp:attachment":[{"href":"https:\/\/neuvee.com\/pl\/wp-json\/wp\/v2\/media?parent=650246"}],"wp:term":[{"taxonomy":"product_cat","embeddable":true,"href":"https:\/\/neuvee.com\/pl\/wp-json\/wp\/v2\/product_cat?post=650246"},{"taxonomy":"product_tag","embeddable":true,"href":"https:\/\/neuvee.com\/pl\/wp-json\/wp\/v2\/product_tag?post=650246"}],"curies":[{"name":"wp","href":"https:\/\/api.w.org\/{rel}","templated":true}]}}