{"id":650125,"date":"2023-05-24T20:39:55","date_gmt":"2023-05-24T20:39:55","guid":{"rendered":"https:\/\/neuvee.com\/?post_type=product&#038;p=650125"},"modified":"2025-05-19T14:28:42","modified_gmt":"2025-05-19T14:28:42","slug":"house-flipper-luxury-dlc-3","status":"publish","type":"product","link":"https:\/\/neuvee.com\/pl\/product\/house-flipper-luxury-dlc-3\/","title":{"rendered":"HOUSE FLIPPER &#8211; LUXURY DLC"},"content":{"rendered":"<p>Hale, fabryki i&nbsp;stare kamienice czekaj\u0105 na remont! Odrestauruj antyki lub&nbsp;wybierz jedne z&nbsp;wielu luksusowych mebli czekaj\u0105cych na ciebie w sklepie &#8211; jest w czym wybiera\u0107! Urz\u0105dzaj\u0105c inteligentny dom, szukaj nowych rozwi\u0105za\u0144 &#8211; mo\u017ce basen w salonie? Odwied\u017a Moonrise Bay i&nbsp;zach\u0142y\u015bnij si\u0119 luksusem.<\/p>\n<p>Wszystko czego potrzebujesz to\u2026 przestrze\u0144!<br \/>\nKoniec ma\u0142ych domk\u00f3w z&nbsp;dziesi\u0105tkami pokoik\u00f3w &#8211; tutaj liczy si\u0119 rozmach!<br \/>\nPrzeszklone dachy, okna zamiast \u015bcian i&nbsp;sufit nikn\u0105cy wiele metr\u00f3w w g\u00f3rze &#8211; tak mieszkaj\u0105 kr\u00f3lowie.<br \/>\nWykorzystaj zrujnowane kamienice i&nbsp;stare budynki poprzemys\u0142owe &#8211; fabryki, hale i&nbsp;magazyny &#8211; by przekszta\u0142ci\u0107 je w luksusowe apartamenty.<\/p>\n<p>Nowe zlecenia &#8211; nowe mo\u017cliwo\u015bci<br \/>\nMieszka\u0144cy Moonrise Bay to wymagaj\u0105cy klienci. Ch\u0119tnie zainwestuj\u0105, du\u017ce pieni\u0105dze w dom, kt\u00f3ry b\u0119dzie napawa\u0142 ich dum\u0105.<br \/>\nPoza dba\u0142o\u015bci\u0105 o&nbsp;najwy\u017csze standardy, b\u0119dziesz musia\u0142 wyczu\u0107 specyficzny gust swoich klient\u00f3w, nawet je\u015bli nie ka\u017cdy takowy posiada. Dzi\u0119ki nowym mo\u017cliwo\u015bciom wstawiania okien i&nbsp;tworzenia basen\u00f3w wewn\u0105trz dom\u00f3w, b\u0119dziesz m\u00f3g\u0142 projektowa\u0107 i&nbsp;realizowa\u0107 swoje naj\u015bmielsze wizje &#8211; koniec z&nbsp;ograniczeniami!<\/p>\n<p>Z\u0142ote a&nbsp;skromne<br \/>\nJe\u015bli nowoczesne meble to nie twoja bajka, mo\u017cesz podj\u0105\u0107 si\u0119 pr\u00f3by odrestaurowania tych, kt\u00f3re pami\u0119taj\u0105 przesz\u0142e wieki.<br \/>\nNie b\u0119dzie to \u0142atwa praca, ale ko\u0144cowy efekt przyniesie sporo satysfakcji.<br \/>\nPowr\u00f3t do klasyki, nie oznacza rezygnacji z&nbsp;wygody. Dzi\u0119ki inteligentnym urz\u0105dzeniom mo\u017cesz sterowa\u0107 ca\u0142ym swoim domem!<br \/>\nZmieniaj kolory \u015bwiate\u0142, zamykaj i&nbsp;otwieraj drzwi &#8211; wszystko bez ruszania si\u0119 z&nbsp;fotela!<\/p>\n<p>Wi\u0119cej opcji<br \/>\nWraz z&nbsp;dodatkiem Luxury Flipper do twoich r\u0105k trafi\u0105 dziesi\u0105tki nowych mebli: zar\u00f3wno tych klasycznych, zabytkowych, jak i&nbsp;nowoczesnych. Mnogo\u015b\u0107 wariant\u00f3w kolorystycznych oraz&nbsp;zestawy modularne pozwol\u0105 dostosowa\u0107 ka\u017cde pomieszczenie do twojej wizji idealnego domu.<\/p>\n<p>Pora odwiedzi\u0107 Moonrise Bay!<\/p>\n<p><\/p>","protected":false},"excerpt":{"rendered":"<p>Hale, fabryki i&nbsp;stare kamienice czekaj\u0105 na remont! Odrestauruj antyki lub&nbsp;wybierz jedne z&nbsp;wielu luksusowych mebli czekaj\u0105cych na ciebie w sklepie &#8211; jest w czym wybiera\u0107! Urz\u0105dzaj\u0105c inteligentny dom, szukaj nowych rozwi\u0105za\u0144 &#8211; mo\u017ce basen w salonie? Odwied\u017a Moonrise Bay i&nbsp;zach\u0142y\u015bnij si\u0119 luksusem. Wszystko czego potrzebujesz to\u2026 przestrze\u0144! Koniec ma\u0142ych domk\u00f3w z&nbsp;dziesi\u0105tkami pokoik\u00f3w &#8211; tutaj liczy si\u0119 [&hellip;]<\/p>\n","protected":false},"featured_media":651796,"comment_status":"closed","ping_status":"closed","template":"","meta":{"ub_ctt_via":""},"product_cat":[221,78],"product_tag":[218,264],"class_list":["post-650125","product","type-product","status-publish","has-post-thumbnail","hentry","product_cat-indie","product_cat-simulation","product_tag-games","product_tag-weekend-sale","platform-steam-works"],"_links":{"self":[{"href":"https:\/\/neuvee.com\/pl\/wp-json\/wp\/v2\/product\/650125","targetHints":{"allow":["GET"]}}],"collection":[{"href":"https:\/\/neuvee.com\/pl\/wp-json\/wp\/v2\/product"}],"about":[{"href":"https:\/\/neuvee.com\/pl\/wp-json\/wp\/v2\/types\/product"}],"replies":[{"embeddable":true,"href":"https:\/\/neuvee.com\/pl\/wp-json\/wp\/v2\/comments?post=650125"}],"wp:featuredmedia":[{"embeddable":true,"href":"https:\/\/neuvee.com\/pl\/wp-json\/wp\/v2\/media\/651796"}],"wp:attachment":[{"href":"https:\/\/neuvee.com\/pl\/wp-json\/wp\/v2\/media?parent=650125"}],"wp:term":[{"taxonomy":"product_cat","embeddable":true,"href":"https:\/\/neuvee.com\/pl\/wp-json\/wp\/v2\/product_cat?post=650125"},{"taxonomy":"product_tag","embeddable":true,"href":"https:\/\/neuvee.com\/pl\/wp-json\/wp\/v2\/product_tag?post=650125"}],"curies":[{"name":"wp","href":"https:\/\/api.w.org\/{rel}","templated":true}]}}