{"id":650122,"date":"2023-05-24T20:38:37","date_gmt":"2023-05-24T20:38:37","guid":{"rendered":"https:\/\/neuvee.com\/?post_type=product&#038;p=650122"},"modified":"2025-05-19T14:33:02","modified_gmt":"2025-05-19T14:33:02","slug":"house-flipper-hgtv-dlc-3","status":"publish","type":"product","link":"https:\/\/neuvee.com\/pl\/product\/house-flipper-hgtv-dlc-3\/","title":{"rendered":"HOUSE FLIPPER &#8211; HGTV DLC"},"content":{"rendered":"<p>Wsp\u00f3lnie z&nbsp;Discovery HGTV zapraszamy na niesamowit\u0105 przygod\u0119 w zatoce Sunset Bay. Nowe zlecenia zawieraj\u0105 tak\u017ce wcze\u015bniej niespotykane mechaniki, dzi\u0119ki kt\u00f3rym remonty b\u0119d\u0105 jeszcze bardziej satysfakcjonuj\u0105ce \u2013 a&nbsp;wszystko to w znanej z&nbsp;program\u00f3w HGTV wy\u015bmienitej oprawie!<\/p>\n<p>Przenie\u015b si\u0119 do \u015bwiata HGTV<br \/>\nCzy kiedykolwiek chcia\u0142e\u015b przenie\u015b\u0107 si\u0119 do \u015bwiata telewizji i&nbsp;burzy\u0107, projektowa\u0107 oraz&nbsp;odnawia\u0107 domy?<br \/>\nTeraz masz tak\u0105 szans\u0119! Nowy dodatek HGTV do gry House Flipper pozwala Ci prze\u017cy\u0107 Twoj\u0105 wymarzon\u0105 przygod\u0119 rodem z&nbsp;twojego ulubionego telewizyjnego show.<br \/>\nDziesi\u0119\u0107 ca\u0142kowicie nowych zlece\u0144 wraz z&nbsp;now\u0105 lokacj\u0105 pozwol\u0105 Ci poczu\u0107 ducha HGTV (bez konieczno\u015bci wydawania fortuny i&nbsp;eksperymentowania na w\u0142asnym domu).<\/p>\n<p>Sprostaj wymaganiom klient\u00f3w<br \/>\nZleceniodawcy to prawdziwi Janusze biznesu: poszukuj\u0105 najlepszych projekt\u00f3w, ale tylko w niskich cenach i&nbsp;stylu, kt\u00f3ry b\u0119dzie im odpowiada\u0142.<br \/>\nUpewnij si\u0119, \u017ce s\u0105 zadowoleni, zanim przeka\u017cesz im klucze do ich nowego domu.<\/p>\n<p>Kurtyna w g\u00f3r\u0119!<br \/>\nPo uko\u0144czeniu renowacji mo\u017cesz zobaczy\u0107 dokonane przez siebie zmiany &#8211; wszystko w trybie \u201eprzed\u201d i&nbsp;\u201epo\u201d znanym ci z&nbsp;telewizyjnych show!<br \/>\nNa w\u0142asne oczy zobacz, jak wielki wp\u0142yw mia\u0142y twoje wybory na efekt ko\u0144cowy.<\/p>\n<p>Podwi\u0144 r\u0119kawy, chwy\u0107 m\u0142otek i&nbsp;ruszaj z&nbsp;nami \u2013 klienci z&nbsp;Sunset Bay nie mog\u0105 si\u0119 doczeka\u0107!<\/p>\n<p>Nowy dodatek zawiera:<br \/>\n&#8211; ponad 400 nowych przedmiot\u00f3w,<br \/>\n&#8211; 10 nowych domk\u00f3w,<br \/>\n&#8211; 10 nowych zlece\u0144 z&nbsp;plot-twistami,<br \/>\n&#8211; wybory rozwi\u0105za\u0144 problem\u00f3w napotkanych podczas zlece\u0144,<br \/>\n&#8211; widoki przed\/po,<br \/>\n&#8211; nowe, pla\u017cowe otoczenie.<\/p>\n<p><\/p>","protected":false},"excerpt":{"rendered":"<p>Wsp\u00f3lnie z&nbsp;Discovery HGTV zapraszamy na niesamowit\u0105 przygod\u0119 w zatoce Sunset Bay. Nowe zlecenia zawieraj\u0105 tak\u017ce wcze\u015bniej niespotykane mechaniki, dzi\u0119ki kt\u00f3rym remonty b\u0119d\u0105 jeszcze bardziej satysfakcjonuj\u0105ce \u2013 a&nbsp;wszystko to w znanej z&nbsp;program\u00f3w HGTV wy\u015bmienitej oprawie! Przenie\u015b si\u0119 do \u015bwiata HGTV Czy kiedykolwiek chcia\u0142e\u015b przenie\u015b\u0107 si\u0119 do \u015bwiata telewizji i&nbsp;burzy\u0107, projektowa\u0107 oraz&nbsp;odnawia\u0107 domy? Teraz masz tak\u0105 szans\u0119! [&hellip;]<\/p>\n","protected":false},"featured_media":651714,"comment_status":"closed","ping_status":"closed","template":"","meta":{"ub_ctt_via":""},"product_cat":[223,221,78],"product_tag":[218],"class_list":["post-650122","product","type-product","status-publish","has-post-thumbnail","hentry","product_cat-casual","product_cat-indie","product_cat-simulation","product_tag-games","platform-steam-works"],"_links":{"self":[{"href":"https:\/\/neuvee.com\/pl\/wp-json\/wp\/v2\/product\/650122","targetHints":{"allow":["GET"]}}],"collection":[{"href":"https:\/\/neuvee.com\/pl\/wp-json\/wp\/v2\/product"}],"about":[{"href":"https:\/\/neuvee.com\/pl\/wp-json\/wp\/v2\/types\/product"}],"replies":[{"embeddable":true,"href":"https:\/\/neuvee.com\/pl\/wp-json\/wp\/v2\/comments?post=650122"}],"wp:featuredmedia":[{"embeddable":true,"href":"https:\/\/neuvee.com\/pl\/wp-json\/wp\/v2\/media\/651714"}],"wp:attachment":[{"href":"https:\/\/neuvee.com\/pl\/wp-json\/wp\/v2\/media?parent=650122"}],"wp:term":[{"taxonomy":"product_cat","embeddable":true,"href":"https:\/\/neuvee.com\/pl\/wp-json\/wp\/v2\/product_cat?post=650122"},{"taxonomy":"product_tag","embeddable":true,"href":"https:\/\/neuvee.com\/pl\/wp-json\/wp\/v2\/product_tag?post=650122"}],"curies":[{"name":"wp","href":"https:\/\/api.w.org\/{rel}","templated":true}]}}