{"id":650117,"date":"2023-05-24T20:37:19","date_gmt":"2023-05-24T20:37:19","guid":{"rendered":"https:\/\/neuvee.com\/?post_type=product&#038;p=650117"},"modified":"2025-05-19T14:06:18","modified_gmt":"2025-05-19T14:06:18","slug":"house-flipper-4","status":"publish","type":"product","link":"https:\/\/neuvee.com\/pl\/product\/house-flipper-4\/","title":{"rendered":"HOUSE FLIPPER"},"content":{"rendered":"<p>House Flipper to niepowtarzalna szansa na zostanie jednoosobow\u0105 ekip\u0105 remontow\u0105. Kupuj, naprawiaj i&nbsp;przebudowuj zrujnowane budynki. Tchnij w nie drugie \u017cycie i&nbsp;sprzedawaj z&nbsp;zyskiem!<\/p>\n<p>Z\u0142ota R\u0105czka &#8211; do us\u0142ug!<br \/>\nZanim kupisz swoj\u0105 pierwsz\u0105 nieruchomo\u015b\u0107, musisz na ni\u0105 zapracowa\u0107. Bez obaw &#8211; na szcz\u0119\u015bcie jest co robi\u0107! Przyjmuj oferty pracy od mieszka\u0144c\u00f3w okolicy &#8211; wysprz\u0105taj ich domy, pomaluj \u015bciany, zainstaluj ogrzewanie, prysznice czy klimatyzacj\u0119, a&nbsp;nawet umebluj ca\u0142e posiad\u0142o\u015bci. Zadowoleni klienci dobrze wynagrodz\u0105 Twoj\u0105 prac\u0119, a&nbsp;Ty bedziesz coraz bli\u017cej zakupu w\u0142asnego domu.<\/p>\n<p>Graj po swojemu<br \/>\nM\u0142otek w d\u0142o\u0144! Czas si\u0119 troch\u0119 pobrudzi\u0107 i&nbsp;zburzy\u0107 kilka \u015bcian. Pozb\u0105d\u017a si\u0119 od\u0142amk\u00f3w szk\u0142a, \u015bmieci, resztek mebli i&nbsp;przygotuj przestrze\u0144 pod ca\u0142kowit\u0105 metamorfoz\u0119. To od Ciebie zale\u017cy czy chcesz spe\u0142ni\u0107 wszystkie wymagania poszczeg\u00f3lnych nabywc\u00f3w, czy wolisz urz\u0105dzi\u0107 sobie przytulne biuro, idealne do prowadzenia w\u0142asnego biznesu.<\/p>\n<p>Pracuj m\u0105drze, a&nbsp;nie ci\u0119\u017cko<br \/>\nNa szcz\u0119\u015bcie, nie jeste\u015b sam. Wa\u0142ek malarski, myjka do okien, szpachla, mop, m\u0142otek oraz&nbsp;niezawodny tablet&#8230; Z pomoc\u0105 najwierniejszych kompan\u00f3w &#8211; narz\u0119dzi &#8211; \u017cadne zlecenie nie b\u0119dzie straszne. U\u017cywanie ich pozwoli nabra\u0107 Ci do\u015bwiadczenia i&nbsp;rozwin\u0105\u0107 umiej\u0119tno\u015bci, dzi\u0119ki czemu praca  b\u0119dzie jeszcze przyjemniejsza.<\/p>\n<p>Rozsi\u0105d\u017a si\u0119 wygodnie<br \/>\nNiewa\u017cne, czy planujesz stworzy\u0107 dom swoich marze\u0144, pom\u00f3c rezydentom z&nbsp;renowacjami czy masz ochot\u0119 co\u015b rozwali\u0107 &#8211; House Flipper pomo\u017ce Ci si\u0119 zrelaksowa\u0107. Rozsi\u0105d\u017a si\u0119 wygodnie, zapomnij o&nbsp;codziennych zmartwieniach i&nbsp;zanurz sie w \u015bwiecie House Flippera!<\/p>\n<p><\/p>","protected":false},"excerpt":{"rendered":"<p>House Flipper to niepowtarzalna szansa na zostanie jednoosobow\u0105 ekip\u0105 remontow\u0105. Kupuj, naprawiaj i&nbsp;przebudowuj zrujnowane budynki. Tchnij w nie drugie \u017cycie i&nbsp;sprzedawaj z&nbsp;zyskiem! Z\u0142ota R\u0105czka &#8211; do us\u0142ug! Zanim kupisz swoj\u0105 pierwsz\u0105 nieruchomo\u015b\u0107, musisz na ni\u0105 zapracowa\u0107. Bez obaw &#8211; na szcz\u0119\u015bcie jest co robi\u0107! Przyjmuj oferty pracy od mieszka\u0144c\u00f3w okolicy &#8211; wysprz\u0105taj ich domy, pomaluj [&hellip;]<\/p>\n","protected":false},"featured_media":673121,"comment_status":"closed","ping_status":"closed","template":"","meta":{"ub_ctt_via":""},"product_cat":[221,78],"product_tag":[218,264],"class_list":["post-650117","product","type-product","status-publish","has-post-thumbnail","hentry","product_cat-indie","product_cat-simulation","product_tag-games","product_tag-weekend-sale","platform-steam-works"],"_links":{"self":[{"href":"https:\/\/neuvee.com\/pl\/wp-json\/wp\/v2\/product\/650117","targetHints":{"allow":["GET"]}}],"collection":[{"href":"https:\/\/neuvee.com\/pl\/wp-json\/wp\/v2\/product"}],"about":[{"href":"https:\/\/neuvee.com\/pl\/wp-json\/wp\/v2\/types\/product"}],"replies":[{"embeddable":true,"href":"https:\/\/neuvee.com\/pl\/wp-json\/wp\/v2\/comments?post=650117"}],"wp:featuredmedia":[{"embeddable":true,"href":"https:\/\/neuvee.com\/pl\/wp-json\/wp\/v2\/media\/673121"}],"wp:attachment":[{"href":"https:\/\/neuvee.com\/pl\/wp-json\/wp\/v2\/media?parent=650117"}],"wp:term":[{"taxonomy":"product_cat","embeddable":true,"href":"https:\/\/neuvee.com\/pl\/wp-json\/wp\/v2\/product_cat?post=650117"},{"taxonomy":"product_tag","embeddable":true,"href":"https:\/\/neuvee.com\/pl\/wp-json\/wp\/v2\/product_tag?post=650117"}],"curies":[{"name":"wp","href":"https:\/\/api.w.org\/{rel}","templated":true}]}}