{"id":650087,"date":"2023-05-24T20:29:10","date_gmt":"2023-05-24T20:29:10","guid":{"rendered":"https:\/\/neuvee.com\/?post_type=product&#038;p=650087"},"modified":"2025-05-19T14:41:38","modified_gmt":"2025-05-19T14:41:38","slug":"hohokum-6","status":"publish","type":"product","link":"https:\/\/neuvee.com\/pl\/product\/hohokum-6\/","title":{"rendered":"HOHOKUM"},"content":{"rendered":"<p>Wciel si\u0119 w ciekawsk\u0105, szybuj\u0105c\u0105, podobn\u0105 do latawca istot\u0119 i&nbsp;udaj si\u0119 w podr\u00f3\u017c do kolorowych, nietuzinkowych \u015bwiat\u00f3w czekaj\u0105cych na odkrycie. Wchod\u017a w interakcj\u0119 z&nbsp;postaciami i&nbsp;\u015brodowiskiem, aby odkrywa\u0107 sekrety, albo&nbsp;w\u0119druj we w\u0142asnym tempie i&nbsp;daj si\u0119 zaskoczy\u0107 niespodziankom. Chocia\u017c w grze wyst\u0119puj\u0105 cele i&nbsp;r\u00f3\u017cne aktywno\u015bci, sercem Hohokum jest plac zabaw \u2013 miejsce, w kt\u00f3rym mo\u017cna si\u0119 w\u0142\u00f3czy\u0107 i&nbsp;zagubi\u0107.<br \/>\n\u2013 Ogromne i&nbsp;pe\u0142ne zabawy uniwersum z&nbsp;mn\u00f3stwem eklektycznych postaci i&nbsp;zabawek, z&nbsp;kt\u00f3rymi mo\u017cna wchodzi\u0107 w interakcj\u0119. Wszystko to przywodzi na my\u015bl gigantyczny plac zabaw.<br \/>\n\u2013 Stylizowane elementy rozgrywki \u2013 od nurkowania z&nbsp;morskimi stworzeniami po szybowanie z&nbsp;latawcami \u2013 ka\u017cdy \u015bwiat ma swoje niepowtarzalne cele, czynno\u015bci, interakcje i&nbsp;sekrety do odkrycia. Ka\u017cde miejsce jest ca\u0142kowicie wyj\u0105tkowe!<br \/>\n\u2013 Urzekaj\u0105ca sztuka wizualna \u2013 \u015bwiat o\u017cywi\u0142a wyobra\u017ania artysty Richarda Hogga. Hohokum jest surrealistyczne, m\u0142odzie\u0144cze, pe\u0142ne kolor\u00f3w i&nbsp;zabawy.<br \/>\n\u2013 Urzekaj\u0105ca \u015bcie\u017cka d\u017awi\u0119kowa \u2013 Hohokum zawiera now\u0105 muzyk\u0119 skomponowan\u0105 przez utalentowanych artyst\u00f3w we wsp\u00f3\u0142pracy ze studiem Ghostly International Records.<\/p>\n<p><\/p>","protected":false},"excerpt":{"rendered":"<p>Wciel si\u0119 w ciekawsk\u0105, szybuj\u0105c\u0105, podobn\u0105 do latawca istot\u0119 i&nbsp;udaj si\u0119 w podr\u00f3\u017c do kolorowych, nietuzinkowych \u015bwiat\u00f3w czekaj\u0105cych na odkrycie. Wchod\u017a w interakcj\u0119 z&nbsp;postaciami i&nbsp;\u015brodowiskiem, aby odkrywa\u0107 sekrety, albo&nbsp;w\u0119druj we w\u0142asnym tempie i&nbsp;daj si\u0119 zaskoczy\u0107 niespodziankom. Chocia\u017c w grze wyst\u0119puj\u0105 cele i&nbsp;r\u00f3\u017cne aktywno\u015bci, sercem Hohokum jest plac zabaw \u2013 miejsce, w kt\u00f3rym mo\u017cna si\u0119 w\u0142\u00f3czy\u0107 [&hellip;]<\/p>\n","protected":false},"featured_media":652126,"comment_status":"closed","ping_status":"closed","template":"","meta":{"ub_ctt_via":""},"product_cat":[127,223,221],"product_tag":[218],"class_list":["post-650087","product","type-product","status-publish","has-post-thumbnail","hentry","product_cat-adventure","product_cat-casual","product_cat-indie","product_tag-games","platform-steam-works"],"_links":{"self":[{"href":"https:\/\/neuvee.com\/pl\/wp-json\/wp\/v2\/product\/650087","targetHints":{"allow":["GET"]}}],"collection":[{"href":"https:\/\/neuvee.com\/pl\/wp-json\/wp\/v2\/product"}],"about":[{"href":"https:\/\/neuvee.com\/pl\/wp-json\/wp\/v2\/types\/product"}],"replies":[{"embeddable":true,"href":"https:\/\/neuvee.com\/pl\/wp-json\/wp\/v2\/comments?post=650087"}],"wp:featuredmedia":[{"embeddable":true,"href":"https:\/\/neuvee.com\/pl\/wp-json\/wp\/v2\/media\/652126"}],"wp:attachment":[{"href":"https:\/\/neuvee.com\/pl\/wp-json\/wp\/v2\/media?parent=650087"}],"wp:term":[{"taxonomy":"product_cat","embeddable":true,"href":"https:\/\/neuvee.com\/pl\/wp-json\/wp\/v2\/product_cat?post=650087"},{"taxonomy":"product_tag","embeddable":true,"href":"https:\/\/neuvee.com\/pl\/wp-json\/wp\/v2\/product_tag?post=650087"}],"curies":[{"name":"wp","href":"https:\/\/api.w.org\/{rel}","templated":true}]}}