{"id":650081,"date":"2023-05-24T20:26:56","date_gmt":"2023-05-24T20:26:56","guid":{"rendered":"https:\/\/neuvee.com\/?post_type=product&#038;p=650081"},"modified":"2025-05-19T13:57:39","modified_gmt":"2025-05-19T13:57:39","slug":"hindsight-6","status":"publish","type":"product","link":"https:\/\/neuvee.com\/pl\/product\/hindsight-6\/","title":{"rendered":"HINDSIGHT"},"content":{"rendered":"<p>A gdyby tak przedmioty codziennego u\u017cytku i&nbsp;wszystkie te nasze drobiazgi mog\u0142y by\u0107 oknami w przesz\u0142o\u015b\u0107? Daj porwa\u0107 si\u0119 mglistym wspomnieniom oraz&nbsp;mo\u017cliwym wariantom przysz\u0142o\u015bci w Hindsight.<br \/>\nTw\u00f3rca Prune powraca z&nbsp;Hindsight \u2013 gr\u0105 narracyjn\u0105 opowiadaj\u0105c\u0105 o&nbsp;\u017cyciu pewnej kobiety (od chwili jej urodzin a\u017c do dnia dzisiejszego) oraz&nbsp;jej wysi\u0142kach na rzecz nadania temu wszystkiemu jakiego\u015b sensu. Odwied\u017a rodzinny dom bohaterki, obcuj z&nbsp;jej osobistymi rzeczami i&nbsp;sta\u0144 oko w oko z&nbsp;zastyg\u0142ymi w czasie wspomnieniami.<br \/>\nHindsight to gra, w kt\u00f3rej musisz zwolni\u0107 i&nbsp;przyjrze\u0107 si\u0119 z&nbsp;uwag\u0105 tym wszystkim ma\u0142ym rzeczom, o&nbsp;kt\u00f3rych zapomnia\u0142 czas. Dopasuj elementy uk\u0142adanki i&nbsp;sp\u00f3jrz na wydarzenia z&nbsp;r\u00f3\u017cnych perspektyw \u2013 w ko\u0144cu uzyskasz pe\u0142ny obraz, kt\u00f3ry pozwoli ci zanurzy\u0107 si\u0119 jeszcze g\u0142\u0119biej w przesz\u0142o\u015bci.<br \/>\nZapomniane wspomnienia zderzaj\u0105 si\u0119 z&nbsp;porzuconymi marzeniami niczym nurty rzeki. Pozosta\u0144 tu tak jak d\u0142ugo zechcesz, lecz&nbsp;pami\u0119taj, \u017ce pr\u0119dzej czy p\u00f3\u017aniej czeka ci\u0119 powr\u00f3t do rzeczywisto\u015bci.<br \/>\nCo zabierzesz ze sob\u0105? A co porzucisz?<\/p>\n<p><\/p>","protected":false},"excerpt":{"rendered":"<p>A gdyby tak przedmioty codziennego u\u017cytku i&nbsp;wszystkie te nasze drobiazgi mog\u0142y by\u0107 oknami w przesz\u0142o\u015b\u0107? Daj porwa\u0107 si\u0119 mglistym wspomnieniom oraz&nbsp;mo\u017cliwym wariantom przysz\u0142o\u015bci w Hindsight. Tw\u00f3rca Prune powraca z&nbsp;Hindsight \u2013 gr\u0105 narracyjn\u0105 opowiadaj\u0105c\u0105 o&nbsp;\u017cyciu pewnej kobiety (od chwili jej urodzin a\u017c do dnia dzisiejszego) oraz&nbsp;jej wysi\u0142kach na rzecz nadania temu wszystkiemu jakiego\u015b sensu. Odwied\u017a rodzinny [&hellip;]<\/p>\n","protected":false},"featured_media":650919,"comment_status":"closed","ping_status":"closed","template":"","meta":{"ub_ctt_via":""},"product_cat":[127,223,221],"product_tag":[218],"class_list":["post-650081","product","type-product","status-publish","has-post-thumbnail","hentry","product_cat-adventure","product_cat-casual","product_cat-indie","product_tag-games","platform-steam-works"],"_links":{"self":[{"href":"https:\/\/neuvee.com\/pl\/wp-json\/wp\/v2\/product\/650081","targetHints":{"allow":["GET"]}}],"collection":[{"href":"https:\/\/neuvee.com\/pl\/wp-json\/wp\/v2\/product"}],"about":[{"href":"https:\/\/neuvee.com\/pl\/wp-json\/wp\/v2\/types\/product"}],"replies":[{"embeddable":true,"href":"https:\/\/neuvee.com\/pl\/wp-json\/wp\/v2\/comments?post=650081"}],"wp:featuredmedia":[{"embeddable":true,"href":"https:\/\/neuvee.com\/pl\/wp-json\/wp\/v2\/media\/650919"}],"wp:attachment":[{"href":"https:\/\/neuvee.com\/pl\/wp-json\/wp\/v2\/media?parent=650081"}],"wp:term":[{"taxonomy":"product_cat","embeddable":true,"href":"https:\/\/neuvee.com\/pl\/wp-json\/wp\/v2\/product_cat?post=650081"},{"taxonomy":"product_tag","embeddable":true,"href":"https:\/\/neuvee.com\/pl\/wp-json\/wp\/v2\/product_tag?post=650081"}],"curies":[{"name":"wp","href":"https:\/\/api.w.org\/{rel}","templated":true}]}}