{"id":650006,"date":"2023-05-24T20:20:05","date_gmt":"2023-05-24T20:20:05","guid":{"rendered":"https:\/\/neuvee.com\/?post_type=product&#038;p=650006"},"modified":"2025-05-19T13:29:00","modified_gmt":"2025-05-19T13:29:00","slug":"heavy-rain-7","status":"publish","type":"product","link":"https:\/\/neuvee.com\/pl\/product\/heavy-rain-7\/","title":{"rendered":"HEAVY RAIN"},"content":{"rendered":"<p>JAK DALEKO SI\u0118 POSUNIESZ, ABY URATOWA\u0106 KOGO\u015a, KOGO KOCHASZ?<\/p>\n<p>Zanurz si\u0119 w porywaj\u0105cym thrillerze psychologicznym z&nbsp;niezliczonymi zwrotami akcji. Po\u015bcig trwaj\u0105cy cztery dni pe\u0142nych tajemnic i&nbsp;napi\u0119cia ma na celu wytropienie mordercy zwanego &#8222;Origami Killer&#8221; z&nbsp;powodu pozostawiania w miejscach swoich zbrodni papierowych figurek origami. Czterech bohater\u00f3w, przy czym ka\u017cdy z&nbsp;nich pod\u0105\u017caj\u0105cy swoj\u0105 w\u0142asn\u0105 \u015bcie\u017ck\u0105 i&nbsp;maj\u0105cy w\u0142asne motywy, musi wzi\u0105\u0107 udzia\u0142 w desperackiej pr\u00f3bie powstrzymania mordercy przed zabiciem kolejnej ofiary.<\/p>\n<p>Musisz szybko my\u015ble\u0107 i&nbsp;jeszcze szybciej dzia\u0142a\u0107, poniewa\u017c&nbsp;ka\u017cdy Tw\u00f3j wyb\u00f3r i&nbsp;ruch mo\u017ce spowodowa\u0107 dramatyczne, zmieniaj\u0105ce wszystko konsekwencje, a&nbsp;nawet wp\u0142yn\u0105\u0107 na to kto prze\u017cyje&#8230; a&nbsp;kto zginie.<\/p>\n<p>Zako\u0144czenie tej historii zale\u017cy wy\u0142\u0105cznie od Ciebie.<\/p>\n<p>CZTERECH BOHATER\u00d3W, CZTERY PERSPEKTYWY<br \/>\nNagradzana fabu\u0142a daje Ci kontrol\u0119 nad czterema r\u00f3\u017cnymi bohaterami, z&nbsp;kt\u00f3rych ka\u017cdy pod\u0105\u017ca swoj\u0105 w\u0142asn\u0105 \u015bcie\u017ck\u0105 w desperackim poszukiwaniu zaginionej osoby.<br \/>\nDOST\u0118PNE I INTUICYJNE STEROWNIKI<br \/>\nBrak ogranicze\u0144 typowych dla gier oraz&nbsp;nieskomplikowany interfejs zapewniaj\u0105cy pe\u0142ne zanurzenie w rozwoju sytuacji oferuje te\u017c sterowniki zar\u00f3wno dla gamepada, jak i&nbsp;dla zestawu klawiatury i&nbsp;myszy.<br \/>\nPE\u0141NA OPTYMALIZACJA NA KOMPUTER PC<br \/>\nKlasyczny tytu\u0142 w wersji na komputery PC z&nbsp;fantastyczn\u0105 grafik\u0105, w\u0142\u0105cznie z&nbsp;rozdzielczo\u015bci\u0105 4K i&nbsp;pr\u0119dko\u015bci\u0105 wy\u015bwietlania klatek 60 fps.<\/p>\n<p><\/p>","protected":false},"excerpt":{"rendered":"<p>JAK DALEKO SI\u0118 POSUNIESZ, ABY URATOWA\u0106 KOGO\u015a, KOGO KOCHASZ? Zanurz si\u0119 w porywaj\u0105cym thrillerze psychologicznym z&nbsp;niezliczonymi zwrotami akcji. Po\u015bcig trwaj\u0105cy cztery dni pe\u0142nych tajemnic i&nbsp;napi\u0119cia ma na celu wytropienie mordercy zwanego &#8222;Origami Killer&#8221; z&nbsp;powodu pozostawiania w miejscach swoich zbrodni papierowych figurek origami. Czterech bohater\u00f3w, przy czym ka\u017cdy z&nbsp;nich pod\u0105\u017caj\u0105cy swoj\u0105 w\u0142asn\u0105 \u015bcie\u017ck\u0105 i&nbsp;maj\u0105cy w\u0142asne motywy, [&hellip;]<\/p>\n","protected":false},"featured_media":651361,"comment_status":"closed","ping_status":"closed","template":"","meta":{"ub_ctt_via":""},"product_cat":[227],"product_tag":[218],"class_list":["post-650006","product","type-product","status-publish","has-post-thumbnail","hentry","product_cat-action-adventure","product_tag-games","platform-steam-works"],"_links":{"self":[{"href":"https:\/\/neuvee.com\/pl\/wp-json\/wp\/v2\/product\/650006","targetHints":{"allow":["GET"]}}],"collection":[{"href":"https:\/\/neuvee.com\/pl\/wp-json\/wp\/v2\/product"}],"about":[{"href":"https:\/\/neuvee.com\/pl\/wp-json\/wp\/v2\/types\/product"}],"replies":[{"embeddable":true,"href":"https:\/\/neuvee.com\/pl\/wp-json\/wp\/v2\/comments?post=650006"}],"wp:featuredmedia":[{"embeddable":true,"href":"https:\/\/neuvee.com\/pl\/wp-json\/wp\/v2\/media\/651361"}],"wp:attachment":[{"href":"https:\/\/neuvee.com\/pl\/wp-json\/wp\/v2\/media?parent=650006"}],"wp:term":[{"taxonomy":"product_cat","embeddable":true,"href":"https:\/\/neuvee.com\/pl\/wp-json\/wp\/v2\/product_cat?post=650006"},{"taxonomy":"product_tag","embeddable":true,"href":"https:\/\/neuvee.com\/pl\/wp-json\/wp\/v2\/product_tag?post=650006"}],"curies":[{"name":"wp","href":"https:\/\/api.w.org\/{rel}","templated":true}]}}