{"id":649988,"date":"2023-05-24T20:16:06","date_gmt":"2023-05-24T20:16:06","guid":{"rendered":"https:\/\/neuvee.com\/?post_type=product&#038;p=649988"},"modified":"2025-05-19T14:06:09","modified_gmt":"2025-05-19T14:06:09","slug":"grime","status":"publish","type":"product","link":"https:\/\/neuvee.com\/pl\/product\/grime\/","title":{"rendered":"GRIME"},"content":{"rendered":"<p>Dochodzi do t\u0105pni\u0119cia pewnej niezwyk\u0142ej substancji, w wyniku kt\u00f3rego ziemia dr\u017cy i&nbsp;si\u0119 kurczy, a&nbsp;Ty nagle ulegasz zmniejszeniu.<\/p>\n<p> Czeka na Ciebie nieznane otoczenie \u2013 obce, cho\u0107 jakby znajome. Musisz w nim przetrwa\u0107 starcie z&nbsp;czyhaj\u0105c\u0105 na Ciebie groz\u0105. Przemierzaj surrealistyczne miejsca, poch\u0142aniaj licznie napotykanych wrog\u00f3w i&nbsp;wykorzystuj przeciwko nim ich w\u0142asne moce, staj\u0105c si\u0119 kim\u015b znacznie lepszym ni\u017c dawniej.<\/p>\n<p> GRIME nie b\u0119dzie Ci\u0119 ogranicza\u0107 &#8211; wybieraj tylko te cechy, kt\u00f3re najbardziej odpowiadaj\u0105 Twojemu wyj\u0105tkowemu stylowi. Poznaj\u0105c rozmaite sugestywne miejsca, spotykaj\u0105c ich mieszka\u0144c\u00f3w i&nbsp;odkrywaj\u0105c \u017ar\u00f3d\u0142o ich szale\u0144stwa, zobaczysz, \u017ce jest wiele sposob\u00f3w na pokonanie przeciwnik\u00f3w.&#8221;<br \/>\nLista element\u00f3w gry<br \/>\n\u2022 Zadziwiaj\u0105cy surrealizm &#8211; odkryj tajemnice p\u0142acz\u0105cych jaski\u0144 i&nbsp;pustynie pe\u0142ne twarzy. Zobacz postacie nie z&nbsp;tego \u015bwiata zamieszkuj\u0105ce zupe\u0142nie odmienne miejsca i&nbsp;poznaj organiczny sp\u00f3jny \u015bwiat przedstawiony za pomoc\u0105 niewiarygodnej grafiki 3D. Zmierz si\u0119 z&nbsp;przeciwnikami zrodzonymi w\u0142a\u015bnie z&nbsp;tego \u015bwiata i&nbsp;poch\u0142o\u0144 ich w ca\u0142o\u015bci.<br \/>\n\u2022 Zab\u00f3jczo niebezpieczna walka &#8211; wymierzaj wrogom sprawiedliwo\u015b\u0107, paruj\u0105c ich ataki, niszcz ich na ziemi lub&nbsp;nawet w powietrzu i&nbsp;poch\u0142aniaj ich, by rozwija\u0107 swoj\u0105 si\u0142\u0119, prowadz\u0105c wojn\u0119 z&nbsp;tym \u017cyj\u0105cym \u015bwiatem.<br \/>\n\u2022 \u017byj\u0105ce bronie &#8211; bezproblemowo zamieniaj bronie stworzone z&nbsp;\u017cyj\u0105cych stworze\u0144, kt\u00f3re b\u0119d\u0105 ewoluowa\u0142y podczas walki: od mieczy ze szponami po bicze ze ston\u00f3g.<br \/>\n\u2022 Wyj\u0105tkowy rozw\u00f3j umiej\u0119tno\u015bci &#8211; pokonuj i&nbsp;poch\u0142aniaj wymagaj\u0105cych przeciwnik\u00f3w, by ulepsza\u0107 swoje zdolno\u015bci i&nbsp;prawdziwie zmodyfikowa\u0107 sw\u00f3j styl gry.<br \/>\n\u2022 Walcz z&nbsp;gro\u017anymi bossami &#8211; tocz boje ze stworami wielokrotnie od Ciebie wi\u0119kszymi. Dostosuj si\u0119 do ich strategii, wytrzymaj ich nap\u00f3r i&nbsp;poch\u0142o\u0144 ich, by zyska\u0107 rewolucyjne zdolno\u015bci wp\u0142ywaj\u0105ce zar\u00f3wno na walk\u0119, jak i&nbsp;na eksploracj\u0119.<br \/>\n<\/p>","protected":false},"excerpt":{"rendered":"<p>Dochodzi do t\u0105pni\u0119cia pewnej niezwyk\u0142ej substancji, w wyniku kt\u00f3rego ziemia dr\u017cy i&nbsp;si\u0119 kurczy, a&nbsp;Ty nagle ulegasz zmniejszeniu. Czeka na Ciebie nieznane otoczenie \u2013 obce, cho\u0107 jakby znajome. Musisz w nim przetrwa\u0107 starcie z&nbsp;czyhaj\u0105c\u0105 na Ciebie groz\u0105. Przemierzaj surrealistyczne miejsca, poch\u0142aniaj licznie napotykanych wrog\u00f3w i&nbsp;wykorzystuj przeciwko nim ich w\u0142asne moce, staj\u0105c si\u0119 kim\u015b znacznie lepszym ni\u017c [&hellip;]<\/p>\n","protected":false},"featured_media":651052,"comment_status":"closed","ping_status":"closed","template":"","meta":{"ub_ctt_via":""},"product_cat":[236],"product_tag":[218],"class_list":["post-649988","product","type-product","status-publish","has-post-thumbnail","hentry","product_cat-platform","product_tag-games","platform-steam-works"],"_links":{"self":[{"href":"https:\/\/neuvee.com\/pl\/wp-json\/wp\/v2\/product\/649988","targetHints":{"allow":["GET"]}}],"collection":[{"href":"https:\/\/neuvee.com\/pl\/wp-json\/wp\/v2\/product"}],"about":[{"href":"https:\/\/neuvee.com\/pl\/wp-json\/wp\/v2\/types\/product"}],"replies":[{"embeddable":true,"href":"https:\/\/neuvee.com\/pl\/wp-json\/wp\/v2\/comments?post=649988"}],"wp:featuredmedia":[{"embeddable":true,"href":"https:\/\/neuvee.com\/pl\/wp-json\/wp\/v2\/media\/651052"}],"wp:attachment":[{"href":"https:\/\/neuvee.com\/pl\/wp-json\/wp\/v2\/media?parent=649988"}],"wp:term":[{"taxonomy":"product_cat","embeddable":true,"href":"https:\/\/neuvee.com\/pl\/wp-json\/wp\/v2\/product_cat?post=649988"},{"taxonomy":"product_tag","embeddable":true,"href":"https:\/\/neuvee.com\/pl\/wp-json\/wp\/v2\/product_tag?post=649988"}],"curies":[{"name":"wp","href":"https:\/\/api.w.org\/{rel}","templated":true}]}}