{"id":649926,"date":"2023-05-24T20:12:46","date_gmt":"2023-05-24T20:12:46","guid":{"rendered":"https:\/\/neuvee.com\/?post_type=product&#038;p=649926"},"modified":"2025-05-19T14:06:11","modified_gmt":"2025-05-19T14:06:11","slug":"gorogoa-5","status":"publish","type":"product","link":"https:\/\/neuvee.com\/pl\/product\/gorogoa-5\/","title":{"rendered":"GOROGOA"},"content":{"rendered":"<p>Gorogoa to intryguj\u0105ca i&nbsp;pe\u0142na elegancji gra logiczna, kt\u00f3rej fabu\u0142a zosta\u0142a zobrazowana ol\u015bniewaj\u0105cymi ilustracjami autorstwa Jason Roberts.<\/p>\n<p>ZAGADKI PE\u0141NE WYOBRA\u0179NI<br \/>\nRozgrywka w Gorogoa zachwyca sw\u0105 oryginalno\u015bci\u0105, za\u015b&nbsp;u\u017cytkownicy rozwi\u0105zuj\u0105 zagadki poprzez przetwarzanie i&nbsp;\u0142\u0105czenie ze sob\u0105 obraz\u00f3w. Proste, lecz&nbsp;diabelsko wci\u0105gaj\u0105ce.<\/p>\n<p>ROZGRYWKA W R\u0118CZNIE NAMALOWANYM \u015aWIECIE<br \/>\nJason Roberts stworzy\u0142 tysi\u0105ce zachwycaj\u0105cych ilustracji maj\u0105cych na celu oddanie imponuj\u0105cej skali opowie\u015bci ukrytej w \u015bwiecie Gorogoa.<\/p>\n<p>NOWY SPOS\u00d3B OPOWIADANIA HISTORII<br \/>\nGorogoa to wi\u0119cej ni\u017c gra \u2013 to dzie\u0142o sztuki wyra\u017caj\u0105ce swoj\u0105 to\u017csamo\u015b\u0107 poprzez ujmuj\u0105c\u0105 warstw\u0119 graficzn\u0105 i&nbsp;wci\u0105gaj\u0105ce \u0142amig\u0142owki.<\/p>\n<p><\/p>","protected":false},"excerpt":{"rendered":"<p>Gorogoa to intryguj\u0105ca i&nbsp;pe\u0142na elegancji gra logiczna, kt\u00f3rej fabu\u0142a zosta\u0142a zobrazowana ol\u015bniewaj\u0105cymi ilustracjami autorstwa Jason Roberts. ZAGADKI PE\u0141NE WYOBRA\u0179NI Rozgrywka w Gorogoa zachwyca sw\u0105 oryginalno\u015bci\u0105, za\u015b&nbsp;u\u017cytkownicy rozwi\u0105zuj\u0105 zagadki poprzez przetwarzanie i&nbsp;\u0142\u0105czenie ze sob\u0105 obraz\u00f3w. Proste, lecz&nbsp;diabelsko wci\u0105gaj\u0105ce. ROZGRYWKA W R\u0118CZNIE NAMALOWANYM \u015aWIECIE Jason Roberts stworzy\u0142 tysi\u0105ce zachwycaj\u0105cych ilustracji maj\u0105cych na celu oddanie imponuj\u0105cej skali opowie\u015bci [&hellip;]<\/p>\n","protected":false},"featured_media":650881,"comment_status":"closed","ping_status":"closed","template":"","meta":{"ub_ctt_via":""},"product_cat":[127,223,221],"product_tag":[218],"class_list":["post-649926","product","type-product","status-publish","has-post-thumbnail","hentry","product_cat-adventure","product_cat-casual","product_cat-indie","product_tag-games","platform-steam-works"],"_links":{"self":[{"href":"https:\/\/neuvee.com\/pl\/wp-json\/wp\/v2\/product\/649926","targetHints":{"allow":["GET"]}}],"collection":[{"href":"https:\/\/neuvee.com\/pl\/wp-json\/wp\/v2\/product"}],"about":[{"href":"https:\/\/neuvee.com\/pl\/wp-json\/wp\/v2\/types\/product"}],"replies":[{"embeddable":true,"href":"https:\/\/neuvee.com\/pl\/wp-json\/wp\/v2\/comments?post=649926"}],"wp:featuredmedia":[{"embeddable":true,"href":"https:\/\/neuvee.com\/pl\/wp-json\/wp\/v2\/media\/650881"}],"wp:attachment":[{"href":"https:\/\/neuvee.com\/pl\/wp-json\/wp\/v2\/media?parent=649926"}],"wp:term":[{"taxonomy":"product_cat","embeddable":true,"href":"https:\/\/neuvee.com\/pl\/wp-json\/wp\/v2\/product_cat?post=649926"},{"taxonomy":"product_tag","embeddable":true,"href":"https:\/\/neuvee.com\/pl\/wp-json\/wp\/v2\/product_tag?post=649926"}],"curies":[{"name":"wp","href":"https:\/\/api.w.org\/{rel}","templated":true}]}}