{"id":649912,"date":"2023-05-24T20:09:44","date_gmt":"2023-05-24T20:09:44","guid":{"rendered":"https:\/\/neuvee.com\/?post_type=product&#038;p=649912"},"modified":"2025-05-19T14:21:41","modified_gmt":"2025-05-19T14:21:41","slug":"gonner","status":"publish","type":"product","link":"https:\/\/neuvee.com\/pl\/product\/gonner\/","title":{"rendered":"GONNER"},"content":{"rendered":"<p>GoNNer to diabelnie trudna, proceduralnie generowana platform\u00f3wka z&nbsp;elementami roguelike. GoNNer to r\u00f3wnie\u017c historia przyja\u017ani mi\u0119dzy Ikkiem, \u015amierci\u0105, i&nbsp;kosmicznym wielorybem imieniem Sally.<\/p>\n<p>Umrzesz. Cz\u0119sto. Takie jest za\u0142o\u017cenie gry, ale staramy si\u0119, \u017ceby by\u0142o sprawiedliwie. W ko\u0144cu ogarniesz jak gra\u0107 w GoNNer, wi\u0119c&nbsp;nie tra\u0107 g\u0142owy. A nawet je\u015bli stracisz to nie szkodzi, mamy du\u017co g\u0142\u00f3w na wymian\u0119.<\/p>\n<p>&#8211; CODZIENNE WYZWANIA! Mo\u017cna je podejmowa\u0107 raz dziennie. Poziomy s\u0105 tworzone losowo, ale wszyscy graj\u0105 w tym samym \u015bwiecie z&nbsp;tym samym wyposa\u017ceniem. Wszystko resetuje si\u0119 o&nbsp;p\u00f3\u0142nocy czasu szwedzkiego. Zdo\u0142asz wyprzedzi\u0107 rywali w rankingu?<\/p>\n<p>&#8211; PROCEDURALNIE GENEROWANY \u015aWIAT! Za ka\u017cdym razem, gdy uruchomisz gr\u0119, \u015bwiat b\u0119dzie inny, oferuj\u0105c nowe wyzwania i&nbsp;mo\u017cliwo\u015bci.<\/p>\n<p>&#8211; UMIEJ\u0118TNO\u015aCI! Na pocz\u0105tku ka\u017cdej rozgrywki b\u0119dziesz m\u00f3g\u0142 wybiera\u0107 z&nbsp;kolekcji pasywnych i&nbsp;aktywnych umiej\u0119tno\u015bci. Eksperymentuj wi\u0119c, i&nbsp;znajd\u017a styl gry kt\u00f3ry najbardziej ci pasuje.<\/p>\n<p>&#8211; SEKRETY! W \u015bwiecie GoNNer znajduj\u0105 si\u0119 ukryte miejsca, gdzie b\u0119dziesz m\u00f3g\u0142 znale\u017a\u0107 wyj\u0105tkowe przedmioty, kt\u00f3re b\u0119dziesz m\u00f3g\u0142 wykorzystywa\u0107 w nast\u0119pnych rozgrywkach. Nie powiemy ci gdzie te miejsca si\u0119 znajduj\u0105 ani&nbsp;jak je znale\u017a\u0107. Tajemnica to tajemnica, nie?<\/p>\n<p>&#8211; RANKINGI! Zabijaj potwory, nabijaj kombosy, zbieraj punkty i&nbsp;poka\u017c znajomym, jak bardzo jeste\u015b od nich lepszy.<\/p>\n<p>&#8211; MUZYKA! Jest naprawd\u0119, naprawd\u0119 dobra!<\/p>\n<p>Powodzenia.<\/p>\n<p><\/p>","protected":false},"excerpt":{"rendered":"<p>GoNNer to diabelnie trudna, proceduralnie generowana platform\u00f3wka z&nbsp;elementami roguelike. GoNNer to r\u00f3wnie\u017c historia przyja\u017ani mi\u0119dzy Ikkiem, \u015amierci\u0105, i&nbsp;kosmicznym wielorybem imieniem Sally. Umrzesz. Cz\u0119sto. Takie jest za\u0142o\u017cenie gry, ale staramy si\u0119, \u017ceby by\u0142o sprawiedliwie. W ko\u0144cu ogarniesz jak gra\u0107 w GoNNer, wi\u0119c&nbsp;nie tra\u0107 g\u0142owy. A nawet je\u015bli stracisz to nie szkodzi, mamy du\u017co g\u0142\u00f3w na wymian\u0119. [&hellip;]<\/p>\n","protected":false},"featured_media":650463,"comment_status":"closed","ping_status":"closed","template":"","meta":{"ub_ctt_via":""},"product_cat":[15],"product_tag":[218],"class_list":["post-649912","product","type-product","status-publish","has-post-thumbnail","hentry","product_cat-uncategorized","product_tag-games","platform-steam-works"],"_links":{"self":[{"href":"https:\/\/neuvee.com\/pl\/wp-json\/wp\/v2\/product\/649912","targetHints":{"allow":["GET"]}}],"collection":[{"href":"https:\/\/neuvee.com\/pl\/wp-json\/wp\/v2\/product"}],"about":[{"href":"https:\/\/neuvee.com\/pl\/wp-json\/wp\/v2\/types\/product"}],"replies":[{"embeddable":true,"href":"https:\/\/neuvee.com\/pl\/wp-json\/wp\/v2\/comments?post=649912"}],"wp:featuredmedia":[{"embeddable":true,"href":"https:\/\/neuvee.com\/pl\/wp-json\/wp\/v2\/media\/650463"}],"wp:attachment":[{"href":"https:\/\/neuvee.com\/pl\/wp-json\/wp\/v2\/media?parent=649912"}],"wp:term":[{"taxonomy":"product_cat","embeddable":true,"href":"https:\/\/neuvee.com\/pl\/wp-json\/wp\/v2\/product_cat?post=649912"},{"taxonomy":"product_tag","embeddable":true,"href":"https:\/\/neuvee.com\/pl\/wp-json\/wp\/v2\/product_tag?post=649912"}],"curies":[{"name":"wp","href":"https:\/\/api.w.org\/{rel}","templated":true}]}}