{"id":649907,"date":"2023-05-24T20:08:54","date_gmt":"2023-05-24T20:08:54","guid":{"rendered":"https:\/\/neuvee.com\/?post_type=product&#038;p=649907"},"modified":"2025-05-19T14:39:04","modified_gmt":"2025-05-19T14:39:04","slug":"gods-trigger-o-m-g-edition","status":"publish","type":"product","link":"https:\/\/neuvee.com\/pl\/product\/gods-trigger-o-m-g-edition\/","title":{"rendered":"GOD&#8217;S TRIGGER O.M.G EDITION"},"content":{"rendered":"<p>Najpierw ocal \u015bwiat w mo\u017cliwie najbrutalniejszy spos\u00f3b.<\/p>\n<p>Potem poznaj kulisy projektowania Apokalipsy, pos\u0142uchaj muzyki z&nbsp;God&#8217;s Triggera podczas jakiej\u015b wycieczki i&nbsp;odpicuj sw\u00f3j pulpit wypasionymi grafikami.<\/p>\n<p>W God&#8217;s Trigger &#8211; O.M.G Edition znajdziesz:<br \/>\nGod&#8217;s Trigger (no raczej)<br \/>\nPonad 70 stron artbooka ze szkicami postaci i&nbsp;konceptami poziom\u00f3w (ca\u0142kiem zacne rzeczy!)<br \/>\nOryginalna \u015bcie\u017cka d\u017awi\u0119kowa &#8211; ponad 40 minut muzyki z&nbsp;gry w formacie mp3 oraz&nbsp;bezstratnym FLAC (na winyl przyjdzie jeszcze czas)<br \/>\n10 tapet z&nbsp;grafikami z&nbsp;gry w wysokiej rozdzielczo\u015bci (z ilo\u015bci\u0105 wyczesanych grafik nie da si\u0119 przesadzi\u0107)<br \/>\nKr\u00f3tki komiks w formie cyfrowej (dla ceni\u0105cych sobie grafik\u0119 ORAZ fabu\u0142\u0119)<\/p>\n<p>Kiedy Anio\u0142 i&nbsp;Demonica po\u0142\u0105cz\u0105 si\u0142y, by utorowa\u0107 sobie drog\u0119 do Niebios i&nbsp;powstrzyma\u0107 apokalips\u0119, poleje si\u0119 krew.<\/p>\n<p>Graj sam lub&nbsp;ze znajomym w trybie wsp\u00f3\u0142pracy. Wparuj do pomieszczenia i&nbsp;w kilka sekund wyko\u0144cz wszystkich, kt\u00f3rzy stan\u0105 ci na drodze. W urz\u0105dzaniu krwawej \u0142a\u017ani przyda si\u0119 bogaty arsena\u0142 broni oraz&nbsp;umiej\u0119tno\u015bci specjalne.<\/p>\n<p>Zabijaj przeciwnik\u00f3w z&nbsp;przytupem!<br \/>\nPodejmuj decyzje w u\u0142amku sekund, unikaj kul i&nbsp;siej zniszczenie w krwawych, dynamicznych starciach.<\/p>\n<p>Ka\u017cda posta\u0107 posiada unikalne moce, bro\u0144 oraz&nbsp;modyfikowalne umiej\u0119tno\u015bci specjalne. Sposob\u00f3w na anihilacj\u0119 przeciwnik\u00f3w jest bez liku!<\/p>\n<p>Dw\u00f3ch bohater\u00f3w to dwa razy wi\u0119ksza jatka! Je\u015bli grasz sam, to mo\u017cesz dowolnie prze\u0142\u0105cza\u0107 si\u0119 mi\u0119dzy anio\u0142em Harrym, a&nbsp;demonic\u0105 Judy. Tryb wsp\u00f3\u0142pracy to doskona\u0142a okazja, by wsp\u00f3lnie ze znajomym urz\u0105dzi\u0107 jeszcze bardziej widowiskow\u0105 rze\u017a!<br \/>\n<\/p>","protected":false},"excerpt":{"rendered":"<p>Najpierw ocal \u015bwiat w mo\u017cliwie najbrutalniejszy spos\u00f3b. Potem poznaj kulisy projektowania Apokalipsy, pos\u0142uchaj muzyki z&nbsp;God&#8217;s Triggera podczas jakiej\u015b wycieczki i&nbsp;odpicuj sw\u00f3j pulpit wypasionymi grafikami. W God&#8217;s Trigger &#8211; O.M.G Edition znajdziesz: God&#8217;s Trigger (no raczej) Ponad 70 stron artbooka ze szkicami postaci i&nbsp;konceptami poziom\u00f3w (ca\u0142kiem zacne rzeczy!) Oryginalna \u015bcie\u017cka d\u017awi\u0119kowa &#8211; ponad 40 minut muzyki [&hellip;]<\/p>\n","protected":false},"featured_media":652108,"comment_status":"closed","ping_status":"closed","template":"","meta":{"ub_ctt_via":""},"product_cat":[88,221],"product_tag":[218],"class_list":["post-649907","product","type-product","status-publish","has-post-thumbnail","hentry","product_cat-action","product_cat-indie","product_tag-games","platform-steam-works"],"_links":{"self":[{"href":"https:\/\/neuvee.com\/pl\/wp-json\/wp\/v2\/product\/649907","targetHints":{"allow":["GET"]}}],"collection":[{"href":"https:\/\/neuvee.com\/pl\/wp-json\/wp\/v2\/product"}],"about":[{"href":"https:\/\/neuvee.com\/pl\/wp-json\/wp\/v2\/types\/product"}],"replies":[{"embeddable":true,"href":"https:\/\/neuvee.com\/pl\/wp-json\/wp\/v2\/comments?post=649907"}],"wp:featuredmedia":[{"embeddable":true,"href":"https:\/\/neuvee.com\/pl\/wp-json\/wp\/v2\/media\/652108"}],"wp:attachment":[{"href":"https:\/\/neuvee.com\/pl\/wp-json\/wp\/v2\/media?parent=649907"}],"wp:term":[{"taxonomy":"product_cat","embeddable":true,"href":"https:\/\/neuvee.com\/pl\/wp-json\/wp\/v2\/product_cat?post=649907"},{"taxonomy":"product_tag","embeddable":true,"href":"https:\/\/neuvee.com\/pl\/wp-json\/wp\/v2\/product_tag?post=649907"}],"curies":[{"name":"wp","href":"https:\/\/api.w.org\/{rel}","templated":true}]}}