{"id":649824,"date":"2023-05-24T19:57:05","date_gmt":"2023-05-24T19:57:05","guid":{"rendered":"https:\/\/neuvee.com\/?post_type=product&#038;p=649824"},"modified":"2025-05-19T13:23:34","modified_gmt":"2025-05-19T13:23:34","slug":"gods-trigger","status":"publish","type":"product","link":"https:\/\/neuvee.com\/pl\/product\/gods-trigger\/","title":{"rendered":"GOD&#8217;S TRIGGER"},"content":{"rendered":"<p>Kiedy Anio\u0142 i&nbsp;Demonica po\u0142\u0105cz\u0105 si\u0142y, by utorowa\u0107 sobie drog\u0119 do Niebios i&nbsp;powstrzyma\u0107 apokalips\u0119, poleje si\u0119 krew.<\/p>\n<p>Graj sam lub&nbsp;ze znajomym w trybie wsp\u00f3\u0142pracy. Wparuj do pomieszczenia i&nbsp;w kilka sekund wyko\u0144cz wszystkich, kt\u00f3rzy stan\u0105 ci na drodze. W urz\u0105dzaniu krwawej \u0142a\u017ani przyda si\u0119 bogaty arsena\u0142 broni oraz&nbsp;umiej\u0119tno\u015bci specjalne.<\/p>\n<p>Zabijaj przeciwnik\u00f3w z&nbsp;przytupem!<br \/>\nPodejmuj decyzje w u\u0142amku sekund, unikaj kul i&nbsp;siej zniszczenie w krwawych, dynamicznych starciach.<\/p>\n<p>Ka\u017cda posta\u0107 posiada unikalne moce, bro\u0144 oraz&nbsp;modyfikowalne umiej\u0119tno\u015bci specjalne. Sposob\u00f3w na anihilacj\u0119 przeciwnik\u00f3w jest bez liku!<\/p>\n<p>Dw\u00f3ch bohater\u00f3w to dwa razy wi\u0119ksza jatka! Je\u015bli grasz sam, to mo\u017cesz dowolnie prze\u0142\u0105cza\u0107 si\u0119 mi\u0119dzy anio\u0142em Harrym, a&nbsp;demonic\u0105 Judy. Tryb wsp\u00f3\u0142pracy to doskona\u0142a okazja, by wsp\u00f3lnie ze znajomym urz\u0105dzi\u0107 jeszcze bardziej widowiskow\u0105 rze\u017a!<br \/>\n<\/p>","protected":false},"excerpt":{"rendered":"<p>Kiedy Anio\u0142 i&nbsp;Demonica po\u0142\u0105cz\u0105 si\u0142y, by utorowa\u0107 sobie drog\u0119 do Niebios i&nbsp;powstrzyma\u0107 apokalips\u0119, poleje si\u0119 krew. Graj sam lub&nbsp;ze znajomym w trybie wsp\u00f3\u0142pracy. Wparuj do pomieszczenia i&nbsp;w kilka sekund wyko\u0144cz wszystkich, kt\u00f3rzy stan\u0105 ci na drodze. W urz\u0105dzaniu krwawej \u0142a\u017ani przyda si\u0119 bogaty arsena\u0142 broni oraz&nbsp;umiej\u0119tno\u015bci specjalne. Zabijaj przeciwnik\u00f3w z&nbsp;przytupem! Podejmuj decyzje w u\u0142amku sekund, [&hellip;]<\/p>\n","protected":false},"featured_media":649827,"comment_status":"closed","ping_status":"closed","template":"","meta":{"ub_ctt_via":""},"product_cat":[88,221],"product_tag":[218],"class_list":["post-649824","product","type-product","status-publish","has-post-thumbnail","hentry","product_cat-action","product_cat-indie","product_tag-games","platform-steam-works"],"_links":{"self":[{"href":"https:\/\/neuvee.com\/pl\/wp-json\/wp\/v2\/product\/649824","targetHints":{"allow":["GET"]}}],"collection":[{"href":"https:\/\/neuvee.com\/pl\/wp-json\/wp\/v2\/product"}],"about":[{"href":"https:\/\/neuvee.com\/pl\/wp-json\/wp\/v2\/types\/product"}],"replies":[{"embeddable":true,"href":"https:\/\/neuvee.com\/pl\/wp-json\/wp\/v2\/comments?post=649824"}],"wp:featuredmedia":[{"embeddable":true,"href":"https:\/\/neuvee.com\/pl\/wp-json\/wp\/v2\/media\/649827"}],"wp:attachment":[{"href":"https:\/\/neuvee.com\/pl\/wp-json\/wp\/v2\/media?parent=649824"}],"wp:term":[{"taxonomy":"product_cat","embeddable":true,"href":"https:\/\/neuvee.com\/pl\/wp-json\/wp\/v2\/product_cat?post=649824"},{"taxonomy":"product_tag","embeddable":true,"href":"https:\/\/neuvee.com\/pl\/wp-json\/wp\/v2\/product_tag?post=649824"}],"curies":[{"name":"wp","href":"https:\/\/api.w.org\/{rel}","templated":true}]}}