{"id":649730,"date":"2023-05-24T19:49:49","date_gmt":"2023-05-24T19:49:49","guid":{"rendered":"https:\/\/neuvee.com\/?post_type=product&#038;p=649730"},"modified":"2025-05-19T14:18:22","modified_gmt":"2025-05-19T14:18:22","slug":"gladiator-guild-manager-2","status":"publish","type":"product","link":"https:\/\/neuvee.com\/pl\/product\/gladiator-guild-manager-2\/","title":{"rendered":"GLADIATOR GUILD MANAGER"},"content":{"rendered":"<p>O tej grze<br \/>\nStw\u00f3rz gildi\u0119, zatrudnij pierwszych gladiator\u00f3w i&nbsp;rozpocznij swoj\u0105 przygod\u0119 w tym epickim \u015bwiecie.<\/p>\n<p>Spr\u00f3buj Szcz\u0119\u015bcia w Turniejach<br \/>\nWybieraj gladiator\u00f3w do ka\u017cdej walki, ustaw ich w formacji i&nbsp;instruuj, jak maj\u0105 si\u0119 zachowa\u0107.<\/p>\n<p>\u015amiertelna bitwa rozegra si\u0119 automatycznie, pokazuj\u0105c Ci rezultaty Twojego planowania.<br \/>\nStrze\u017c si\u0119 wroga, obserwuj ich ruchy i&nbsp;przemy\u015bl jak je najlepiej skontrowa\u0107.<\/p>\n<p>Twoim g\u0142\u00f3wnym celem jest wygrywanie co miesi\u0119cznych mistrzostw, coraz wy\u017csza pozycja oraz&nbsp;podb\u00f3j kolejnych, coraz bardziej wymagaj\u0105cych aren.<\/p>\n<p>Rozwijaj Swoj\u0105 Gildi\u0119 i&nbsp;Dru\u017cyn\u0119<br \/>\nZ czasem rozwijasz swoj\u0105 gildi\u0119, co pozwala Ci na werbowanie nowych typ\u00f3w gladiator\u00f3w od wojownik\u00f3w, \u0142ucznik\u00f3w, a&nbsp;ko\u0144cz\u0105c na magach i&nbsp;bestiach. Dzi\u0119ki temu mo\u017cesz tworzy\u0107 unikatowe dru\u017cyny.<\/p>\n<p>Ka\u017cdy gladiator ma inne cechy i&nbsp;umiej\u0119tno\u015bci, kt\u00f3re albo&nbsp;czyni\u0105 go bardzo dobrym w czym\u015b, lecz&nbsp;drogim, albo&nbsp;bardzo s\u0142abym, ale tanim. Wybieraj swoich czempion\u00f3w m\u0105drze i&nbsp;obserwuj rynek, na kt\u00f3rym stale pojawiaj\u0105 si\u0119 nowi gladiatorzy.<\/p>\n<p>Wyzw\u00f3l swoj\u0105 kreatywno\u015b\u0107. Rozwijaj dru\u017cyn\u0119 i&nbsp;wyposa\u017c ich w coraz to lepsze uzbrojenie i&nbsp;pot\u0119\u017cniejsze przedmioty. Wybieraj uwa\u017cnie, aby dobra\u0107 tych gladiator\u00f3w i&nbsp;te przedmioty, kt\u00f3re najlepiej si\u0119 uzupe\u0142niaj\u0105.<\/p>\n<p>R\u00f3\u017cnorodne Bitwy<br \/>\nWarto pomi\u0119dzy comiesi\u0119cznymi turniejami zmaksymalizowa\u0107 swoje zyski i&nbsp;wzrost, aby zyska\u0107 przewag\u0119 na nast\u0119pny, wielki turniej.<br \/>\nWejd\u017a do aren Pier\u015bcienia \u015amierci, kt\u00f3re oferuj\u0105 r\u00f3\u017cnorodne wyzwania.<\/p>\n<p>Wykorzystaj r\u00f3\u017cne warunki pogodowe, kt\u00f3re maj\u0105 ogromny wp\u0142yw na przebieg walki. Niech dadz\u0105 Ci przewag\u0119 nad rywalem!<\/p>\n<p>Questy i&nbsp;\u015awiat<br \/>\nR\u00f3\u017cne postacie zaoferuj\u0105 Ci ca\u0142\u0105 gamm\u0119 quest\u00f3w, potrzebuj\u0105c Twoich gladiator\u00f3w r\u00f3wnie\u017c poza arena.Buduj reputacje u r\u00f3\u017cnych frakcji i&nbsp;naucz si\u0119 \u017cy\u0107 w tym \u015bwiecie lub&nbsp;go zmie\u0144 na dobre.<\/p>\n<p>Pom\u00f3\u017c biednym, wspieraj dzielnice i&nbsp;kr\u00f3lestwo lub&nbsp;wesprzyj rozw\u00f3j magii, w zale\u017cno\u015bci od tego z&nbsp;kim si\u0119 zwi\u0105\u017cesz.<\/p>\n<p>Albo zaanga\u017cuj si\u0119 w g\u0142upkowate historie poboczne.<\/p>\n<p>Kiedy ju\u017c Tw\u00f3j gladiator jest gotowy na ostateczny test, zaakceptuj wymagaj\u0105ce questy, w kt\u00f3rych Twoja dru\u017cyna zmierzy si\u0119 z&nbsp;przera\u017caj\u0105cymi bossami.<\/p>\n<p>Ka\u017cda rozgrywka jest inna<br \/>\nPo uko\u0144czeniu fina\u0142owego turnieju na arenie, odblokujesz now\u0105 zawarto\u015b\u0107, kt\u00f3ra pojawi si\u0119 przy nast\u0119pnej rozgrywce.<br \/>\nKa\u017cda kolejna rozgrywka, zapewnia losowo\u015b\u0107 gladiator\u00f3w, ich umiej\u0119tno\u015bci, udziwnie\u0144 i&nbsp;przedmiot\u00f3w, wymagaj\u0105c od Ciebie wymy\u015blenia nowej taktyki i&nbsp;kombinacji dla Twoich dru\u017cyn.<\/p>\n<p>Mo\u017cesz gra\u0107 na \u0142atwiejszych trybach i&nbsp;zapewni\u0107 sobie spokojn\u0105 i&nbsp;relaksuj\u0105c\u0105 rozgrywk\u0119. Albo podkr\u0119ci\u0107 trudno\u015b\u0107 i&nbsp;sprawi\u0107, \u017ce ka\u017cda, ma\u0142a decyzja ma swoje konsekwencje.<\/p>\n<p>Kiedy ju\u017c staniesz si\u0119 mistrzem gry i&nbsp;b\u0119dziesz potrzebowa\u0142 jeszcze wi\u0119kszego wyzwania, mo\u017cesz w\u0142\u0105czy\u0107 limit czasowy, albo&nbsp;nawet tryb trwa\u0142ej \u015bmierci, w kt\u00f3rym nie b\u0119dziesz w stanie wskrzesi\u0107 gladiator\u00f3w, kt\u00f3rzy padli w bitwie.<br \/>\nOpis dotycz\u0105cy tre\u015bci dla doros\u0142ych<\/p>\n<p>Producenci opisuj\u0105 te tre\u015bci w nast\u0119puj\u0105cy spos\u00f3b:<\/p>\n<p>Ta gra mo\u017ce zawiera\u0107 tre\u015bci nieodpowiednie dla wszystkich grup wiekowych lub&nbsp;nie nadawa\u0107 si\u0119 do ogl\u0105dania w pracy: Cz\u0119sta przemoc lub&nbsp;brutalno\u015b\u0107, Tre\u015bci przeznaczone dla doros\u0142ych<\/p>\n<p><\/p>","protected":false},"excerpt":{"rendered":"<p>O tej grze Stw\u00f3rz gildi\u0119, zatrudnij pierwszych gladiator\u00f3w i&nbsp;rozpocznij swoj\u0105 przygod\u0119 w tym epickim \u015bwiecie. Spr\u00f3buj Szcz\u0119\u015bcia w Turniejach Wybieraj gladiator\u00f3w do ka\u017cdej walki, ustaw ich w formacji i&nbsp;instruuj, jak maj\u0105 si\u0119 zachowa\u0107. \u015amiertelna bitwa rozegra si\u0119 automatycznie, pokazuj\u0105c Ci rezultaty Twojego planowania. Strze\u017c si\u0119 wroga, obserwuj ich ruchy i&nbsp;przemy\u015bl jak je najlepiej skontrowa\u0107. Twoim [&hellip;]<\/p>\n","protected":false},"featured_media":651957,"comment_status":"closed","ping_status":"closed","template":"","meta":{"ub_ctt_via":""},"product_cat":[78,222],"product_tag":[218],"class_list":["post-649730","product","type-product","status-publish","has-post-thumbnail","hentry","product_cat-simulation","product_cat-strategy","product_tag-games","platform-steam-works"],"_links":{"self":[{"href":"https:\/\/neuvee.com\/pl\/wp-json\/wp\/v2\/product\/649730","targetHints":{"allow":["GET"]}}],"collection":[{"href":"https:\/\/neuvee.com\/pl\/wp-json\/wp\/v2\/product"}],"about":[{"href":"https:\/\/neuvee.com\/pl\/wp-json\/wp\/v2\/types\/product"}],"replies":[{"embeddable":true,"href":"https:\/\/neuvee.com\/pl\/wp-json\/wp\/v2\/comments?post=649730"}],"wp:featuredmedia":[{"embeddable":true,"href":"https:\/\/neuvee.com\/pl\/wp-json\/wp\/v2\/media\/651957"}],"wp:attachment":[{"href":"https:\/\/neuvee.com\/pl\/wp-json\/wp\/v2\/media?parent=649730"}],"wp:term":[{"taxonomy":"product_cat","embeddable":true,"href":"https:\/\/neuvee.com\/pl\/wp-json\/wp\/v2\/product_cat?post=649730"},{"taxonomy":"product_tag","embeddable":true,"href":"https:\/\/neuvee.com\/pl\/wp-json\/wp\/v2\/product_tag?post=649730"}],"curies":[{"name":"wp","href":"https:\/\/api.w.org\/{rel}","templated":true}]}}