{"id":649724,"date":"2023-05-24T19:47:31","date_gmt":"2023-05-24T19:47:31","guid":{"rendered":"https:\/\/neuvee.com\/?post_type=product&#038;p=649724"},"modified":"2025-05-19T13:38:25","modified_gmt":"2025-05-19T13:38:25","slug":"garbage-2","status":"publish","type":"product","link":"https:\/\/neuvee.com\/pl\/product\/garbage-2\/","title":{"rendered":"GARBAGE"},"content":{"rendered":"<p>Garbage to symulator walki, z&nbsp;elementami zarz\u0105dzania i&nbsp;budowy. Do\u015bwiadcz trudno\u015bci przez jakie przechodzi bezdomny, w humorystyczny, ale nie obra\u017caj\u0105cy nikogo, spos\u00f3b. Prymitywne elementy codziennego \u017cycia, kt\u00f3re my bierzemy za pewnik, takie jak ciep\u0142o, dobre od\u017cywianie czy higiena, staj\u0105 si\u0119 problemem.<\/p>\n<p>\u015aWIAT<br \/>\n\u2022 Do\u015bwiadcz niesamowitej historii, przedstawionej za pomoc\u0105 r\u0119cznie narysowanych komiks\u00f3w, oddaj\u0105cych g\u0142upkowato\u015b\u0107 \u015bwiata Garbage. Nie do\u015bwiadczysz negatywnych emocji, po tym jak zostaniesz wci\u0105gni\u0119ty w ten \u015bwiat.<\/p>\n<p>\u2022 \u015awiat Garbage cechuje ponure, miejskie \u015brodowisko, pe\u0142ne efekt\u00f3w wizualnych i&nbsp;chwytliwej muzyki. Pos\u0142uchaj unikalnie brzmi\u0105cych g\u0142os\u00f3w postaci, kt\u00f3re nie przypominaj\u0105 niczego, jak tylko be\u0142kot bezdomnych.<\/p>\n<p>WALKA<br \/>\n\u2022 Walki w Garbage s\u0105 automatyczne, wszystkie przygotowania s\u0105 robione przed walk\u0105. Jest to unikatowy system, eksploruj\u0105cy niezbadane tereny gatunku symulacji.<\/p>\n<p>\u2022 Wybierz spo\u015br\u00f3d setek umiej\u0119tno\u015bci, aby stworzy\u0107 co\u015b na kszta\u0142t mistrza walki. \u0141\u0105cz umiej\u0119tno\u015bci, by stworzy\u0107 dru\u017cyn\u0119, kt\u00f3ra dzia\u0142a razem.<\/p>\n<p>ZARZ\u0104DZANIE<br \/>\n\u2022 Gra posiada g\u0142\u0119boki system budowy, z&nbsp;wieloma wyj\u0105tkowymi budowlami i&nbsp;ulepszaniami. Prze\u017cycie za pomoc\u0105 niewielkiej ilo\u015bci \u015bmieci jest wyzwaniem. Buduj m\u0105drze i&nbsp;wyznacz priorytety.<\/p>\n<p>\u2022 Dbaj o&nbsp;swoich \u017culi, jakby byli Tamagochi \u2013 karm, k\u0105p, szkol ich i&nbsp;wiele wi\u0119cej. Bezdomni to specyficzne postacie, kt\u00f3re nie wymagaj\u0105 specjalnej opieki, by prze\u017cy\u0107: nie p\u0142acz\u0105 i&nbsp;nie pytaj\u0105 o&nbsp;jakie\u015b wyj\u0105tkowe przyjemno\u015bci.<\/p>\n<p>\u2022 Gra jest bardzo podobna do prawdziwego \u017cycia, dzi\u0119ki systemowi pogody. Posiada te\u017c cykl dnia, nocy, a&nbsp;nawet p\u00f3r roku. Ten niesamowity system mo\u017ce zar\u00f3wno u\u0142atwi\u0107, jak i&nbsp;utrudni\u0107 rozgrywk\u0119.<\/p>\n<p>\u2022 \u015awiat Gargbage ma system ekwipunku z&nbsp;setkami dost\u0119pnych przedmiot\u00f3w. Przedmiot\u00f3w, kt\u00f3re mo\u017cesz za\u0142o\u017cy\u0107, tworzy\u0107, je\u015b\u0107 i&nbsp;handlowa\u0107 nimi.<\/p>\n<p>\u2022 Zatrudniaj \u017culi, by pracowali w Twojej bazie. Ci niestrudzeni pracownicy, kt\u00f3rzy pracuj\u0105 za darmo, s\u0105 niezb\u0119dni do Twojego prze\u017cycia.<\/p>\n<p>KONTROLA<br \/>\n\u2022 Miasto sk\u0142ada si\u0119 z&nbsp;5 dzielnic, kt\u00f3re mo\u017cesz okupowa\u0107 i&nbsp;eksplorowa\u0107 do woli. Istnieje ponad 30 wyj\u0105tkowych obszar\u00f3w w tych dzielnicach. Odwied\u017a sw\u00f3j ulubiony ko\u015bci\u00f3\u0142, w Pasie Biblijnym i&nbsp;pokonaj lokalnych, religijnych meneli w walce o&nbsp;\u015bmieci.<\/p>\n<p>\u2022 Dzieci s\u0105 bezwzgl\u0119dnymi bossami dla bezdomnych. Ale kto b\u0119dzie nast\u0119pn\u0105 generacj\u0105 bezdomnych, jak nie dzieci? Dzieci nie s\u0105 jedynymi bossami, kt\u00f3re kontroluj\u0105 \u015bwiat Garbage, w\u0142a\u015bciwie to s\u0105 jednymi ze s\u0142abszych.<\/p>\n<p>\u2022 Bezdomni grupuj\u0105 si\u0119 w gangi i&nbsp;dzia\u0142aj\u0105 na ulicy zorganizowanie. Do\u0142\u0105cz do nich lub&nbsp;staw im czo\u0142a i&nbsp;zbuduj w\u0142asne imperium.<\/p>\n<p>\u2022 Bierz udzia\u0142 w zorganizowanych wydarzeniach: legalnych i&nbsp;nielegalnych. We\u017a udzia\u0142 w wymagaj\u0105cych walkach na arenie. Wp\u0142y\u0144 na histori\u0119 za pomoc\u0105 wybranej przez siebie drogi.<\/p>\n<p>\u2022 We\u017a udzia\u0142 w zamieszaniu w alejkach i&nbsp;ukrytych miejscach \u015bmieciowego \u015bwiata. We\u017a udzia\u0142 w wyj\u0105tkowych, wygenerowanych losowo wydarzeniach z&nbsp;nieznanymi rezultatami. Podbij \u015bmieciowe ulice by zapewni\u0107 stabilny dop\u0142yw zasob\u00f3w, koniecznych w brutalnych starciach.<\/p>\n<p><\/p>","protected":false},"excerpt":{"rendered":"<p>Garbage to symulator walki, z&nbsp;elementami zarz\u0105dzania i&nbsp;budowy. Do\u015bwiadcz trudno\u015bci przez jakie przechodzi bezdomny, w humorystyczny, ale nie obra\u017caj\u0105cy nikogo, spos\u00f3b. Prymitywne elementy codziennego \u017cycia, kt\u00f3re my bierzemy za pewnik, takie jak ciep\u0142o, dobre od\u017cywianie czy higiena, staj\u0105 si\u0119 problemem. \u015aWIAT \u2022 Do\u015bwiadcz niesamowitej historii, przedstawionej za pomoc\u0105 r\u0119cznie narysowanych komiks\u00f3w, oddaj\u0105cych g\u0142upkowato\u015b\u0107 \u015bwiata Garbage. Nie [&hellip;]<\/p>\n","protected":false},"featured_media":651840,"comment_status":"closed","ping_status":"closed","template":"","meta":{"ub_ctt_via":""},"product_cat":[78,222],"product_tag":[218],"class_list":["post-649724","product","type-product","status-publish","has-post-thumbnail","hentry","product_cat-simulation","product_cat-strategy","product_tag-games","platform-steam-works"],"_links":{"self":[{"href":"https:\/\/neuvee.com\/pl\/wp-json\/wp\/v2\/product\/649724","targetHints":{"allow":["GET"]}}],"collection":[{"href":"https:\/\/neuvee.com\/pl\/wp-json\/wp\/v2\/product"}],"about":[{"href":"https:\/\/neuvee.com\/pl\/wp-json\/wp\/v2\/types\/product"}],"replies":[{"embeddable":true,"href":"https:\/\/neuvee.com\/pl\/wp-json\/wp\/v2\/comments?post=649724"}],"wp:featuredmedia":[{"embeddable":true,"href":"https:\/\/neuvee.com\/pl\/wp-json\/wp\/v2\/media\/651840"}],"wp:attachment":[{"href":"https:\/\/neuvee.com\/pl\/wp-json\/wp\/v2\/media?parent=649724"}],"wp:term":[{"taxonomy":"product_cat","embeddable":true,"href":"https:\/\/neuvee.com\/pl\/wp-json\/wp\/v2\/product_cat?post=649724"},{"taxonomy":"product_tag","embeddable":true,"href":"https:\/\/neuvee.com\/pl\/wp-json\/wp\/v2\/product_tag?post=649724"}],"curies":[{"name":"wp","href":"https:\/\/api.w.org\/{rel}","templated":true}]}}