{"id":649717,"date":"2023-05-24T19:40:08","date_gmt":"2023-05-24T19:40:08","guid":{"rendered":"https:\/\/neuvee.com\/?post_type=product&#038;p=649717"},"modified":"2025-05-19T14:25:55","modified_gmt":"2025-05-19T14:25:55","slug":"flower-5","status":"publish","type":"product","link":"https:\/\/neuvee.com\/pl\/product\/flower-5\/","title":{"rendered":"FLOWER"},"content":{"rendered":"<p>Do\u015bwiadcz obsypanej nagrodami gry Flower \u2013 teraz w wersji PC. Flower umo\u017cliwia zapanowanie nad wiatrem oraz&nbsp;eksploracj\u0119 ol\u015bniewaj\u0105cego i&nbsp;pe\u0142nego szczeg\u00f3\u0142\u00f3w \u015bwiata za pomoc\u0105 sterowania ruchem. Bez po\u015bpiechu odkrywaj zr\u00f3\u017cnicowane krajobrazy, wp\u0142ywaj na rzeczywisto\u015b\u0107 i&nbsp;zmieniaj j\u0105 poprzez swoje dzia\u0142ania, a&nbsp;tak\u017ce odnajd\u017a w swoim otoczeniu r\u00f3wnowag\u0119 i&nbsp;harmoni\u0119.<\/p>\n<p>Oto interaktywne do\u015bwiadczenie, kt\u00f3re zabierze ci\u0119 w niepowtarzaln\u0105 podr\u00f3\u017c poprzez emocje i&nbsp;odczucia.<\/p>\n<p>\u2022 Sterowanie, kt\u00f3re \u0142atwo opanowa\u0107 \u2013 Sterowanie gr\u0105 jest banalnie proste. Wystarczy, \u017ce wska\u017cesz wiatrowi kierunek, w kt\u00f3rym chcesz si\u0119 porusza\u0107.<\/p>\n<p>\u2022 Porywaj\u0105ce, w pe\u0142ni interaktywne otoczenie \u2013 Rozleg\u0142e \u0142\u0105ki pe\u0142ne ko\u0142ysz\u0105cych si\u0119 na wietrze ro\u015blin tworz\u0105 otoczenie, w kt\u00f3rym \u0142atwo jest si\u0119 zatraci\u0107.<\/p>\n<p>\u2022 Wci\u0105gaj\u0105ca i&nbsp;pe\u0142na emocji rozgrywka \u2013 Flower to oferuj\u0105ca bardzo osobiste prze\u017cycia pozycja zar\u00f3wno dla graczy, jak i&nbsp;os\u00f3b dopiero rozpoczynaj\u0105cych znajomo\u015b\u0107 z&nbsp;grami video.<\/p>","protected":false},"excerpt":{"rendered":"<p>Do\u015bwiadcz obsypanej nagrodami gry Flower \u2013 teraz w wersji PC. Flower umo\u017cliwia zapanowanie nad wiatrem oraz&nbsp;eksploracj\u0119 ol\u015bniewaj\u0105cego i&nbsp;pe\u0142nego szczeg\u00f3\u0142\u00f3w \u015bwiata za pomoc\u0105 sterowania ruchem. Bez po\u015bpiechu odkrywaj zr\u00f3\u017cnicowane krajobrazy, wp\u0142ywaj na rzeczywisto\u015b\u0107 i&nbsp;zmieniaj j\u0105 poprzez swoje dzia\u0142ania, a&nbsp;tak\u017ce odnajd\u017a w swoim otoczeniu r\u00f3wnowag\u0119 i&nbsp;harmoni\u0119. Oto interaktywne do\u015bwiadczenie, kt\u00f3re zabierze ci\u0119 w niepowtarzaln\u0105 podr\u00f3\u017c poprzez emocje [&hellip;]<\/p>\n","protected":false},"featured_media":649942,"comment_status":"closed","ping_status":"closed","template":"","meta":{"ub_ctt_via":""},"product_cat":[127,223],"product_tag":[218],"class_list":["post-649717","product","type-product","status-publish","has-post-thumbnail","hentry","product_cat-adventure","product_cat-casual","product_tag-games","platform-steam-works"],"_links":{"self":[{"href":"https:\/\/neuvee.com\/pl\/wp-json\/wp\/v2\/product\/649717","targetHints":{"allow":["GET"]}}],"collection":[{"href":"https:\/\/neuvee.com\/pl\/wp-json\/wp\/v2\/product"}],"about":[{"href":"https:\/\/neuvee.com\/pl\/wp-json\/wp\/v2\/types\/product"}],"replies":[{"embeddable":true,"href":"https:\/\/neuvee.com\/pl\/wp-json\/wp\/v2\/comments?post=649717"}],"wp:featuredmedia":[{"embeddable":true,"href":"https:\/\/neuvee.com\/pl\/wp-json\/wp\/v2\/media\/649942"}],"wp:attachment":[{"href":"https:\/\/neuvee.com\/pl\/wp-json\/wp\/v2\/media?parent=649717"}],"wp:term":[{"taxonomy":"product_cat","embeddable":true,"href":"https:\/\/neuvee.com\/pl\/wp-json\/wp\/v2\/product_cat?post=649717"},{"taxonomy":"product_tag","embeddable":true,"href":"https:\/\/neuvee.com\/pl\/wp-json\/wp\/v2\/product_tag?post=649717"}],"curies":[{"name":"wp","href":"https:\/\/api.w.org\/{rel}","templated":true}]}}