{"id":649712,"date":"2023-05-24T19:38:15","date_gmt":"2023-05-24T19:38:15","guid":{"rendered":"https:\/\/neuvee.com\/?post_type=product&#038;p=649712"},"modified":"2025-05-19T14:37:55","modified_gmt":"2025-05-19T14:37:55","slug":"florence-5","status":"publish","type":"product","link":"https:\/\/neuvee.com\/pl\/product\/florence-5\/","title":{"rendered":"FLORENCE"},"content":{"rendered":"<p>Florence to przygoda trwaj\u0105ca ok. 30 minut. Gra jest kr\u00f3tka, lecz&nbsp;na d\u0142ugo zapada w pami\u0119ci.<\/p>\n<p>25-letnia Florence Yeoh czuje si\u0119 nieco zagubiona. Jej \u017cycie zamyka si\u0119 w nieko\u0144cz\u0105cej si\u0119 rutynie pracy, snu i&nbsp;cokolwiek zbyt cz\u0119stych kontakt\u00f3w z&nbsp;mediami spo\u0142eczno\u015bciowymi. Pewnego dnia spotyka jednak&nbsp;wiolonczelist\u0119 o&nbsp;imieniu Krish, kt\u00f3ry odmienia spos\u00f3b, w jaki dziewczyna postrzega otaczaj\u0105cy j\u0105 \u015bwiat.<\/p>\n<p>We\u017a udzia\u0142 w serii interaktywnych ods\u0142on i&nbsp;prze\u017cyj wraz z&nbsp;Florence i&nbsp;Krishem kolejne etapy ich zwi\u0105zku \u2013 od flirtu a\u017c do konfliktu, od intymno\u015bci a\u017c do rozstania. Inspirowana obyczajowymi powie\u015bciami graficznymi i&nbsp;komiksami internetowymi gra Florence to kameralne, osobiste do\u015bwiadczenie.<\/p>\n<p><\/p>","protected":false},"excerpt":{"rendered":"<p>Florence to przygoda trwaj\u0105ca ok. 30 minut. Gra jest kr\u00f3tka, lecz&nbsp;na d\u0142ugo zapada w pami\u0119ci. 25-letnia Florence Yeoh czuje si\u0119 nieco zagubiona. Jej \u017cycie zamyka si\u0119 w nieko\u0144cz\u0105cej si\u0119 rutynie pracy, snu i&nbsp;cokolwiek zbyt cz\u0119stych kontakt\u00f3w z&nbsp;mediami spo\u0142eczno\u015bciowymi. Pewnego dnia spotyka jednak&nbsp;wiolonczelist\u0119 o&nbsp;imieniu Krish, kt\u00f3ry odmienia spos\u00f3b, w jaki dziewczyna postrzega otaczaj\u0105cy j\u0105 \u015bwiat. We\u017a [&hellip;]<\/p>\n","protected":false},"featured_media":652060,"comment_status":"closed","ping_status":"closed","template":"","meta":{"ub_ctt_via":""},"product_cat":[127,223,221],"product_tag":[218],"class_list":["post-649712","product","type-product","status-publish","has-post-thumbnail","hentry","product_cat-adventure","product_cat-casual","product_cat-indie","product_tag-games","platform-steam-works"],"_links":{"self":[{"href":"https:\/\/neuvee.com\/pl\/wp-json\/wp\/v2\/product\/649712","targetHints":{"allow":["GET"]}}],"collection":[{"href":"https:\/\/neuvee.com\/pl\/wp-json\/wp\/v2\/product"}],"about":[{"href":"https:\/\/neuvee.com\/pl\/wp-json\/wp\/v2\/types\/product"}],"replies":[{"embeddable":true,"href":"https:\/\/neuvee.com\/pl\/wp-json\/wp\/v2\/comments?post=649712"}],"wp:featuredmedia":[{"embeddable":true,"href":"https:\/\/neuvee.com\/pl\/wp-json\/wp\/v2\/media\/652060"}],"wp:attachment":[{"href":"https:\/\/neuvee.com\/pl\/wp-json\/wp\/v2\/media?parent=649712"}],"wp:term":[{"taxonomy":"product_cat","embeddable":true,"href":"https:\/\/neuvee.com\/pl\/wp-json\/wp\/v2\/product_cat?post=649712"},{"taxonomy":"product_tag","embeddable":true,"href":"https:\/\/neuvee.com\/pl\/wp-json\/wp\/v2\/product_tag?post=649712"}],"curies":[{"name":"wp","href":"https:\/\/api.w.org\/{rel}","templated":true}]}}