{"id":649657,"date":"2023-05-24T19:34:15","date_gmt":"2023-05-24T19:34:15","guid":{"rendered":"https:\/\/neuvee.com\/?post_type=product&#038;p=649657"},"modified":"2025-05-19T13:39:27","modified_gmt":"2025-05-19T13:39:27","slug":"flat-eye-3","status":"publish","type":"product","link":"https:\/\/neuvee.com\/pl\/product\/flat-eye-3\/","title":{"rendered":"FLAT EYE"},"content":{"rendered":"<p>Flat Eye to zr\u00f3wnowa\u017cone po\u0142\u0105czenie symulacji zarz\u0105dzania z&nbsp;bogat\u0105 fabu\u0142\u0105. Jako kierownik czo\u0142owej stacji paliwowo-technologicznej musisz zapewnia\u0107 jej p\u0142ynn\u0105 prac\u0119, wykonywa\u0107 wydawane przez pierwsz\u0105 na \u015bwiecie prawdziw\u0105 sztuczn\u0105 inteligencj\u0119 dzienne zadania oraz&nbsp;opracowywa\u0107 nowe technologie \u2013 oczywi\u015bcie w celu zapewnienia ludzko\u015bci lepszej przysz\u0142o\u015bci. <\/p>\n<p>**Flat Eye to gra o&nbsp;technologii i&nbsp;jej wp\u0142ywie na nasze \u017cycie. Dlatego mo\u017ce porusza\u0107 trudne tematy, kt\u00f3re nie s\u0105 odpowiednie dla wszystkich graczy.**<\/p>\n<p>CECHY GRY<br \/>\nW obszernym drzewie technologicznym poznasz i&nbsp;zainstalujesz nowe modu\u0142y stacji, kt\u00f3re przyci\u0105gn\u0105 klient\u00f3w premium. Ka\u017cda z&nbsp;tych postaci ma w\u0142asn\u0105, zaskakuj\u0105c\u0105 histori\u0119, na kt\u00f3r\u0105 mo\u017cesz wp\u0142yn\u0105\u0107. <\/p>\n<p>Przyk\u0142adowe modu\u0142y**:<br \/>\n&#8211; Automat z&nbsp;narz\u0105dami (produkowanymi laboratoryjnie, nie z&nbsp;wolnego wybiegu)<br \/>\n&#8211; Sztuczne \u0142ono (prosimy zachowa\u0107 paragon w celu zagwarantowania odbioru w\u0142a\u015bciwego dziecka)<br \/>\n&#8211; Kabina klonuj\u0105ca (co dwie pary r\u0105k, to nie jedna)<br \/>\n&#8211; Modyfikator pami\u0119ci (po co czego\u015b \u017ca\u0142owa\u0107, gdy mo\u017cna wymaza\u0107 wspomnienia?)<br \/>\n&#8211; Inteligentne toalety (chyba nie trzeba wyja\u015bnia\u0107)<br \/>\n&#8211; Teleporter (tylko bilety w jedn\u0105 stron\u0119)<br \/>\n&#8211; A w grze b\u0119dzie ich wiele wi\u0119cej! <\/p>\n<p>Ka\u017cdego dnia musisz zg\u0142asza\u0107 przychody sklepu oraz&nbsp;oceny satysfakcji klient\u00f3w pierwszej na \u015bwiecie sztucznej inteligencji (a tak\u017ce w\u0142a\u015bcicielowi Flat Eye i&nbsp;sp\u00f3\u0142ce matce). Od razu ostrzegamy \u2013 nie chcesz ich zawie\u015b\u0107. <\/p>\n<p>(**Eye Life jest podmiotem zale\u017cnym sp\u00f3\u0142ki Flat Eye\u2122, wszelkie prawa zastrze\u017cone. Flat Eye\u2122 nie odpowiada za wszelkie straty poniesione na terenie Flat Eye\u2122. W ka\u017cdej plac\u00f3wce znajduj\u0105 si\u0119 ostrze\u017cenia. Prosimy uwa\u017cnie si\u0119 z&nbsp;nimi zapozna\u0107. Flat Eye\u2122 nie odpowiada za nieprzewidziane rezultaty u\u017cycia kabiny klonuj\u0105cej, automatu z&nbsp;narz\u0105dami lub&nbsp;teleportera.) <\/p>\n<p>FABU\u0141A<br \/>\nFabu\u0142a Flat Eye skupia si\u0119 na poznawaniu nowatorskich technologii z&nbsp;perspektywy os\u00f3b, kt\u00f3re z&nbsp;nich korzystaj\u0105. <\/p>\n<p>Nie wszystkie postacie s\u0105 pod tym wzgl\u0119dem istotne \u2013 st\u0105d w\u0142a\u015bnie klienci premium. Zaczynaj\u0105 si\u0119 oni pojawia\u0107 dopiero po zainstalowaniu konkretnych modu\u0142\u00f3w. Zostaj\u0105 wybrani przez sztuczn\u0105 inteligencj\u0119 ze wzgl\u0119du na istotn\u0105 pro\u015bb\u0119, kt\u00f3rej spe\u0142nienie mo\u017ce mie\u0107 znacz\u0105cy wp\u0142yw na przysz\u0142o\u015b\u0107 ludzko\u015bci. <\/p>\n<p>Obowi\u0105zkiem kierownika stacji jest zapoznawanie si\u0119 z&nbsp;potrzebami klient\u00f3w premium i&nbsp;podejmowanie decyzji w imieniu ca\u0142ej ludzko\u015bci. To nie\u0142atwe zadanie, ale nie bez powodu zarabiasz minimaln\u0105 krajow\u0105!<\/p>\n<p><\/p>","protected":false},"excerpt":{"rendered":"<p>Flat Eye to zr\u00f3wnowa\u017cone po\u0142\u0105czenie symulacji zarz\u0105dzania z&nbsp;bogat\u0105 fabu\u0142\u0105. Jako kierownik czo\u0142owej stacji paliwowo-technologicznej musisz zapewnia\u0107 jej p\u0142ynn\u0105 prac\u0119, wykonywa\u0107 wydawane przez pierwsz\u0105 na \u015bwiecie prawdziw\u0105 sztuczn\u0105 inteligencj\u0119 dzienne zadania oraz&nbsp;opracowywa\u0107 nowe technologie \u2013 oczywi\u015bcie w celu zapewnienia ludzko\u015bci lepszej przysz\u0142o\u015bci. **Flat Eye to gra o&nbsp;technologii i&nbsp;jej wp\u0142ywie na nasze \u017cycie. Dlatego mo\u017ce porusza\u0107 trudne [&hellip;]<\/p>\n","protected":false},"featured_media":651453,"comment_status":"closed","ping_status":"closed","template":"","meta":{"ub_ctt_via":""},"product_cat":[78],"product_tag":[218],"class_list":["post-649657","product","type-product","status-publish","has-post-thumbnail","hentry","product_cat-simulation","product_tag-games","platform-steam-works"],"_links":{"self":[{"href":"https:\/\/neuvee.com\/pl\/wp-json\/wp\/v2\/product\/649657","targetHints":{"allow":["GET"]}}],"collection":[{"href":"https:\/\/neuvee.com\/pl\/wp-json\/wp\/v2\/product"}],"about":[{"href":"https:\/\/neuvee.com\/pl\/wp-json\/wp\/v2\/types\/product"}],"replies":[{"embeddable":true,"href":"https:\/\/neuvee.com\/pl\/wp-json\/wp\/v2\/comments?post=649657"}],"wp:featuredmedia":[{"embeddable":true,"href":"https:\/\/neuvee.com\/pl\/wp-json\/wp\/v2\/media\/651453"}],"wp:attachment":[{"href":"https:\/\/neuvee.com\/pl\/wp-json\/wp\/v2\/media?parent=649657"}],"wp:term":[{"taxonomy":"product_cat","embeddable":true,"href":"https:\/\/neuvee.com\/pl\/wp-json\/wp\/v2\/product_cat?post=649657"},{"taxonomy":"product_tag","embeddable":true,"href":"https:\/\/neuvee.com\/pl\/wp-json\/wp\/v2\/product_tag?post=649657"}],"curies":[{"name":"wp","href":"https:\/\/api.w.org\/{rel}","templated":true}]}}