{"id":649589,"date":"2023-05-24T19:09:36","date_gmt":"2023-05-24T19:09:36","guid":{"rendered":"https:\/\/neuvee.com\/?post_type=product&#038;p=649589"},"modified":"2025-05-19T14:12:20","modified_gmt":"2025-05-19T14:12:20","slug":"farming-simulator-22-platinum-expansion-giants","status":"publish","type":"product","link":"https:\/\/neuvee.com\/pl\/product\/farming-simulator-22-platinum-expansion-giants\/","title":{"rendered":"FARMING SIMULATOR 22 PLATINUM EXPANSION (GIANTS)"},"content":{"rendered":"<p>Rozwijaj swoj\u0105 dzia\u0142alno\u015b\u0107 rolnicz\u0105 na zupe\u0142nie nowych, t\u0119tni\u0105cych \u017cyciem terenach Silverrun Forest. Rusz do lasu z&nbsp;nowymi maszynami i&nbsp;narz\u0119dziami produkowanymi przez Volvo Group i&nbsp;inne firmy! To pot\u0119\u017cne rozszerzenie zawiera now\u0105 map\u0119 zainspirowan\u0105 le\u015bnymi pejza\u017cami Wybrze\u017ca P\u00f3\u0142nocno-Zachodniego, pe\u0142n\u0105 nowych miejsc i&nbsp;\u0142a\u0144cuch\u00f3w produkcji, kt\u00f3re b\u0119d\u0105 si\u0119 rozrasta\u0107 dzi\u0119ki dostarczanemu przez ciebie drewnu. Chwy\u0107 znaczniki do drzew, aby stawi\u0107 czo\u0142a misjom zwi\u0105zanym z&nbsp;le\u015bnictwem, i&nbsp;buduj \u0142odzie!<\/p>\n<p>Wybieraj spo\u015br\u00f3d wielu nowych maszyn renomowanego szwedzkiego producenta, kt\u00f3ry debiutuje w serii Farming Simulator, i&nbsp;jeszcze bardziej poszerz swoj\u0105 flot\u0119 o&nbsp;sprz\u0119t takich firm jak John Deere, Komatsu, Pfanzelt, Koller, Schwarzm\u00fcller, IMPEX i&nbsp;wiele innych. Rozszerzenie zawiera ponad 40 autentycznych pojazd\u00f3w i&nbsp;narz\u0119dzi, dzi\u0119ki kt\u00f3rym wzbogacisz swoj\u0105 wiedz\u0119 z&nbsp;dziedziny rolnictwa i&nbsp;le\u015bnictwa o&nbsp;zagadnienia pozyskiwania drewna i&nbsp;sadzenia drzew.<\/p>\n<p>Do serii wprowadzono mark\u0119 Volvo Group<br \/>\nPonad 40 nowych pojazd\u00f3w i&nbsp;narz\u0119dzi<br \/>\nNowy obszar: Silverrun Forest<br \/>\nNowe gatunki drzew i&nbsp;efekty \u015brodowiskowe<br \/>\nNowy mechanizm rozgrywki: cechowanie drzew<br \/>\nNowe \u0142a\u0144cuchy produkcyjne i&nbsp;misje \u2013 budowanie \u0142odzi!<br \/>\nGra wieloosobowa \u2013 mo\u017cliwo\u015b\u0107 wsp\u00f3lnego prowadzenia gospodarstwa<br \/>\nModHub \u2013 darmowa zawarto\u015b\u0107 tworzona przez spo\u0142eczno\u015b\u0107<\/p>\n<p><\/p>","protected":false},"excerpt":{"rendered":"<p>Rozwijaj swoj\u0105 dzia\u0142alno\u015b\u0107 rolnicz\u0105 na zupe\u0142nie nowych, t\u0119tni\u0105cych \u017cyciem terenach Silverrun Forest. Rusz do lasu z&nbsp;nowymi maszynami i&nbsp;narz\u0119dziami produkowanymi przez Volvo Group i&nbsp;inne firmy! To pot\u0119\u017cne rozszerzenie zawiera now\u0105 map\u0119 zainspirowan\u0105 le\u015bnymi pejza\u017cami Wybrze\u017ca P\u00f3\u0142nocno-Zachodniego, pe\u0142n\u0105 nowych miejsc i&nbsp;\u0142a\u0144cuch\u00f3w produkcji, kt\u00f3re b\u0119d\u0105 si\u0119 rozrasta\u0107 dzi\u0119ki dostarczanemu przez ciebie drewnu. Chwy\u0107 znaczniki do drzew, aby stawi\u0107 [&hellip;]<\/p>\n","protected":false},"featured_media":649619,"comment_status":"closed","ping_status":"closed","template":"","meta":{"ub_ctt_via":""},"product_cat":[78],"product_tag":[218],"class_list":["post-649589","product","type-product","status-publish","has-post-thumbnail","hentry","product_cat-simulation","product_tag-games","platform-giants-software-keys"],"_links":{"self":[{"href":"https:\/\/neuvee.com\/pl\/wp-json\/wp\/v2\/product\/649589","targetHints":{"allow":["GET"]}}],"collection":[{"href":"https:\/\/neuvee.com\/pl\/wp-json\/wp\/v2\/product"}],"about":[{"href":"https:\/\/neuvee.com\/pl\/wp-json\/wp\/v2\/types\/product"}],"replies":[{"embeddable":true,"href":"https:\/\/neuvee.com\/pl\/wp-json\/wp\/v2\/comments?post=649589"}],"wp:featuredmedia":[{"embeddable":true,"href":"https:\/\/neuvee.com\/pl\/wp-json\/wp\/v2\/media\/649619"}],"wp:attachment":[{"href":"https:\/\/neuvee.com\/pl\/wp-json\/wp\/v2\/media?parent=649589"}],"wp:term":[{"taxonomy":"product_cat","embeddable":true,"href":"https:\/\/neuvee.com\/pl\/wp-json\/wp\/v2\/product_cat?post=649589"},{"taxonomy":"product_tag","embeddable":true,"href":"https:\/\/neuvee.com\/pl\/wp-json\/wp\/v2\/product_tag?post=649589"}],"curies":[{"name":"wp","href":"https:\/\/api.w.org\/{rel}","templated":true}]}}