{"id":649587,"date":"2023-05-24T19:08:53","date_gmt":"2023-05-24T19:08:53","guid":{"rendered":"https:\/\/neuvee.com\/?post_type=product&#038;p=649587"},"modified":"2025-05-19T14:32:54","modified_gmt":"2025-05-19T14:32:54","slug":"farming-simulator-22-platinum-edition-giants","status":"publish","type":"product","link":"https:\/\/neuvee.com\/pl\/product\/farming-simulator-22-platinum-edition-giants\/","title":{"rendered":"FARMING SIMULATOR 22 PLATINUM EDITION (GIANTS)"},"content":{"rendered":"<p>Zam\u00f3w w przedsprzeda\u017cy ju\u017c teraz i&nbsp;otrzymaj CLAAS XERION SADDLE TRAC Pack!<br \/>\n&#8211; CLAAS XERION 4200 SADDLE TRAC<br \/>\n&#8211; KAWECO XERION SADDLE TRAC Tanker<br \/>\n&#8211; KAWECO XERION SADDLE TRAC Semi-Trailed Tanker<br \/>\n&#8211; KAWECO OPTI-JECT 800<br \/>\n&#8211; KAWECO Front-Unit<\/p>\n<p>Najbardziej rozbudowany symulator rolnictwa!<\/p>\n<p>Dzi\u0119ki Platinum Edition gry Farming Simulator 22 mo\u017cesz rozpocz\u0105\u0107 swoj\u0105 przygod\u0119 z&nbsp;rolnictwem w czterech r\u00f3\u017cnych europejskich i&nbsp;ameryka\u0144skich sceneriach, w kt\u00f3rych zajmiesz si\u0119 rolnictwem, le\u015bnictwem i&nbsp;hodowl\u0105 zwierz\u0105t. Do dyspozycji b\u0119dziesz mie\u0107 ponad 500 autentycznych maszyn i&nbsp;narz\u0119dzi, pochodz\u0105cych od ponad 100 znanych producent\u00f3w sprz\u0119tu rolniczego z&nbsp;ca\u0142ego \u015bwiata.<\/p>\n<p>W Farming Simulator 22 wprowadzono r\u00f3\u017cnorodne mechaniki rozgrywki, takie jak cykle sezonowe, kt\u00f3re wymagaj\u0105 od ciebie planowania i&nbsp;dostosowania si\u0119 do warunk\u00f3w pogodowych. Nowe rodzaje plon\u00f3w, takie jak winogrona i&nbsp;oliwki, wymagaj\u0105 ostro\u017cnych korzystania z&nbsp;wyspecjalizowanych maszyn w przestrzeniach z&nbsp;ograniczonym polem manewr\u00f3w, a&nbsp;r\u00f3\u017cnorodne \u0142a\u0144cuch produkcyjne pozwalaj\u0105 na zbudowanie rolniczego imperium. <\/p>\n<p>Zawiera rozszerzenie Platinum \u2013 jeszcze wi\u0119cej dodatk\u00f3w!<\/p>\n<p>Opr\u00f3cz rozbudowanej podstawowej wersji gry, Platinum Edition zawiera zupe\u0142nie nowe rozszerzenie Platinum. Daje ono dost\u0119p do Silverrun Forest, nowej mapy inspirowanej le\u015bnymi obszarami Wybrze\u017ca P\u00f3\u0142nocno-Zachodniego, oraz&nbsp;zapewnia nowe mo\u017cliwo\u015bci. Chwy\u0107 znaczniki do drzew, aby stawi\u0107 czo\u0142a misjom zwi\u0105zanym z&nbsp;le\u015bnictwem, a&nbsp;nawet buduj \u0142odzie! W Silverrun Forest znajdziesz wiele miejsc oraz&nbsp;\u0142a\u0144cuch\u00f3w produkcji, kt\u00f3re b\u0119d\u0105 si\u0119 rozwija\u0107 dzi\u0119ki dostarczanemu przez ciebie drewnu. <\/p>\n<p>Wybieraj spo\u015br\u00f3d wielu nowych maszyn renomowanego szwedzkiego producenta Volvo Group, kt\u00f3ry debiutuje w serii Farming Simulator, i&nbsp;jeszcze bardziej poszerz swoj\u0105 flot\u0119 o&nbsp;sprz\u0119t takich firm jak John Deere, Komatsu, Pfanzelt, Koller, Schwarzm\u00fcller, IMPEX i&nbsp;wiele innych. Rozszerzenie zawiera ponad 40 autentycznych pojazd\u00f3w i&nbsp;narz\u0119dzi, dzi\u0119ki kt\u00f3rym wzbogacisz swoj\u0105 wiedz\u0119 z&nbsp;dziedziny rolnictwa i&nbsp;le\u015bnictwa o&nbsp;zagadnienia pozyskiwania drewna i&nbsp;sadzenia drzew \u2013 bez wzgl\u0119du na to, czy podejmiesz si\u0119 wyzwania samodzielnie, czy zajmiesz si\u0119 rolnictwem ze znajomymi w trybie wieloosobowym.<\/p>\n<p>Ponad 100 prawdziwych firm, w tym nowo\u015b\u0107 \u2013 Volvo Group!<br \/>\nPonad 500 autentycznych pojazd\u00f3w i&nbsp;narz\u0119dzi<br \/>\nZawiera wersj\u0119 podstawow\u0105 gry i&nbsp;rozszerzenie Platinum<br \/>\n4 r\u00f3\u017cnorodne ameryka\u0144skie i&nbsp;europejskie scenerie<br \/>\nSzeroki wyb\u00f3r plon\u00f3w, zwierz\u0105t i&nbsp;drzew<br \/>\nWyzwania sezonowe, \u0142a\u0144cuchy produkcji, cechowanie drzew i&nbsp;wi\u0119cej!<br \/>\nMi\u0119dzyplatformowy tryb wieloosobowy \u2013 prowad\u017a gospodarstwo z&nbsp;innymi<br \/>\nModHub \u2013 darmowa zawarto\u015b\u0107 tworzona przez spo\u0142eczno\u015b\u0107<\/p>\n<p><\/p>","protected":false},"excerpt":{"rendered":"<p>Zam\u00f3w w przedsprzeda\u017cy ju\u017c teraz i&nbsp;otrzymaj CLAAS XERION SADDLE TRAC Pack! &#8211; CLAAS XERION 4200 SADDLE TRAC &#8211; KAWECO XERION SADDLE TRAC Tanker &#8211; KAWECO XERION SADDLE TRAC Semi-Trailed Tanker &#8211; KAWECO OPTI-JECT 800 &#8211; KAWECO Front-Unit Najbardziej rozbudowany symulator rolnictwa! Dzi\u0119ki Platinum Edition gry Farming Simulator 22 mo\u017cesz rozpocz\u0105\u0107 swoj\u0105 przygod\u0119 z&nbsp;rolnictwem w czterech [&hellip;]<\/p>\n","protected":false},"featured_media":650015,"comment_status":"closed","ping_status":"closed","template":"","meta":{"ub_ctt_via":""},"product_cat":[78],"product_tag":[218],"class_list":["post-649587","product","type-product","status-publish","has-post-thumbnail","hentry","product_cat-simulation","product_tag-games","platform-giants-software-keys"],"_links":{"self":[{"href":"https:\/\/neuvee.com\/pl\/wp-json\/wp\/v2\/product\/649587","targetHints":{"allow":["GET"]}}],"collection":[{"href":"https:\/\/neuvee.com\/pl\/wp-json\/wp\/v2\/product"}],"about":[{"href":"https:\/\/neuvee.com\/pl\/wp-json\/wp\/v2\/types\/product"}],"replies":[{"embeddable":true,"href":"https:\/\/neuvee.com\/pl\/wp-json\/wp\/v2\/comments?post=649587"}],"wp:featuredmedia":[{"embeddable":true,"href":"https:\/\/neuvee.com\/pl\/wp-json\/wp\/v2\/media\/650015"}],"wp:attachment":[{"href":"https:\/\/neuvee.com\/pl\/wp-json\/wp\/v2\/media?parent=649587"}],"wp:term":[{"taxonomy":"product_cat","embeddable":true,"href":"https:\/\/neuvee.com\/pl\/wp-json\/wp\/v2\/product_cat?post=649587"},{"taxonomy":"product_tag","embeddable":true,"href":"https:\/\/neuvee.com\/pl\/wp-json\/wp\/v2\/product_tag?post=649587"}],"curies":[{"name":"wp","href":"https:\/\/api.w.org\/{rel}","templated":true}]}}