{"id":649586,"date":"2023-05-24T19:08:30","date_gmt":"2023-05-24T19:08:30","guid":{"rendered":"https:\/\/neuvee.com\/?post_type=product&#038;p=649586"},"modified":"2025-05-19T13:27:46","modified_gmt":"2025-05-19T13:27:46","slug":"farming-simulator-22-zetor-25-k-steam","status":"publish","type":"product","link":"https:\/\/neuvee.com\/pl\/product\/farming-simulator-22-zetor-25-k-steam\/","title":{"rendered":"FARMING SIMULATOR 22 &#8211; ZETOR 25 K (STEAM)"},"content":{"rendered":"<p>Odpal silnik i&nbsp;poczuj atmosfer\u0119 europejskiej tradycji rolniczej: Traktor Zetor Z-25 K nap\u0119dzany czterosuwowym, dwucylindrowym silnikiem diesla przywodzi na my\u015bl minion\u0105 er\u0119 uprawy p\u00f3l. Model opracowany przez czesk\u0105 firm\u0119 Zetor w latach 1950\u20131960 zosta\u0142 wiernie odwzorowany w grze Farming Simulator 22. Dzi\u0119ki niemu Twoje gospodarstwo nabierze bardziej tradycyjnego charakteru.<\/p>\n<p><\/p>","protected":false},"excerpt":{"rendered":"<p>Odpal silnik i&nbsp;poczuj atmosfer\u0119 europejskiej tradycji rolniczej: Traktor Zetor Z-25 K nap\u0119dzany czterosuwowym, dwucylindrowym silnikiem diesla przywodzi na my\u015bl minion\u0105 er\u0119 uprawy p\u00f3l. Model opracowany przez czesk\u0105 firm\u0119 Zetor w latach 1950\u20131960 zosta\u0142 wiernie odwzorowany w grze Farming Simulator 22. Dzi\u0119ki niemu Twoje gospodarstwo nabierze bardziej tradycyjnego charakteru.<\/p>\n","protected":false},"featured_media":674723,"comment_status":"closed","ping_status":"closed","template":"","meta":{"ub_ctt_via":""},"product_cat":[78],"product_tag":[218],"class_list":["post-649586","product","type-product","status-publish","has-post-thumbnail","hentry","product_cat-simulation","product_tag-games","platform-steam-works"],"_links":{"self":[{"href":"https:\/\/neuvee.com\/pl\/wp-json\/wp\/v2\/product\/649586","targetHints":{"allow":["GET"]}}],"collection":[{"href":"https:\/\/neuvee.com\/pl\/wp-json\/wp\/v2\/product"}],"about":[{"href":"https:\/\/neuvee.com\/pl\/wp-json\/wp\/v2\/types\/product"}],"replies":[{"embeddable":true,"href":"https:\/\/neuvee.com\/pl\/wp-json\/wp\/v2\/comments?post=649586"}],"wp:featuredmedia":[{"embeddable":true,"href":"https:\/\/neuvee.com\/pl\/wp-json\/wp\/v2\/media\/674723"}],"wp:attachment":[{"href":"https:\/\/neuvee.com\/pl\/wp-json\/wp\/v2\/media?parent=649586"}],"wp:term":[{"taxonomy":"product_cat","embeddable":true,"href":"https:\/\/neuvee.com\/pl\/wp-json\/wp\/v2\/product_cat?post=649586"},{"taxonomy":"product_tag","embeddable":true,"href":"https:\/\/neuvee.com\/pl\/wp-json\/wp\/v2\/product_tag?post=649586"}],"curies":[{"name":"wp","href":"https:\/\/api.w.org\/{rel}","templated":true}]}}