{"id":649583,"date":"2023-05-24T19:07:17","date_gmt":"2023-05-24T19:07:17","guid":{"rendered":"https:\/\/neuvee.com\/?post_type=product&#038;p=649583"},"modified":"2025-05-19T13:36:16","modified_gmt":"2025-05-19T13:36:16","slug":"farming-simulator-22-year-2-season-pass-giants","status":"publish","type":"product","link":"https:\/\/neuvee.com\/pl\/product\/farming-simulator-22-year-2-season-pass-giants\/","title":{"rendered":"FARMING SIMULATOR 22 &#8211; YEAR 2 SEASON PASS (GIANTS)"},"content":{"rendered":"<p>Przepustka sezonowa na rok 2 ju\u017c dost\u0119pna!<br \/>\nPrzedsprzeda\u017c dodatku DLC do Farming Simulator 22, kt\u00f3ry zostanie wydany w drugim roku:<br \/>\n&#8211; Volvo LM 845<br \/>\n&#8211; Pakiet DLC 1 (I kwarta\u0142 2023 r.)<br \/>\n&#8211; Pakiet DLC 2 (II kwarta\u0142 2023 r.)<br \/>\n&#8211; Pakiet DLC 3 (III kwarta\u0142 2023 r.)<br \/>\n&#8211; Pakiet DLC 4 (niespodzianka!)<br \/>\n&#8211; Rozszerzenie DLC (IV kwarta\u0142 2023 r.)<br \/>\nZaoszcz\u0119d\u017a ponad 30%!<\/p>\n<p><\/p>","protected":false},"excerpt":{"rendered":"<p>Przepustka sezonowa na rok 2 ju\u017c dost\u0119pna! Przedsprzeda\u017c dodatku DLC do Farming Simulator 22, kt\u00f3ry zostanie wydany w drugim roku: &#8211; Volvo LM 845 &#8211; Pakiet DLC 1 (I kwarta\u0142 2023 r.) &#8211; Pakiet DLC 2 (II kwarta\u0142 2023 r.) &#8211; Pakiet DLC 3 (III kwarta\u0142 2023 r.) &#8211; Pakiet DLC 4 (niespodzianka!) &#8211; Rozszerzenie [&hellip;]<\/p>\n","protected":false},"featured_media":650283,"comment_status":"closed","ping_status":"closed","template":"","meta":{"ub_ctt_via":""},"product_cat":[78],"product_tag":[218],"class_list":["post-649583","product","type-product","status-publish","has-post-thumbnail","hentry","product_cat-simulation","product_tag-games","platform-giants-software-keys"],"_links":{"self":[{"href":"https:\/\/neuvee.com\/pl\/wp-json\/wp\/v2\/product\/649583","targetHints":{"allow":["GET"]}}],"collection":[{"href":"https:\/\/neuvee.com\/pl\/wp-json\/wp\/v2\/product"}],"about":[{"href":"https:\/\/neuvee.com\/pl\/wp-json\/wp\/v2\/types\/product"}],"replies":[{"embeddable":true,"href":"https:\/\/neuvee.com\/pl\/wp-json\/wp\/v2\/comments?post=649583"}],"wp:featuredmedia":[{"embeddable":true,"href":"https:\/\/neuvee.com\/pl\/wp-json\/wp\/v2\/media\/650283"}],"wp:attachment":[{"href":"https:\/\/neuvee.com\/pl\/wp-json\/wp\/v2\/media?parent=649583"}],"wp:term":[{"taxonomy":"product_cat","embeddable":true,"href":"https:\/\/neuvee.com\/pl\/wp-json\/wp\/v2\/product_cat?post=649583"},{"taxonomy":"product_tag","embeddable":true,"href":"https:\/\/neuvee.com\/pl\/wp-json\/wp\/v2\/product_tag?post=649583"}],"curies":[{"name":"wp","href":"https:\/\/api.w.org\/{rel}","templated":true}]}}