{"id":649559,"date":"2023-05-24T19:01:18","date_gmt":"2023-05-24T19:01:18","guid":{"rendered":"https:\/\/neuvee.com\/?post_type=product&#038;p=649559"},"modified":"2025-05-19T13:22:44","modified_gmt":"2025-05-19T13:22:44","slug":"farming-simulator-22-year-1-bundle-giants","status":"publish","type":"product","link":"https:\/\/neuvee.com\/pl\/product\/farming-simulator-22-year-1-bundle-giants\/","title":{"rendered":"FARMING SIMULATOR 22 &#8211; YEAR 1 BUNDLE (GIANTS)"},"content":{"rendered":"<p>O TYM ZESTAWIE<br \/>\nZawiera:<br \/>\n&#8211; Farming Simulator 22<br \/>\n&#8211; Zetor 25 K<br \/>\n&#8211; PACK 1: Nowe pojazdy dla Twojej farmy!<br \/>\n&#8211; PACK 2: To doprowadzi ci\u0119 do szale\u0144stwa!<br \/>\n&#8211; PACK 3: Za\u0142atwiaj sprawy wydajniej!<br \/>\n&#8211; FIRST EXPANSION: Nowa mapa i&nbsp;mn\u00f3stwo maszyn czeka na Ciebie!<\/p>\n<p><\/p>","protected":false},"excerpt":{"rendered":"<p>O TYM ZESTAWIE Zawiera: &#8211; Farming Simulator 22 &#8211; Zetor 25 K &#8211; PACK 1: Nowe pojazdy dla Twojej farmy! &#8211; PACK 2: To doprowadzi ci\u0119 do szale\u0144stwa! &#8211; PACK 3: Za\u0142atwiaj sprawy wydajniej! &#8211; FIRST EXPANSION: Nowa mapa i&nbsp;mn\u00f3stwo maszyn czeka na Ciebie!<\/p>\n","protected":false},"featured_media":674732,"comment_status":"closed","ping_status":"closed","template":"","meta":{"ub_ctt_via":""},"product_cat":[78],"product_tag":[218],"class_list":["post-649559","product","type-product","status-publish","has-post-thumbnail","hentry","product_cat-simulation","product_tag-games","platform-giants-software-keys"],"_links":{"self":[{"href":"https:\/\/neuvee.com\/pl\/wp-json\/wp\/v2\/product\/649559","targetHints":{"allow":["GET"]}}],"collection":[{"href":"https:\/\/neuvee.com\/pl\/wp-json\/wp\/v2\/product"}],"about":[{"href":"https:\/\/neuvee.com\/pl\/wp-json\/wp\/v2\/types\/product"}],"replies":[{"embeddable":true,"href":"https:\/\/neuvee.com\/pl\/wp-json\/wp\/v2\/comments?post=649559"}],"wp:featuredmedia":[{"embeddable":true,"href":"https:\/\/neuvee.com\/pl\/wp-json\/wp\/v2\/media\/674732"}],"wp:attachment":[{"href":"https:\/\/neuvee.com\/pl\/wp-json\/wp\/v2\/media?parent=649559"}],"wp:term":[{"taxonomy":"product_cat","embeddable":true,"href":"https:\/\/neuvee.com\/pl\/wp-json\/wp\/v2\/product_cat?post=649559"},{"taxonomy":"product_tag","embeddable":true,"href":"https:\/\/neuvee.com\/pl\/wp-json\/wp\/v2\/product_tag?post=649559"}],"curies":[{"name":"wp","href":"https:\/\/api.w.org\/{rel}","templated":true}]}}