{"id":649558,"date":"2023-05-24T19:00:58","date_gmt":"2023-05-24T19:00:58","guid":{"rendered":"https:\/\/neuvee.com\/?post_type=product&#038;p=649558"},"modified":"2025-05-19T14:21:31","modified_gmt":"2025-05-19T14:21:31","slug":"farming-simulator-22-vermeer-pack-steam","status":"publish","type":"product","link":"https:\/\/neuvee.com\/pl\/product\/farming-simulator-22-vermeer-pack-steam\/","title":{"rendered":"FARMING SIMULATOR 22 &#8211; VERMEER PACK (STEAM)"},"content":{"rendered":"<p>Tw\u00f3rcy prasy roluj\u0105cej przedstawiaj\u0105 zestaw pot\u0119\u017cnych i&nbsp;innowacyjnych maszyn w grze Farming Simulator 22. Pakiet Vermeer zawiera pi\u0119\u0107 wyj\u0105tkowych, wydajnych maszyn, stworzonych przez mi\u0119dzynarodowego producenta z&nbsp;Ameryki P\u00f3\u0142nocnej, w tym pierwsz\u0105 na \u015bwiecie samobie\u017cn\u0105 pras\u0119.<br \/>\nDzi\u0119ki jedynej w swoim rodzaju samobie\u017cnej prasie ZR5-1200 firmy Vermeer mo\u017cesz w najszybszym mo\u017cliwym tempie produkowa\u0107 bele, ciesz\u0105c si\u0119 wygod\u0105 i&nbsp;zwrotno\u015bci\u0105 \u2013 bez konieczno\u015bci u\u017cycia ci\u0105gnika! Zerowy promie\u0144 skr\u0119tu oraz&nbsp;du\u017ca pr\u0119dko\u015b\u0107 transportu pomog\u0105 ci zaoszcz\u0119dzi\u0107 du\u017co czasu podczas przemieszczania si\u0119 po polach.<br \/>\nPakiet Vermeer zawiera tak\u017ce zaczepian\u0105 kosiark\u0119, podw\u00f3jn\u0105 zgrabiark\u0119 oraz&nbsp;pras\u0119 i&nbsp;\u015bcielark\u0119 do s\u0142omy, kt\u00f3re uzupe\u0142niaj\u0105 wachlarz wytrzyma\u0142ych maszyn, aby praca na \u0142\u0105kach by\u0142a bardziej wydajna.<\/p>\n<p><\/p>","protected":false},"excerpt":{"rendered":"<p>Tw\u00f3rcy prasy roluj\u0105cej przedstawiaj\u0105 zestaw pot\u0119\u017cnych i&nbsp;innowacyjnych maszyn w grze Farming Simulator 22. Pakiet Vermeer zawiera pi\u0119\u0107 wyj\u0105tkowych, wydajnych maszyn, stworzonych przez mi\u0119dzynarodowego producenta z&nbsp;Ameryki P\u00f3\u0142nocnej, w tym pierwsz\u0105 na \u015bwiecie samobie\u017cn\u0105 pras\u0119. Dzi\u0119ki jedynej w swoim rodzaju samobie\u017cnej prasie ZR5-1200 firmy Vermeer mo\u017cesz w najszybszym mo\u017cliwym tempie produkowa\u0107 bele, ciesz\u0105c si\u0119 wygod\u0105 i&nbsp;zwrotno\u015bci\u0105 \u2013 [&hellip;]<\/p>\n","protected":false},"featured_media":650929,"comment_status":"closed","ping_status":"closed","template":"","meta":{"ub_ctt_via":""},"product_cat":[78],"product_tag":[218],"class_list":["post-649558","product","type-product","status-publish","has-post-thumbnail","hentry","product_cat-simulation","product_tag-games","platform-steam-works"],"_links":{"self":[{"href":"https:\/\/neuvee.com\/pl\/wp-json\/wp\/v2\/product\/649558","targetHints":{"allow":["GET"]}}],"collection":[{"href":"https:\/\/neuvee.com\/pl\/wp-json\/wp\/v2\/product"}],"about":[{"href":"https:\/\/neuvee.com\/pl\/wp-json\/wp\/v2\/types\/product"}],"replies":[{"embeddable":true,"href":"https:\/\/neuvee.com\/pl\/wp-json\/wp\/v2\/comments?post=649558"}],"wp:featuredmedia":[{"embeddable":true,"href":"https:\/\/neuvee.com\/pl\/wp-json\/wp\/v2\/media\/650929"}],"wp:attachment":[{"href":"https:\/\/neuvee.com\/pl\/wp-json\/wp\/v2\/media?parent=649558"}],"wp:term":[{"taxonomy":"product_cat","embeddable":true,"href":"https:\/\/neuvee.com\/pl\/wp-json\/wp\/v2\/product_cat?post=649558"},{"taxonomy":"product_tag","embeddable":true,"href":"https:\/\/neuvee.com\/pl\/wp-json\/wp\/v2\/product_tag?post=649558"}],"curies":[{"name":"wp","href":"https:\/\/api.w.org\/{rel}","templated":true}]}}