{"id":649557,"date":"2023-05-24T19:00:34","date_gmt":"2023-05-24T19:00:34","guid":{"rendered":"https:\/\/neuvee.com\/?post_type=product&#038;p=649557"},"modified":"2025-05-19T13:34:52","modified_gmt":"2025-05-19T13:34:52","slug":"farming-simulator-22-pumps-n-hoses-pack-steam","status":"publish","type":"product","link":"https:\/\/neuvee.com\/pl\/product\/farming-simulator-22-pumps-n-hoses-pack-steam\/","title":{"rendered":"FARMING SIMULATOR 22 &#8211; PUMPS N&#8217; HOSES PACK (STEAM)"},"content":{"rendered":"<p>Podkr\u0119\u0107 swoj\u0105 dzia\u0142alno\u015b\u0107 rolnicz\u0105 dzi\u0119ki systemom p\u0119powinowym, separacji obornika i&nbsp;konfigurowalnym biogazowniom! Wielki wyb\u00f3r nowych maszyn, narz\u0119dzi i&nbsp;budynk\u00f3w pozwoli ci rozbudowa\u0107 infrastruktur\u0119 dystrybucji obornika i&nbsp;magazynowania zasob\u00f3w w twoim gospodarstwie. <\/p>\n<p>Dzi\u0119ki ponad 30 nowym przedmiotom od holenderskiego producenta SCHOUTEN, niemieckich specjalist\u00f3w z&nbsp;dziedziny stalowych pojemnik\u00f3w do przechowywania Stallkamp oraz&nbsp;producenta technologii biogazu BVL do Farming Simulator 22 zostaj\u0105 wprowadzone nowe funkcje rozgrywki.<\/p>\n<p>Systemy rozprowadzania obornika i&nbsp;gnoj\u00f3wki<\/p>\n<p>Wprowad\u017a do gospodarstwa systemy p\u0119powinowe! Zast\u0105p ci\u0119\u017ckie zbiorniki na obornik przymocowywanymi do ci\u0105gnika wleczonymi w\u0119\u017cami r\u00f3\u017cnych d\u0142ugo\u015bci oraz&nbsp;wyj\u0105tkowo lekkimi rozlewaczami, dzi\u0119ki kt\u00f3rym mo\u017cesz chroni\u0107 gleb\u0119 i&nbsp;nawozi\u0107 pola z&nbsp;wygod\u0105 i&nbsp;wysok\u0105 wydajno\u015bci\u0105 mobilnych jednostek pompuj\u0105cych, takich jak wozy i&nbsp;przyczepy zaparkowane w pobli\u017cu. W razie potrzeby \u0142\u0105cz w\u0119\u017ce o&nbsp;d\u0142ugo\u015bci setek metr\u00f3w tak, aby zapewni\u0107 wydajno\u015b\u0107 nawo\u017cenia p\u00f3l. Nie zapomnij o&nbsp;poprawie warunk\u00f3w pompowania dzi\u0119ki dodatkowym zbiornikom na wod\u0119 i&nbsp;kompresorom!<\/p>\n<p>Separacja obornika<\/p>\n<p>Separatory p\u0142ynnego obornika daj\u0105 ci mo\u017cliwo\u015b\u0107 oddzielenia frakcji p\u0142ynnej i&nbsp;sta\u0142ej, co zwi\u0119ksza wszechstronno\u015b\u0107 wykorzystania zasob\u00f3w. Dost\u0119pne s\u0105 liczne stacjonarne i&nbsp;mobilne separatory. Zdecyduj, czy chcesz wykorzysta\u0107 sta\u0142\u0105 frakcj\u0119 obornika jako pod\u015bci\u00f3\u0142k\u0119 w gospodarstwie mlecznym, sprzeda\u0107 j\u0105 dla zysku, czy u\u017cy\u0107 jako nawozu na polach jak wersj\u0119 p\u0142ynn\u0105. Wyci\u015bnij jak najwi\u0119cej ze swojego obornika!<\/p>\n<p>Konfiguracja biogazowni<\/p>\n<p>Ulepsz swoj\u0105 biogazowni\u0119, konfiguruj\u0105c j\u0105 wed\u0142ug w\u0142asnych potrzeb i&nbsp;preferencji. G\u0142\u00f3wny obiekt mo\u017ce zosta\u0107 spersonalizowany poprzez elastyczne dodawanie r\u00f3\u017cnorodnych modu\u0142\u00f3w. Zdecyduj, gdzie w swojej wysokowydajnej biogazowni umie\u015bcisz uk\u0142ad podawania, komory fermentacyjne, zbiorniki gazu, agregat pr\u0105dotw\u00f3rczy i&nbsp;inne cz\u0119\u015bci sk\u0142adowe o&nbsp;r\u00f3\u017cnych rozmiarach, w tym pochodni\u0119 do spalania nadmiaru gazu.<\/p>\n<p><\/p>","protected":false},"excerpt":{"rendered":"<p>Podkr\u0119\u0107 swoj\u0105 dzia\u0142alno\u015b\u0107 rolnicz\u0105 dzi\u0119ki systemom p\u0119powinowym, separacji obornika i&nbsp;konfigurowalnym biogazowniom! Wielki wyb\u00f3r nowych maszyn, narz\u0119dzi i&nbsp;budynk\u00f3w pozwoli ci rozbudowa\u0107 infrastruktur\u0119 dystrybucji obornika i&nbsp;magazynowania zasob\u00f3w w twoim gospodarstwie. Dzi\u0119ki ponad 30 nowym przedmiotom od holenderskiego producenta SCHOUTEN, niemieckich specjalist\u00f3w z&nbsp;dziedziny stalowych pojemnik\u00f3w do przechowywania Stallkamp oraz&nbsp;producenta technologii biogazu BVL do Farming Simulator 22 zostaj\u0105 wprowadzone [&hellip;]<\/p>\n","protected":false},"featured_media":650233,"comment_status":"closed","ping_status":"closed","template":"","meta":{"ub_ctt_via":""},"product_cat":[78],"product_tag":[218],"class_list":["post-649557","product","type-product","status-publish","has-post-thumbnail","hentry","product_cat-simulation","product_tag-games","platform-steam-works"],"_links":{"self":[{"href":"https:\/\/neuvee.com\/pl\/wp-json\/wp\/v2\/product\/649557","targetHints":{"allow":["GET"]}}],"collection":[{"href":"https:\/\/neuvee.com\/pl\/wp-json\/wp\/v2\/product"}],"about":[{"href":"https:\/\/neuvee.com\/pl\/wp-json\/wp\/v2\/types\/product"}],"replies":[{"embeddable":true,"href":"https:\/\/neuvee.com\/pl\/wp-json\/wp\/v2\/comments?post=649557"}],"wp:featuredmedia":[{"embeddable":true,"href":"https:\/\/neuvee.com\/pl\/wp-json\/wp\/v2\/media\/650233"}],"wp:attachment":[{"href":"https:\/\/neuvee.com\/pl\/wp-json\/wp\/v2\/media?parent=649557"}],"wp:term":[{"taxonomy":"product_cat","embeddable":true,"href":"https:\/\/neuvee.com\/pl\/wp-json\/wp\/v2\/product_cat?post=649557"},{"taxonomy":"product_tag","embeddable":true,"href":"https:\/\/neuvee.com\/pl\/wp-json\/wp\/v2\/product_tag?post=649557"}],"curies":[{"name":"wp","href":"https:\/\/api.w.org\/{rel}","templated":true}]}}