{"id":649554,"date":"2023-05-24T18:59:32","date_gmt":"2023-05-24T18:59:32","guid":{"rendered":"https:\/\/neuvee.com\/?post_type=product&#038;p=649554"},"modified":"2025-05-19T14:04:27","modified_gmt":"2025-05-19T14:04:27","slug":"farming-simulator-22-mack-trucks-black-anthem-giants","status":"publish","type":"product","link":"https:\/\/neuvee.com\/pl\/product\/farming-simulator-22-mack-trucks-black-anthem-giants\/","title":{"rendered":"FARMING SIMULATOR 22 &#8211; MACK TRUCKS: BLACK ANTHEM (GIANTS)"},"content":{"rendered":"<p>Usi\u0105d\u017a za kierownic\u0105 czarnej ci\u0119\u017car\u00f3wki Mack Black Anthem i&nbsp;wyjed\u017a na drog\u0119 w \u015bwietnym stylu w Farming Simulator 22: Imponuj\u0105cy moc\u0105 i&nbsp;elegancj\u0105 ameryka\u0144ski samoch\u00f3d ci\u0119\u017carowy marki Mack Trucks to prawdziwa legenda, kt\u00f3ra \u015bwietnie sprawdza si\u0119 w prowadzeniu nowoczesnego gospodarstwa. Transportuj swoje towary w wiernie odwzorowanej, cyfrowej wersji Black Anthem.<\/p>\n<p><\/p>","protected":false},"excerpt":{"rendered":"<p>Usi\u0105d\u017a za kierownic\u0105 czarnej ci\u0119\u017car\u00f3wki Mack Black Anthem i&nbsp;wyjed\u017a na drog\u0119 w \u015bwietnym stylu w Farming Simulator 22: Imponuj\u0105cy moc\u0105 i&nbsp;elegancj\u0105 ameryka\u0144ski samoch\u00f3d ci\u0119\u017carowy marki Mack Trucks to prawdziwa legenda, kt\u00f3ra \u015bwietnie sprawdza si\u0119 w prowadzeniu nowoczesnego gospodarstwa. Transportuj swoje towary w wiernie odwzorowanej, cyfrowej wersji Black Anthem.<\/p>\n","protected":false},"featured_media":674731,"comment_status":"closed","ping_status":"closed","template":"","meta":{"ub_ctt_via":""},"product_cat":[78],"product_tag":[218],"class_list":["post-649554","product","type-product","status-publish","has-post-thumbnail","hentry","product_cat-simulation","product_tag-games","platform-giants-software-keys"],"_links":{"self":[{"href":"https:\/\/neuvee.com\/pl\/wp-json\/wp\/v2\/product\/649554","targetHints":{"allow":["GET"]}}],"collection":[{"href":"https:\/\/neuvee.com\/pl\/wp-json\/wp\/v2\/product"}],"about":[{"href":"https:\/\/neuvee.com\/pl\/wp-json\/wp\/v2\/types\/product"}],"replies":[{"embeddable":true,"href":"https:\/\/neuvee.com\/pl\/wp-json\/wp\/v2\/comments?post=649554"}],"wp:featuredmedia":[{"embeddable":true,"href":"https:\/\/neuvee.com\/pl\/wp-json\/wp\/v2\/media\/674731"}],"wp:attachment":[{"href":"https:\/\/neuvee.com\/pl\/wp-json\/wp\/v2\/media?parent=649554"}],"wp:term":[{"taxonomy":"product_cat","embeddable":true,"href":"https:\/\/neuvee.com\/pl\/wp-json\/wp\/v2\/product_cat?post=649554"},{"taxonomy":"product_tag","embeddable":true,"href":"https:\/\/neuvee.com\/pl\/wp-json\/wp\/v2\/product_tag?post=649554"}],"curies":[{"name":"wp","href":"https:\/\/api.w.org\/{rel}","templated":true}]}}