{"id":649550,"date":"2023-05-24T18:57:34","date_gmt":"2023-05-24T18:57:34","guid":{"rendered":"https:\/\/neuvee.com\/?post_type=product&#038;p=649550"},"modified":"2025-05-19T14:14:56","modified_gmt":"2025-05-19T14:14:56","slug":"farming-simulator-22-kubota-pack-giants","status":"publish","type":"product","link":"https:\/\/neuvee.com\/pl\/product\/farming-simulator-22-kubota-pack-giants\/","title":{"rendered":"FARMING SIMULATOR 22 &#8211; KUBOTA PACK (GIANTS)"},"content":{"rendered":"<p>Stw\u00f3rz swoje nowe mobilne biuro w Farming Simulator! Z pakietem Kubota do Farming Simulator 22 poszerzysz flot\u0119 maszyn rolniczych w swoim gospodarstwie o&nbsp;11 nowych pojazd\u00f3w i&nbsp;urz\u0105dze\u0144 od mi\u0119dzynarodowej korporacji za\u0142o\u017conej w Osace w Japonii. W\u015br\u00f3d nich znajdziesz najnowszy i&nbsp;najwi\u0119kszy jak do tej pory ci\u0105gnik firmy, Kubota M8, z&nbsp;przestronn\u0105 kabin\u0105 i&nbsp;panoramicznym widokiem na twoje pola uprawne z&nbsp;najlepszego fotela w gospodarstwie. <\/p>\n<p>Dost\u0119pne s\u0105 te\u017c modele z&nbsp;serii M5, M6 i&nbsp;M7, a&nbsp;tak\u017ce \u0142adowarka ko\u0142owa, mini\u0142adowarka oraz&nbsp;ci\u0119\u017cki sprz\u0119t Kubota, dzi\u0119ki kt\u00f3remu mo\u017cna wykonywa\u0107 codzienne obowi\u0105zki w gospodarstwie z&nbsp;u\u017cyciem nowoczesnych, wszechstronnych i&nbsp;pot\u0119\u017cnych narz\u0119dzi. Dzi\u0119ki dw\u00f3m szybkim i&nbsp;zwinnym pojazdom u\u017cytkowym RTV, kt\u00f3re pozwalaj\u0105 szybko przemieszcza\u0107 si\u0119 w granicach uprawianego area\u0142u lub&nbsp;dostarcza\u0107 produkty, powi\u0119kszysz sw\u00f3j park maszynowy o&nbsp;atrakcyjne pojazdy w kolorach wiod\u0105cej w bran\u017cy firmy. Je\u015bli to wci\u0105\u017c za ma\u0142o, zajrzyj do garderoby, w kt\u00f3rej znajdziesz now\u0105 odzie\u017c Kubota dla swojej postaci!<\/p>\n<p><\/p>","protected":false},"excerpt":{"rendered":"<p>Stw\u00f3rz swoje nowe mobilne biuro w Farming Simulator! Z pakietem Kubota do Farming Simulator 22 poszerzysz flot\u0119 maszyn rolniczych w swoim gospodarstwie o&nbsp;11 nowych pojazd\u00f3w i&nbsp;urz\u0105dze\u0144 od mi\u0119dzynarodowej korporacji za\u0142o\u017conej w Osace w Japonii. W\u015br\u00f3d nich znajdziesz najnowszy i&nbsp;najwi\u0119kszy jak do tej pory ci\u0105gnik firmy, Kubota M8, z&nbsp;przestronn\u0105 kabin\u0105 i&nbsp;panoramicznym widokiem na twoje pola uprawne [&hellip;]<\/p>\n","protected":false},"featured_media":674730,"comment_status":"closed","ping_status":"closed","template":"","meta":{"ub_ctt_via":""},"product_cat":[78],"product_tag":[218],"class_list":["post-649550","product","type-product","status-publish","has-post-thumbnail","hentry","product_cat-simulation","product_tag-games","platform-giants-software-keys"],"_links":{"self":[{"href":"https:\/\/neuvee.com\/pl\/wp-json\/wp\/v2\/product\/649550","targetHints":{"allow":["GET"]}}],"collection":[{"href":"https:\/\/neuvee.com\/pl\/wp-json\/wp\/v2\/product"}],"about":[{"href":"https:\/\/neuvee.com\/pl\/wp-json\/wp\/v2\/types\/product"}],"replies":[{"embeddable":true,"href":"https:\/\/neuvee.com\/pl\/wp-json\/wp\/v2\/comments?post=649550"}],"wp:featuredmedia":[{"embeddable":true,"href":"https:\/\/neuvee.com\/pl\/wp-json\/wp\/v2\/media\/674730"}],"wp:attachment":[{"href":"https:\/\/neuvee.com\/pl\/wp-json\/wp\/v2\/media?parent=649550"}],"wp:term":[{"taxonomy":"product_cat","embeddable":true,"href":"https:\/\/neuvee.com\/pl\/wp-json\/wp\/v2\/product_cat?post=649550"},{"taxonomy":"product_tag","embeddable":true,"href":"https:\/\/neuvee.com\/pl\/wp-json\/wp\/v2\/product_tag?post=649550"}],"curies":[{"name":"wp","href":"https:\/\/api.w.org\/{rel}","templated":true}]}}