{"id":649548,"date":"2023-05-24T18:54:44","date_gmt":"2023-05-24T18:54:44","guid":{"rendered":"https:\/\/neuvee.com\/?post_type=product&#038;p=649548"},"modified":"2025-05-19T13:46:06","modified_gmt":"2025-05-19T13:46:06","slug":"farming-simulator-22-fendt-900-vario-black-beauty-giants","status":"publish","type":"product","link":"https:\/\/neuvee.com\/pl\/product\/farming-simulator-22-fendt-900-vario-black-beauty-giants\/","title":{"rendered":"FARMING SIMULATOR 22 &#8211; FENDT 900 VARIO BLACK BEAUTY (GIANTS)"},"content":{"rendered":"<p>Pot\u0119\u017cny, pi\u0119kny i&nbsp;w czarnym kolorze: Zdob\u0105d\u017a traktor Fendt 900 Vario Black Beauty w grze Farming Simulator 22, by z&nbsp;gracj\u0105 porusza\u0107 si\u0119 po drogach i&nbsp;polach w swoim gospodarstwie. Silnik o&nbsp;mocy nawet 415 koni mechanicznych oraz&nbsp;wyj\u0105tkowa konstrukcja modeli Fendt Vario sprawiaj\u0105, \u017ce maszyny te \u015bwietnie sprawdz\u0105 si\u0119 w ka\u017cdym zadaniu.<\/p>\n<p><\/p>","protected":false},"excerpt":{"rendered":"<p>Pot\u0119\u017cny, pi\u0119kny i&nbsp;w czarnym kolorze: Zdob\u0105d\u017a traktor Fendt 900 Vario Black Beauty w grze Farming Simulator 22, by z&nbsp;gracj\u0105 porusza\u0107 si\u0119 po drogach i&nbsp;polach w swoim gospodarstwie. Silnik o&nbsp;mocy nawet 415 koni mechanicznych oraz&nbsp;wyj\u0105tkowa konstrukcja modeli Fendt Vario sprawiaj\u0105, \u017ce maszyny te \u015bwietnie sprawdz\u0105 si\u0119 w ka\u017cdym zadaniu.<\/p>\n","protected":false},"featured_media":674728,"comment_status":"closed","ping_status":"closed","template":"","meta":{"ub_ctt_via":""},"product_cat":[78],"product_tag":[218],"class_list":["post-649548","product","type-product","status-publish","has-post-thumbnail","hentry","product_cat-simulation","product_tag-games","platform-giants-software-keys"],"_links":{"self":[{"href":"https:\/\/neuvee.com\/pl\/wp-json\/wp\/v2\/product\/649548","targetHints":{"allow":["GET"]}}],"collection":[{"href":"https:\/\/neuvee.com\/pl\/wp-json\/wp\/v2\/product"}],"about":[{"href":"https:\/\/neuvee.com\/pl\/wp-json\/wp\/v2\/types\/product"}],"replies":[{"embeddable":true,"href":"https:\/\/neuvee.com\/pl\/wp-json\/wp\/v2\/comments?post=649548"}],"wp:featuredmedia":[{"embeddable":true,"href":"https:\/\/neuvee.com\/pl\/wp-json\/wp\/v2\/media\/674728"}],"wp:attachment":[{"href":"https:\/\/neuvee.com\/pl\/wp-json\/wp\/v2\/media?parent=649548"}],"wp:term":[{"taxonomy":"product_cat","embeddable":true,"href":"https:\/\/neuvee.com\/pl\/wp-json\/wp\/v2\/product_cat?post=649548"},{"taxonomy":"product_tag","embeddable":true,"href":"https:\/\/neuvee.com\/pl\/wp-json\/wp\/v2\/product_tag?post=649548"}],"curies":[{"name":"wp","href":"https:\/\/api.w.org\/{rel}","templated":true}]}}