{"id":649547,"date":"2023-05-24T18:54:18","date_gmt":"2023-05-24T18:54:18","guid":{"rendered":"https:\/\/neuvee.com\/?post_type=product&#038;p=649547"},"modified":"2025-05-19T13:30:49","modified_gmt":"2025-05-19T13:30:49","slug":"farming-simulator-22-ero-grapeliner-7000-steam","status":"publish","type":"product","link":"https:\/\/neuvee.com\/pl\/product\/farming-simulator-22-ero-grapeliner-7000-steam\/","title":{"rendered":"FARMING SIMULATOR 22 &#8211; ERO GRAPELINER 7000 (STEAM)"},"content":{"rendered":"<p>Przygotuj si\u0119 na sezon zbierania winogron! Nowy, wysokowydajny kombajn ERO Grapelines Series 7000 jest dost\u0119pny u wirtualnych sprzedawc\u00f3w niedaleko twojego gospodarstwa. Ta wierna cyfrowa kopia maszyny produkcji ERO, lidera rynku maszyn dla sektora winnego, jest gotowa do u\u017cytku w Farming Simulator 22 i&nbsp;s\u0142u\u017cy do zbierania smakowitych owoc\u00f3w z&nbsp;wyj\u0105tkow\u0105 trosk\u0105 i&nbsp;pr\u0119dko\u015bci\u0105. Doprowad\u017a sw\u00f3j soczysty interes do perfekcji po\u015br\u00f3d zielonych pag\u00f3rk\u00f3w poro\u015bni\u0119tych winoro\u015blami.<\/p>\n<p><\/p>","protected":false},"excerpt":{"rendered":"<p>Przygotuj si\u0119 na sezon zbierania winogron! Nowy, wysokowydajny kombajn ERO Grapelines Series 7000 jest dost\u0119pny u wirtualnych sprzedawc\u00f3w niedaleko twojego gospodarstwa. Ta wierna cyfrowa kopia maszyny produkcji ERO, lidera rynku maszyn dla sektora winnego, jest gotowa do u\u017cytku w Farming Simulator 22 i&nbsp;s\u0142u\u017cy do zbierania smakowitych owoc\u00f3w z&nbsp;wyj\u0105tkow\u0105 trosk\u0105 i&nbsp;pr\u0119dko\u015bci\u0105. Doprowad\u017a sw\u00f3j soczysty interes do [&hellip;]<\/p>\n","protected":false},"featured_media":649971,"comment_status":"closed","ping_status":"closed","template":"","meta":{"ub_ctt_via":""},"product_cat":[78],"product_tag":[218],"class_list":["post-649547","product","type-product","status-publish","has-post-thumbnail","hentry","product_cat-simulation","product_tag-games","platform-steam-works"],"_links":{"self":[{"href":"https:\/\/neuvee.com\/pl\/wp-json\/wp\/v2\/product\/649547","targetHints":{"allow":["GET"]}}],"collection":[{"href":"https:\/\/neuvee.com\/pl\/wp-json\/wp\/v2\/product"}],"about":[{"href":"https:\/\/neuvee.com\/pl\/wp-json\/wp\/v2\/types\/product"}],"replies":[{"embeddable":true,"href":"https:\/\/neuvee.com\/pl\/wp-json\/wp\/v2\/comments?post=649547"}],"wp:featuredmedia":[{"embeddable":true,"href":"https:\/\/neuvee.com\/pl\/wp-json\/wp\/v2\/media\/649971"}],"wp:attachment":[{"href":"https:\/\/neuvee.com\/pl\/wp-json\/wp\/v2\/media?parent=649547"}],"wp:term":[{"taxonomy":"product_cat","embeddable":true,"href":"https:\/\/neuvee.com\/pl\/wp-json\/wp\/v2\/product_cat?post=649547"},{"taxonomy":"product_tag","embeddable":true,"href":"https:\/\/neuvee.com\/pl\/wp-json\/wp\/v2\/product_tag?post=649547"}],"curies":[{"name":"wp","href":"https:\/\/api.w.org\/{rel}","templated":true}]}}