{"id":649541,"date":"2023-05-24T18:52:12","date_gmt":"2023-05-24T18:52:12","guid":{"rendered":"https:\/\/neuvee.com\/?post_type=product&#038;p=649541"},"modified":"2025-05-19T13:38:39","modified_gmt":"2025-05-19T13:38:39","slug":"farming-simulator-22-antonio-carraro-pack-giants","status":"publish","type":"product","link":"https:\/\/neuvee.com\/pl\/product\/farming-simulator-22-antonio-carraro-pack-giants\/","title":{"rendered":"FARMING SIMULATOR 22 &#8211; ANTONIO CARRARO PACK (GIANTS)"},"content":{"rendered":"<p>Wznie\u015b swoje kwitn\u0105ce przedsi\u0119wzi\u0119cie pe\u0142ne pi\u0119knych winnic i&nbsp;rozleg\u0142ych gaj\u00f3w oliwnych na zupe\u0142nie nowy poziom dzi\u0119ki kompaktowym, lecz&nbsp;pot\u0119\u017cnym i&nbsp;wszechstronnym ci\u0105gnikom rolniczym wprost od klasycznego w\u0142oskiego producenta \u2013 Antonio Carraro. Maszyny te z&nbsp;powodzeniem radz\u0105 sobie na wymagaj\u0105cym terenie, gdzie inne ci\u0105gniki nie s\u0105 w stanie sprosta\u0107 stromym zboczom i&nbsp;ograniczonej przestrzeni do manewr\u00f3w. <\/p>\n<p>Praca po\u015br\u00f3d winoro\u015bli i&nbsp;drzew oliwnych (dw\u00f3ch nowych rodzaj\u00f3w upraw dost\u0119pnych w Farming Simulator 22) wymaga specjalistycznego wyposa\u017cenia, lecz&nbsp;pakiet Antonio Carraro Pack zawiera dok\u0142adnie to, czego potrzebujesz \u2013 flot\u0119 zr\u00f3\u017cnicowanych ci\u0105gnik\u00f3w rolniczych, w\u015br\u00f3d kt\u00f3rych znajdziesz m.in. klasyczny model Supertigre 635, wszechstronn\u0105 jednostk\u0119 TTR 7600 Infinity oraz&nbsp;ci\u0105gnik przegubowy wyposa\u017cony w cztery g\u0105sienice, czyli&nbsp;ikoniczny MACH 4 R. <\/p>\n<p>W\u0142oska firma jest wiod\u0105cym ekspertem w dziedzinie rozwi\u0105za\u0144 dla farmer\u00f3w zajmuj\u0105cych si\u0119 uprawami wyspecjalizowanymi. Kompaktowa konstrukcja w po\u0142\u0105czeniu z&nbsp;niewielkimi kr\u0119gami skr\u0119tu oraz&nbsp;optymaln\u0105 widoczno\u015bci\u0105 ze wszystkich stron to gwarancja, \u017ce zawsze dotrzesz do ka\u017cdej ro\u015bliny w twoim ogrodzie. Szczeg\u00f3ln\u0105 uwag\u0119 nale\u017cy zwr\u00f3ci\u0107 na obrotowe siedzenia kierowcy, dzi\u0119ki kt\u00f3rym mo\u017cna b\u0142yskawicznie zmieni\u0107 pozycj\u0119.<\/p>\n<p><\/p>","protected":false},"excerpt":{"rendered":"<p>Wznie\u015b swoje kwitn\u0105ce przedsi\u0119wzi\u0119cie pe\u0142ne pi\u0119knych winnic i&nbsp;rozleg\u0142ych gaj\u00f3w oliwnych na zupe\u0142nie nowy poziom dzi\u0119ki kompaktowym, lecz&nbsp;pot\u0119\u017cnym i&nbsp;wszechstronnym ci\u0105gnikom rolniczym wprost od klasycznego w\u0142oskiego producenta \u2013 Antonio Carraro. Maszyny te z&nbsp;powodzeniem radz\u0105 sobie na wymagaj\u0105cym terenie, gdzie inne ci\u0105gniki nie s\u0105 w stanie sprosta\u0107 stromym zboczom i&nbsp;ograniczonej przestrzeni do manewr\u00f3w. Praca po\u015br\u00f3d winoro\u015bli i&nbsp;drzew oliwnych [&hellip;]<\/p>\n","protected":false},"featured_media":674735,"comment_status":"closed","ping_status":"closed","template":"","meta":{"ub_ctt_via":""},"product_cat":[78],"product_tag":[218],"class_list":["post-649541","product","type-product","status-publish","has-post-thumbnail","hentry","product_cat-simulation","product_tag-games","platform-giants-software-keys"],"_links":{"self":[{"href":"https:\/\/neuvee.com\/pl\/wp-json\/wp\/v2\/product\/649541","targetHints":{"allow":["GET"]}}],"collection":[{"href":"https:\/\/neuvee.com\/pl\/wp-json\/wp\/v2\/product"}],"about":[{"href":"https:\/\/neuvee.com\/pl\/wp-json\/wp\/v2\/types\/product"}],"replies":[{"embeddable":true,"href":"https:\/\/neuvee.com\/pl\/wp-json\/wp\/v2\/comments?post=649541"}],"wp:featuredmedia":[{"embeddable":true,"href":"https:\/\/neuvee.com\/pl\/wp-json\/wp\/v2\/media\/674735"}],"wp:attachment":[{"href":"https:\/\/neuvee.com\/pl\/wp-json\/wp\/v2\/media?parent=649541"}],"wp:term":[{"taxonomy":"product_cat","embeddable":true,"href":"https:\/\/neuvee.com\/pl\/wp-json\/wp\/v2\/product_cat?post=649541"},{"taxonomy":"product_tag","embeddable":true,"href":"https:\/\/neuvee.com\/pl\/wp-json\/wp\/v2\/product_tag?post=649541"}],"curies":[{"name":"wp","href":"https:\/\/api.w.org\/{rel}","templated":true}]}}