{"id":649536,"date":"2023-05-24T18:46:34","date_gmt":"2023-05-24T18:46:34","guid":{"rendered":"https:\/\/neuvee.com\/?post_type=product&#038;p=649536"},"modified":"2025-05-19T14:40:41","modified_gmt":"2025-05-19T14:40:41","slug":"farming-simulator-2013-ursus-steam","status":"publish","type":"product","link":"https:\/\/neuvee.com\/pl\/product\/farming-simulator-2013-ursus-steam\/","title":{"rendered":"FARMING SIMULATOR 2013: URSUS (STEAM)"},"content":{"rendered":"<p>Wzboga\u0107 rozgrywk\u0119 nowym oficjalnym dodatkiem do gry Farming Simulator 2013 i&nbsp;Farming Simulator 2013 Titanium Edition!<br \/>\nW tej zawarto\u015bci do pobrania znajdziesz nowe ci\u0105gniki i&nbsp;sprz\u0119t marki Ursus, takie jak Ursus C-45, Ursus C-330, Ursus 5044, Ursus 8014H, Ursus 11024, Ursus 15014 i&nbsp;wiele innych!<br \/>\n<\/p>","protected":false},"excerpt":{"rendered":"<p>Wzboga\u0107 rozgrywk\u0119 nowym oficjalnym dodatkiem do gry Farming Simulator 2013 i&nbsp;Farming Simulator 2013 Titanium Edition! W tej zawarto\u015bci do pobrania znajdziesz nowe ci\u0105gniki i&nbsp;sprz\u0119t marki Ursus, takie jak Ursus C-45, Ursus C-330, Ursus 5044, Ursus 8014H, Ursus 11024, Ursus 15014 i&nbsp;wiele innych!<\/p>\n","protected":false},"featured_media":652162,"comment_status":"closed","ping_status":"closed","template":"","meta":{"ub_ctt_via":""},"product_cat":[78],"product_tag":[218],"class_list":["post-649536","product","type-product","status-publish","has-post-thumbnail","hentry","product_cat-simulation","product_tag-games","platform-steam-works"],"_links":{"self":[{"href":"https:\/\/neuvee.com\/pl\/wp-json\/wp\/v2\/product\/649536","targetHints":{"allow":["GET"]}}],"collection":[{"href":"https:\/\/neuvee.com\/pl\/wp-json\/wp\/v2\/product"}],"about":[{"href":"https:\/\/neuvee.com\/pl\/wp-json\/wp\/v2\/types\/product"}],"replies":[{"embeddable":true,"href":"https:\/\/neuvee.com\/pl\/wp-json\/wp\/v2\/comments?post=649536"}],"wp:featuredmedia":[{"embeddable":true,"href":"https:\/\/neuvee.com\/pl\/wp-json\/wp\/v2\/media\/652162"}],"wp:attachment":[{"href":"https:\/\/neuvee.com\/pl\/wp-json\/wp\/v2\/media?parent=649536"}],"wp:term":[{"taxonomy":"product_cat","embeddable":true,"href":"https:\/\/neuvee.com\/pl\/wp-json\/wp\/v2\/product_cat?post=649536"},{"taxonomy":"product_tag","embeddable":true,"href":"https:\/\/neuvee.com\/pl\/wp-json\/wp\/v2\/product_tag?post=649536"}],"curies":[{"name":"wp","href":"https:\/\/api.w.org\/{rel}","templated":true}]}}