{"id":639321,"date":"2023-05-16T18:07:27","date_gmt":"2023-05-16T18:07:27","guid":{"rendered":"https:\/\/neuvee.com\/?post_type=product&#038;p=639321"},"modified":"2025-05-19T14:02:22","modified_gmt":"2025-05-19T14:02:22","slug":"farming-simulator-19-rottne-dlc-steam","status":"publish","type":"product","link":"https:\/\/neuvee.com\/pl\/product\/farming-simulator-19-rottne-dlc-steam\/","title":{"rendered":"FARMING SIMULATOR 19 &#8211; ROTTNE DLC (STEAM)"},"content":{"rendered":"<p>Wzboga\u0107 zabaw\u0119 z&nbsp;Farming Simulator 19, poszerzaj\u0105c rozgrywk\u0119 o&nbsp;sprz\u0119t le\u015bniczy dzi\u0119ki pakietowi DLC Rottne!<\/p>\n<p>W sk\u0142ad pakietu DLC wchodz\u0105 dwa nowe pojazdy Rottne, jednego z&nbsp;wiod\u0105cych producent\u00f3w maszyn le\u015bnych.<br \/>\n\u2013 Rottne F20D: forwarder<br \/>\n\u2013 Rottne HD21D: harwester<\/p>\n<p>Po pobraniu tego pakietu DLC dodatkowa zawarto\u015b\u0107 pojawi si\u0119 w sklepie gry. Aby j\u0105 zakupi\u0107, upewnij si\u0119, \u017ce masz wystarczaj\u0105c\u0105 ilo\u015b\u0107 waluty w grze!<br \/>\nPakiet stanowi cz\u0119\u015b\u0107 przepustki sezonowej.<\/p>\n<p><\/p>","protected":false},"excerpt":{"rendered":"<p>Wzboga\u0107 zabaw\u0119 z&nbsp;Farming Simulator 19, poszerzaj\u0105c rozgrywk\u0119 o&nbsp;sprz\u0119t le\u015bniczy dzi\u0119ki pakietowi DLC Rottne! W sk\u0142ad pakietu DLC wchodz\u0105 dwa nowe pojazdy Rottne, jednego z&nbsp;wiod\u0105cych producent\u00f3w maszyn le\u015bnych. \u2013 Rottne F20D: forwarder \u2013 Rottne HD21D: harwester Po pobraniu tego pakietu DLC dodatkowa zawarto\u015b\u0107 pojawi si\u0119 w sklepie gry. Aby j\u0105 zakupi\u0107, upewnij si\u0119, \u017ce masz wystarczaj\u0105c\u0105 [&hellip;]<\/p>\n","protected":false},"featured_media":648232,"comment_status":"closed","ping_status":"closed","template":"","meta":{"ub_ctt_via":""},"product_cat":[78],"product_tag":[218],"class_list":["post-639321","product","type-product","status-publish","has-post-thumbnail","hentry","product_cat-simulation","product_tag-games","platform-steam-works"],"_links":{"self":[{"href":"https:\/\/neuvee.com\/pl\/wp-json\/wp\/v2\/product\/639321","targetHints":{"allow":["GET"]}}],"collection":[{"href":"https:\/\/neuvee.com\/pl\/wp-json\/wp\/v2\/product"}],"about":[{"href":"https:\/\/neuvee.com\/pl\/wp-json\/wp\/v2\/types\/product"}],"replies":[{"embeddable":true,"href":"https:\/\/neuvee.com\/pl\/wp-json\/wp\/v2\/comments?post=639321"}],"wp:featuredmedia":[{"embeddable":true,"href":"https:\/\/neuvee.com\/pl\/wp-json\/wp\/v2\/media\/648232"}],"wp:attachment":[{"href":"https:\/\/neuvee.com\/pl\/wp-json\/wp\/v2\/media?parent=639321"}],"wp:term":[{"taxonomy":"product_cat","embeddable":true,"href":"https:\/\/neuvee.com\/pl\/wp-json\/wp\/v2\/product_cat?post=639321"},{"taxonomy":"product_tag","embeddable":true,"href":"https:\/\/neuvee.com\/pl\/wp-json\/wp\/v2\/product_tag?post=639321"}],"curies":[{"name":"wp","href":"https:\/\/api.w.org\/{rel}","templated":true}]}}