{"id":639319,"date":"2023-05-16T18:06:54","date_gmt":"2023-05-16T18:06:54","guid":{"rendered":"https:\/\/neuvee.com\/?post_type=product&#038;p=639319"},"modified":"2025-05-19T14:23:42","modified_gmt":"2025-05-19T14:23:42","slug":"farming-simulator-19-platinum-expansion-steam","status":"publish","type":"product","link":"https:\/\/neuvee.com\/pl\/product\/farming-simulator-19-platinum-expansion-steam\/","title":{"rendered":"FARMING SIMULATOR 19 &#8211; PLATINUM EXPANSION (STEAM)"},"content":{"rendered":"<p>Zdob\u0105d\u017a mn\u00f3stwo dodatkowych pojazd\u00f3w marki CLAAS, aby ulepszy\u0107 Farming Simulator 19. <\/p>\n<p>Odkryj oficjalne rozszerzenie do gry Farming Simulator 19, zawieraj\u0105ce mn\u00f3stwo nowych zasob\u00f3w ulepszaj\u0105cych i&nbsp;wzbogacaj\u0105cych gr\u0119!<\/p>\n<p>Po raz pierwszy w historii serii odkryj jedn\u0105 z&nbsp;wiod\u0105cych marek rolniczych, CLAAS, oraz&nbsp;oferowane przez ni\u0105 wyj\u0105tkowe pojazdy, umo\u017cliwiaj\u0105ce nowe prace, takie jak zbi\u00f3r i&nbsp;belowanie paszy.<\/p>\n<p>Ponad 35 nowych wiernie odwzorowanych pojazd\u00f3w oraz&nbsp;narz\u0119dzi CLAAS do\u0142\u0105cza do bogatej floty Farming Simulator 19, w tym nowy kombajn LEXION 8900 wykorzystuj\u0105cy wyj\u0105tkow\u0105 technologi\u0119, silosokombajn JAGUAR 960 TT z&nbsp;doskona\u0142\u0105 sieczkarni\u0105 oraz&nbsp;wydajny ci\u0105gnik XERION 5000.<\/p>\n<p><\/p>","protected":false},"excerpt":{"rendered":"<p>Zdob\u0105d\u017a mn\u00f3stwo dodatkowych pojazd\u00f3w marki CLAAS, aby ulepszy\u0107 Farming Simulator 19. Odkryj oficjalne rozszerzenie do gry Farming Simulator 19, zawieraj\u0105ce mn\u00f3stwo nowych zasob\u00f3w ulepszaj\u0105cych i&nbsp;wzbogacaj\u0105cych gr\u0119! Po raz pierwszy w historii serii odkryj jedn\u0105 z&nbsp;wiod\u0105cych marek rolniczych, CLAAS, oraz&nbsp;oferowane przez ni\u0105 wyj\u0105tkowe pojazdy, umo\u017cliwiaj\u0105ce nowe prace, takie jak zbi\u00f3r i&nbsp;belowanie paszy. Ponad 35 nowych wiernie [&hellip;]<\/p>\n","protected":false},"featured_media":648343,"comment_status":"closed","ping_status":"closed","template":"","meta":{"ub_ctt_via":""},"product_cat":[78],"product_tag":[218],"class_list":["post-639319","product","type-product","status-publish","has-post-thumbnail","hentry","product_cat-simulation","product_tag-games","platform-steam-works"],"_links":{"self":[{"href":"https:\/\/neuvee.com\/pl\/wp-json\/wp\/v2\/product\/639319","targetHints":{"allow":["GET"]}}],"collection":[{"href":"https:\/\/neuvee.com\/pl\/wp-json\/wp\/v2\/product"}],"about":[{"href":"https:\/\/neuvee.com\/pl\/wp-json\/wp\/v2\/types\/product"}],"replies":[{"embeddable":true,"href":"https:\/\/neuvee.com\/pl\/wp-json\/wp\/v2\/comments?post=639319"}],"wp:featuredmedia":[{"embeddable":true,"href":"https:\/\/neuvee.com\/pl\/wp-json\/wp\/v2\/media\/648343"}],"wp:attachment":[{"href":"https:\/\/neuvee.com\/pl\/wp-json\/wp\/v2\/media?parent=639319"}],"wp:term":[{"taxonomy":"product_cat","embeddable":true,"href":"https:\/\/neuvee.com\/pl\/wp-json\/wp\/v2\/product_cat?post=639319"},{"taxonomy":"product_tag","embeddable":true,"href":"https:\/\/neuvee.com\/pl\/wp-json\/wp\/v2\/product_tag?post=639319"}],"curies":[{"name":"wp","href":"https:\/\/api.w.org\/{rel}","templated":true}]}}