{"id":639298,"date":"2023-05-16T18:05:14","date_gmt":"2023-05-16T18:05:14","guid":{"rendered":"https:\/\/neuvee.com\/?post_type=product&#038;p=639298"},"modified":"2025-05-19T13:28:33","modified_gmt":"2025-05-19T13:28:33","slug":"farming-simulator-19-kverneland-vicon-equipment-pack-steam","status":"publish","type":"product","link":"https:\/\/neuvee.com\/pl\/product\/farming-simulator-19-kverneland-vicon-equipment-pack-steam\/","title":{"rendered":"FARMING SIMULATOR 19 &#8211; KVERNELAND &#038; VICON EQUIPMENT PACK (STEAM)"},"content":{"rendered":"<p>Wzboga\u0107 rozgrywk\u0119 dzi\u0119ki nowemu oficjalnemu rozszerzeniu gry Farming Simulator 19!<\/p>\n<p>Ten pakiet DLC zawiera 20 element\u00f3w wyposa\u017cenia marki Kverneland: <\/p>\n<p>&#8211; Kverneland\/Vicon FastBale \u2013 prasa<\/p>\n<p>&#8211; Vicon Andex 1304 PRO \u2013 zgrabiarka<\/p>\n<p>&#8211; Kverneland 53100 MT \/ Vicon EXTRA 7100T; 3332 FT \/ Vicon EXTRA 732FT &#038; 4140 L \u2013 kosiarki<\/p>\n<p>&#8211; Kverneland 7850 \/ Vicon BW 2850 \u2013 owijarka<\/p>\n<p>&#8211; Kverneland 2500 i-Plough \u2013 p\u0142ug<\/p>\n<p>&#8211; Kverneland iXtrack T4 i&nbsp;iXter B18 \u2013 opryskiwacze<\/p>\n<p>&#8211; Kverneland 85112 \u2013 przetrz\u0105sacz<\/p>\n<p>&#8211; Kverneland DF-2 Front Hopper i&nbsp;iXtra 1100 Comfort \u2013 przednie zbiorniki<\/p>\n<p>&#8211; Kverneland Turbo 8000T i&nbsp;Enduro Pro 5000F \u2013 kultywatory<\/p>\n<p>&#8211; Kverneland Optima RS &#038; Monopill e-drive II 24 \u2013 siewnik punktowy<\/p>\n<p>&#8211; Kverneland DG II 12000; DF-2 + NG-S 101 F35; e-drill maxi \u2013 siewniki<\/p>\n<p>&#8211; Kverneland Exacta TLX GEOSPREAD \u2013 rozsiewacz nawoz\u00f3w<br \/>\nPo pobraniu dodatkowe tre\u015bci b\u0119d\u0105 dost\u0119pne w sklepie w grze. Upewnij si\u0119, \u017ce masz wystarczaj\u0105co waluty w grze, aby je kupi\u0107!<\/p>\n<p><\/p>","protected":false},"excerpt":{"rendered":"<p>Wzboga\u0107 rozgrywk\u0119 dzi\u0119ki nowemu oficjalnemu rozszerzeniu gry Farming Simulator 19! Ten pakiet DLC zawiera 20 element\u00f3w wyposa\u017cenia marki Kverneland: &#8211; Kverneland\/Vicon FastBale \u2013 prasa &#8211; Vicon Andex 1304 PRO \u2013 zgrabiarka &#8211; Kverneland 53100 MT \/ Vicon EXTRA 7100T; 3332 FT \/ Vicon EXTRA 732FT &#038; 4140 L \u2013 kosiarki &#8211; Kverneland 7850 \/ Vicon [&hellip;]<\/p>\n","protected":false},"featured_media":648138,"comment_status":"closed","ping_status":"closed","template":"","meta":{"ub_ctt_via":""},"product_cat":[78],"product_tag":[218],"class_list":["post-639298","product","type-product","status-publish","has-post-thumbnail","hentry","product_cat-simulation","product_tag-games","platform-steam-works"],"_links":{"self":[{"href":"https:\/\/neuvee.com\/pl\/wp-json\/wp\/v2\/product\/639298","targetHints":{"allow":["GET"]}}],"collection":[{"href":"https:\/\/neuvee.com\/pl\/wp-json\/wp\/v2\/product"}],"about":[{"href":"https:\/\/neuvee.com\/pl\/wp-json\/wp\/v2\/types\/product"}],"replies":[{"embeddable":true,"href":"https:\/\/neuvee.com\/pl\/wp-json\/wp\/v2\/comments?post=639298"}],"wp:featuredmedia":[{"embeddable":true,"href":"https:\/\/neuvee.com\/pl\/wp-json\/wp\/v2\/media\/648138"}],"wp:attachment":[{"href":"https:\/\/neuvee.com\/pl\/wp-json\/wp\/v2\/media?parent=639298"}],"wp:term":[{"taxonomy":"product_cat","embeddable":true,"href":"https:\/\/neuvee.com\/pl\/wp-json\/wp\/v2\/product_cat?post=639298"},{"taxonomy":"product_tag","embeddable":true,"href":"https:\/\/neuvee.com\/pl\/wp-json\/wp\/v2\/product_tag?post=639298"}],"curies":[{"name":"wp","href":"https:\/\/api.w.org\/{rel}","templated":true}]}}