{"id":639296,"date":"2023-05-16T18:04:13","date_gmt":"2023-05-16T18:04:13","guid":{"rendered":"https:\/\/neuvee.com\/?post_type=product&#038;p=639296"},"modified":"2025-05-19T13:32:48","modified_gmt":"2025-05-19T13:32:48","slug":"farming-simulator-19-john-deere-cotton-dlc-steam","status":"publish","type":"product","link":"https:\/\/neuvee.com\/pl\/product\/farming-simulator-19-john-deere-cotton-dlc-steam\/","title":{"rendered":"FARMING SIMULATOR 19 &#8211; JOHN DEERE COTTON DLC (STEAM)"},"content":{"rendered":"<p>Nowe oficjalne rozszerzenie do gry Farming Simulator 19 jeszcze bardziej rozbudowuje rozgrywk\u0119!<br \/>\nTen dodatek DLC wprowadza kombajn marki John Deere do zbioru bawe\u0142ny, cztery produkty firmy McCormack Industries i&nbsp;dwa produkty firmy Lizard:<\/p>\n<p>&#8211; kombajn do zbioru bawe\u0142ny John Deere CP690<\/p>\n<p>&#8211; wa\u0142ki do przenoszenia bel bawe\u0142ny McCormack Industries<\/p>\n<p>&#8211; szpikulce do przenoszenia bel bawe\u0142ny McCormack Industries<\/p>\n<p>&#8211; przyczepa do przewozu bel bawe\u0142ny McCormack Industries<\/p>\n<p>&#8211; uchwyt na bele bawe\u0142ny McCormack Industries<\/p>\n<p>&#8211; modu\u0142 przyczepy na bele bawe\u0142ny RB Lizard<\/p>\n<p>&#8211; modu\u0142 naczepy na bele bawe\u0142ny RB Lizard<br \/>\nPo pobraniu dodatkowej zawarto\u015bci znajdziesz j\u0105 w sklepie wewn\u0105trz gry. Upewnij si\u0119, \u017ce masz wystarczaj\u0105co du\u017co funduszy w grze, by dokona\u0107 zakupu!<\/p>\n<p><\/p>","protected":false},"excerpt":{"rendered":"<p>Nowe oficjalne rozszerzenie do gry Farming Simulator 19 jeszcze bardziej rozbudowuje rozgrywk\u0119! Ten dodatek DLC wprowadza kombajn marki John Deere do zbioru bawe\u0142ny, cztery produkty firmy McCormack Industries i&nbsp;dwa produkty firmy Lizard: &#8211; kombajn do zbioru bawe\u0142ny John Deere CP690 &#8211; wa\u0142ki do przenoszenia bel bawe\u0142ny McCormack Industries &#8211; szpikulce do przenoszenia bel bawe\u0142ny McCormack [&hellip;]<\/p>\n","protected":false},"featured_media":649440,"comment_status":"closed","ping_status":"closed","template":"","meta":{"ub_ctt_via":""},"product_cat":[78],"product_tag":[218],"class_list":["post-639296","product","type-product","status-publish","has-post-thumbnail","hentry","product_cat-simulation","product_tag-games","platform-steam-works"],"_links":{"self":[{"href":"https:\/\/neuvee.com\/pl\/wp-json\/wp\/v2\/product\/639296","targetHints":{"allow":["GET"]}}],"collection":[{"href":"https:\/\/neuvee.com\/pl\/wp-json\/wp\/v2\/product"}],"about":[{"href":"https:\/\/neuvee.com\/pl\/wp-json\/wp\/v2\/types\/product"}],"replies":[{"embeddable":true,"href":"https:\/\/neuvee.com\/pl\/wp-json\/wp\/v2\/comments?post=639296"}],"wp:featuredmedia":[{"embeddable":true,"href":"https:\/\/neuvee.com\/pl\/wp-json\/wp\/v2\/media\/649440"}],"wp:attachment":[{"href":"https:\/\/neuvee.com\/pl\/wp-json\/wp\/v2\/media?parent=639296"}],"wp:term":[{"taxonomy":"product_cat","embeddable":true,"href":"https:\/\/neuvee.com\/pl\/wp-json\/wp\/v2\/product_cat?post=639296"},{"taxonomy":"product_tag","embeddable":true,"href":"https:\/\/neuvee.com\/pl\/wp-json\/wp\/v2\/product_tag?post=639296"}],"curies":[{"name":"wp","href":"https:\/\/api.w.org\/{rel}","templated":true}]}}