{"id":639293,"date":"2023-05-16T18:02:15","date_gmt":"2023-05-16T18:02:15","guid":{"rendered":"https:\/\/neuvee.com\/?post_type=product&#038;p=639293"},"modified":"2025-05-19T13:54:01","modified_gmt":"2025-05-19T13:54:01","slug":"farming-simulator-19-grimme-equipment-pack-giants","status":"publish","type":"product","link":"https:\/\/neuvee.com\/pl\/product\/farming-simulator-19-grimme-equipment-pack-giants\/","title":{"rendered":"FARMING SIMULATOR 19 &#8211; GRIMME EQUIPMENT PACK (GIANTS)"},"content":{"rendered":"<p>Wzboga\u0107 rozgrywk\u0119 dzi\u0119ki nowemu rozszerzeniu do Farming Simulator 19, stworzonemu przez zdobywc\u00f3w nagrody specjalnej konkursu na mody do Farming Simulator.<br \/>\nDLC zawiera 13 nowych narz\u0119dzi produkcji GRIMME i&nbsp;jedno dodatkowe narz\u0119dzie produkcji Lizard.<\/p>\n<p>&#8211; GRIMME GH 2 \u2013 chwastownik<\/p>\n<p>&#8211; GRIMME GH 4 \u2013 chwastownik<\/p>\n<p>&#8211; GRIMME GH 8 \u2013 chwastownik<\/p>\n<p>&#8211; GRIMME GL 32 E \u2013 sadzarka do ziemniak\u00f3w<\/p>\n<p>&#8211; GRIMME GL 32 F \u2013 sadzarka do ziemniak\u00f3w<\/p>\n<p>&#8211; GRIMME WH 200 Eco \u2013 kombajn ziemniaczany<\/p>\n<p>&#8211; GRIMME WH 200 S \u2013 kombajn ziemniaczany<\/p>\n<p>&#8211; GRIMME WR 200 CDW \u2013 kombajn ziemniaczany<\/p>\n<p>&#8211; GRIMME SE 85-55 \u2013 kombajn ziemniaczany<\/p>\n<p>&#8211; GRIMME GBF \u2013 przeno\u015bnik pasowy<\/p>\n<p>&#8211; GRIMME PS 511 \u2013 przeno\u015bnik pasowy<\/p>\n<p>&#8211; GRIMME MultiTrailer 190 \u2013 przyczepa<\/p>\n<p>&#8211; GRIMME MultiTrailer 350 \u2013 przyczepa<\/p>\n<p>&#8211; Przeno\u015bnik ta\u015bmowy Lizard \u2013 zbiornik odbiorczy<br \/>\nPo pobraniu dodatkowa zawarto\u015b\u0107 stanie si\u0119 dost\u0119pna w sklepie gry. Upewnij si\u0119, \u017ce dysponujesz wystarczaj\u0105cymi \u015brodkami w grze, aby je kupi\u0107!<br \/>\nDLC wchodzi w sk\u0142ad przepustki sezonowej.<\/p>\n<p><\/p>","protected":false},"excerpt":{"rendered":"<p>Wzboga\u0107 rozgrywk\u0119 dzi\u0119ki nowemu rozszerzeniu do Farming Simulator 19, stworzonemu przez zdobywc\u00f3w nagrody specjalnej konkursu na mody do Farming Simulator. DLC zawiera 13 nowych narz\u0119dzi produkcji GRIMME i&nbsp;jedno dodatkowe narz\u0119dzie produkcji Lizard. &#8211; GRIMME GH 2 \u2013 chwastownik &#8211; GRIMME GH 4 \u2013 chwastownik &#8211; GRIMME GH 8 \u2013 chwastownik &#8211; GRIMME GL 32 E [&hellip;]<\/p>\n","protected":false},"featured_media":648224,"comment_status":"closed","ping_status":"closed","template":"","meta":{"ub_ctt_via":""},"product_cat":[78],"product_tag":[218],"class_list":["post-639293","product","type-product","status-publish","has-post-thumbnail","hentry","product_cat-simulation","product_tag-games","platform-giants-software-keys"],"_links":{"self":[{"href":"https:\/\/neuvee.com\/pl\/wp-json\/wp\/v2\/product\/639293","targetHints":{"allow":["GET"]}}],"collection":[{"href":"https:\/\/neuvee.com\/pl\/wp-json\/wp\/v2\/product"}],"about":[{"href":"https:\/\/neuvee.com\/pl\/wp-json\/wp\/v2\/types\/product"}],"replies":[{"embeddable":true,"href":"https:\/\/neuvee.com\/pl\/wp-json\/wp\/v2\/comments?post=639293"}],"wp:featuredmedia":[{"embeddable":true,"href":"https:\/\/neuvee.com\/pl\/wp-json\/wp\/v2\/media\/648224"}],"wp:attachment":[{"href":"https:\/\/neuvee.com\/pl\/wp-json\/wp\/v2\/media?parent=639293"}],"wp:term":[{"taxonomy":"product_cat","embeddable":true,"href":"https:\/\/neuvee.com\/pl\/wp-json\/wp\/v2\/product_cat?post=639293"},{"taxonomy":"product_tag","embeddable":true,"href":"https:\/\/neuvee.com\/pl\/wp-json\/wp\/v2\/product_tag?post=639293"}],"curies":[{"name":"wp","href":"https:\/\/api.w.org\/{rel}","templated":true}]}}