{"id":639290,"date":"2023-05-16T18:01:45","date_gmt":"2023-05-16T18:01:45","guid":{"rendered":"https:\/\/neuvee.com\/?post_type=product&#038;p=639290"},"modified":"2025-05-19T14:29:09","modified_gmt":"2025-05-19T14:29:09","slug":"farming-simulator-19-bourgault-dlc-giants","status":"publish","type":"product","link":"https:\/\/neuvee.com\/pl\/product\/farming-simulator-19-bourgault-dlc-giants\/","title":{"rendered":"FARMING SIMULATOR 19 &#8211; BOURGAULT DLC (GIANTS)"},"content":{"rendered":"<p>Wzboga\u0107 swoj\u0105 rozgrywk\u0119 dzi\u0119ki nowemu oficjalnemu rozszerzeniu gry Farming Simulator 19!<br \/>\nTen pakiet DLC zawiera 7 element\u00f3w wyposa\u017cenia marki Bourgault oraz&nbsp;jeden nowy traktor John Deere:<\/p>\n<p>&#8211; 3320-76 Paralink Hoe Drill \u2013 siewnik<\/p>\n<p>&#8211; 3420-100 Paralink Hoe Drill \u2013 siewnik<\/p>\n<p>&#8211; 7950 Air Cart \u2013 siewnik<\/p>\n<p>&#8211; 71300 Air Cart \u2013 siewnik<\/p>\n<p>&#8211; SPS360-50 \u2013 kultywator<\/p>\n<p>&#8211; XR770 Harrow \u2013 opielacz<\/p>\n<p>&#8211; FMS CD872-8 \u2013 siewnik<\/p>\n<p>&#8211; John Deere 9RX Series \u2013 du\u017cy traktor<br \/>\nPo pobraniu dodatkowe tre\u015bci b\u0119d\u0105 dost\u0119pne w sklepie w grze. Upewnij si\u0119, \u017ce masz wystarczaj\u0105co waluty w grze, aby je kupi\u0107!<\/p>\n<p><\/p>","protected":false},"excerpt":{"rendered":"<p>Wzboga\u0107 swoj\u0105 rozgrywk\u0119 dzi\u0119ki nowemu oficjalnemu rozszerzeniu gry Farming Simulator 19! Ten pakiet DLC zawiera 7 element\u00f3w wyposa\u017cenia marki Bourgault oraz&nbsp;jeden nowy traktor John Deere: &#8211; 3320-76 Paralink Hoe Drill \u2013 siewnik &#8211; 3420-100 Paralink Hoe Drill \u2013 siewnik &#8211; 7950 Air Cart \u2013 siewnik &#8211; 71300 Air Cart \u2013 siewnik &#8211; SPS360-50 \u2013 kultywator [&hellip;]<\/p>\n","protected":false},"featured_media":649262,"comment_status":"closed","ping_status":"closed","template":"","meta":{"ub_ctt_via":""},"product_cat":[78],"product_tag":[218],"class_list":["post-639290","product","type-product","status-publish","has-post-thumbnail","hentry","product_cat-simulation","product_tag-games","platform-giants-software-keys"],"_links":{"self":[{"href":"https:\/\/neuvee.com\/pl\/wp-json\/wp\/v2\/product\/639290","targetHints":{"allow":["GET"]}}],"collection":[{"href":"https:\/\/neuvee.com\/pl\/wp-json\/wp\/v2\/product"}],"about":[{"href":"https:\/\/neuvee.com\/pl\/wp-json\/wp\/v2\/types\/product"}],"replies":[{"embeddable":true,"href":"https:\/\/neuvee.com\/pl\/wp-json\/wp\/v2\/comments?post=639290"}],"wp:featuredmedia":[{"embeddable":true,"href":"https:\/\/neuvee.com\/pl\/wp-json\/wp\/v2\/media\/649262"}],"wp:attachment":[{"href":"https:\/\/neuvee.com\/pl\/wp-json\/wp\/v2\/media?parent=639290"}],"wp:term":[{"taxonomy":"product_cat","embeddable":true,"href":"https:\/\/neuvee.com\/pl\/wp-json\/wp\/v2\/product_cat?post=639290"},{"taxonomy":"product_tag","embeddable":true,"href":"https:\/\/neuvee.com\/pl\/wp-json\/wp\/v2\/product_tag?post=639290"}],"curies":[{"name":"wp","href":"https:\/\/api.w.org\/{rel}","templated":true}]}}