{"id":639272,"date":"2023-05-16T18:00:27","date_gmt":"2023-05-16T18:00:27","guid":{"rendered":"https:\/\/neuvee.com\/?post_type=product&#038;p=639272"},"modified":"2025-05-19T14:08:44","modified_gmt":"2025-05-19T14:08:44","slug":"farming-simulator-19-anderson-group-equipment-pack-giants","status":"publish","type":"product","link":"https:\/\/neuvee.com\/pl\/product\/farming-simulator-19-anderson-group-equipment-pack-giants\/","title":{"rendered":"FARMING SIMULATOR 19 &#8211; ANDERSON GROUP EQUIPMENT PACK (GIANTS)"},"content":{"rendered":"<p>Nowe, oficjalne rozszerzenie do gry Farming Simulator 19 to jeszcze bardziej rozbudowana rozgrywka!<br \/>\nDLC to 13 nowych maszyn Anderson Group:<\/p>\n<p>&#8211; Paszow\u00f3z Anderson Group A700<\/p>\n<p>&#8211; Paszow\u00f3z Anderson Group A950<\/p>\n<p>&#8211; Prasa do drewna Anderson Group BioBaler WB-55<\/p>\n<p>&#8211; Zderzak Anderson Group (do prasy BioBaler WB-55)<\/p>\n<p>&#8211; Owijarka bel Anderson Group HYBRID X XTRACTOR (okr.\/kwadr. bele)<\/p>\n<p>&#8211; Owijarka bel Anderson Group IFX720 XTRACTOR (okr. bele)<\/p>\n<p>&#8211; \u0141adowarka k\u0142\u00f3d Anderson Group M160<\/p>\n<p>&#8211; Przyczepa do obr\u00f3bki bel Anderson Group PRO-CHOP150 (okr.\/kwadr. bele)<\/p>\n<p>&#8211; Owijarka bel Anderson Group RB580 (okr. bele)<\/p>\n<p>&#8211; Transporter bel Anderson Group RBM2000 (okr. bele)<\/p>\n<p>&#8211; Transporter do owini\u0119tych bel z&nbsp;kiszonk\u0105 Anderson Group RBMPRO 2000 (okr. bele)<\/p>\n<p>&#8211; Uk\u0142adarka do bel Anderson Group STACKPRO7200 (kwadr. bele)<\/p>\n<p>&#8211; Przyczepa do transportu bel Anderson Group TSR3450 (kwadr. bele)<br \/>\nPo pobraniu dodatkowej zawarto\u015bci znajdziesz j\u0105 w sklepie wewn\u0105trz gry. Upewnij si\u0119, \u017ce masz wystarczaj\u0105co du\u017co funduszy w grze, by dokona\u0107 zakupu!<\/p>\n<p><\/p>","protected":false},"excerpt":{"rendered":"<p>Nowe, oficjalne rozszerzenie do gry Farming Simulator 19 to jeszcze bardziej rozbudowana rozgrywka! DLC to 13 nowych maszyn Anderson Group: &#8211; Paszow\u00f3z Anderson Group A700 &#8211; Paszow\u00f3z Anderson Group A950 &#8211; Prasa do drewna Anderson Group BioBaler WB-55 &#8211; Zderzak Anderson Group (do prasy BioBaler WB-55) &#8211; Owijarka bel Anderson Group HYBRID X XTRACTOR (okr.\/kwadr. [&hellip;]<\/p>\n","protected":false},"featured_media":649269,"comment_status":"closed","ping_status":"closed","template":"","meta":{"ub_ctt_via":""},"product_cat":[78],"product_tag":[218],"class_list":["post-639272","product","type-product","status-publish","has-post-thumbnail","hentry","product_cat-simulation","product_tag-games","platform-giants-software-keys"],"_links":{"self":[{"href":"https:\/\/neuvee.com\/pl\/wp-json\/wp\/v2\/product\/639272","targetHints":{"allow":["GET"]}}],"collection":[{"href":"https:\/\/neuvee.com\/pl\/wp-json\/wp\/v2\/product"}],"about":[{"href":"https:\/\/neuvee.com\/pl\/wp-json\/wp\/v2\/types\/product"}],"replies":[{"embeddable":true,"href":"https:\/\/neuvee.com\/pl\/wp-json\/wp\/v2\/comments?post=639272"}],"wp:featuredmedia":[{"embeddable":true,"href":"https:\/\/neuvee.com\/pl\/wp-json\/wp\/v2\/media\/649269"}],"wp:attachment":[{"href":"https:\/\/neuvee.com\/pl\/wp-json\/wp\/v2\/media?parent=639272"}],"wp:term":[{"taxonomy":"product_cat","embeddable":true,"href":"https:\/\/neuvee.com\/pl\/wp-json\/wp\/v2\/product_cat?post=639272"},{"taxonomy":"product_tag","embeddable":true,"href":"https:\/\/neuvee.com\/pl\/wp-json\/wp\/v2\/product_tag?post=639272"}],"curies":[{"name":"wp","href":"https:\/\/api.w.org\/{rel}","templated":true}]}}