{"id":639270,"date":"2023-05-16T17:59:50","date_gmt":"2023-05-16T17:59:50","guid":{"rendered":"https:\/\/neuvee.com\/?post_type=product&#038;p=639270"},"modified":"2025-05-19T13:39:09","modified_gmt":"2025-05-19T13:39:09","slug":"farming-simulator-19-alpine-farming-expansion-giants","status":"publish","type":"product","link":"https:\/\/neuvee.com\/pl\/product\/farming-simulator-19-alpine-farming-expansion-giants\/","title":{"rendered":"FARMING SIMULATOR 19 &#8211; ALPINE FARMING EXPANSION (GIANTS)"},"content":{"rendered":"<p>Zwi\u0119ksz mo\u017cliwo\u015bci gry Farming Simulator 19 i&nbsp;zdob\u0105d\u017a szczyty g\u00f3r dzi\u0119ki oficjalnemu rozszerzeniu Alpine Farming Expansion!<\/p>\n<p>W zupe\u0142nie nowym, g\u00f3rskim \u015brodowisku u\u017cywaj ponad, 30 autentycznych pojazd\u00f3w i&nbsp;maszyn rolniczych, mi\u0119dzy innymi takich marek, jak Aebi, Lindner, P\u00f6ttinger, Rigitrac i&nbsp;SIP. Poszerz swoje horyzonty, prowadz\u0105c dochodowe g\u00f3rskie gospodarstwo rolne w\u015br\u00f3d wzg\u00f3rz i&nbsp;dolin.<\/p>\n<p><\/p>","protected":false},"excerpt":{"rendered":"<p>Zwi\u0119ksz mo\u017cliwo\u015bci gry Farming Simulator 19 i&nbsp;zdob\u0105d\u017a szczyty g\u00f3r dzi\u0119ki oficjalnemu rozszerzeniu Alpine Farming Expansion! W zupe\u0142nie nowym, g\u00f3rskim \u015brodowisku u\u017cywaj ponad, 30 autentycznych pojazd\u00f3w i&nbsp;maszyn rolniczych, mi\u0119dzy innymi takich marek, jak Aebi, Lindner, P\u00f6ttinger, Rigitrac i&nbsp;SIP. Poszerz swoje horyzonty, prowadz\u0105c dochodowe g\u00f3rskie gospodarstwo rolne w\u015br\u00f3d wzg\u00f3rz i&nbsp;dolin.<\/p>\n","protected":false},"featured_media":648015,"comment_status":"closed","ping_status":"closed","template":"","meta":{"ub_ctt_via":""},"product_cat":[78],"product_tag":[218],"class_list":["post-639270","product","type-product","status-publish","has-post-thumbnail","hentry","product_cat-simulation","product_tag-games","platform-giants-software-keys"],"_links":{"self":[{"href":"https:\/\/neuvee.com\/pl\/wp-json\/wp\/v2\/product\/639270","targetHints":{"allow":["GET"]}}],"collection":[{"href":"https:\/\/neuvee.com\/pl\/wp-json\/wp\/v2\/product"}],"about":[{"href":"https:\/\/neuvee.com\/pl\/wp-json\/wp\/v2\/types\/product"}],"replies":[{"embeddable":true,"href":"https:\/\/neuvee.com\/pl\/wp-json\/wp\/v2\/comments?post=639270"}],"wp:featuredmedia":[{"embeddable":true,"href":"https:\/\/neuvee.com\/pl\/wp-json\/wp\/v2\/media\/648015"}],"wp:attachment":[{"href":"https:\/\/neuvee.com\/pl\/wp-json\/wp\/v2\/media?parent=639270"}],"wp:term":[{"taxonomy":"product_cat","embeddable":true,"href":"https:\/\/neuvee.com\/pl\/wp-json\/wp\/v2\/product_cat?post=639270"},{"taxonomy":"product_tag","embeddable":true,"href":"https:\/\/neuvee.com\/pl\/wp-json\/wp\/v2\/product_tag?post=639270"}],"curies":[{"name":"wp","href":"https:\/\/api.w.org\/{rel}","templated":true}]}}