{"id":639268,"date":"2023-05-16T17:58:32","date_gmt":"2023-05-16T17:58:32","guid":{"rendered":"https:\/\/neuvee.com\/?post_type=product&#038;p=639268"},"modified":"2025-05-19T14:13:53","modified_gmt":"2025-05-19T14:13:53","slug":"farming-simulator-17-ropa-pack-steam","status":"publish","type":"product","link":"https:\/\/neuvee.com\/pl\/product\/farming-simulator-17-ropa-pack-steam\/","title":{"rendered":"FARMING SIMULATOR 17 &#8211; ROPA PACK (STEAM)"},"content":{"rendered":"<p>Wzboga\u0107 Farming Simulator 17 o&nbsp;pakiet ROPA, aby korzysta\u0107 z&nbsp;pe\u0142ni mo\u017cliwo\u015bci w grze! <\/p>\n<p>Po raz pierwszy gracze mog\u0105 u\u017cywa\u0107 6 nowych pojazd\u00f3w i&nbsp;sprz\u0119t\u00f3w marki ROPA, w szczeg\u00f3lno\u015bci kombajnu ROPA Tiger 6 do zbioru burak\u00f3w cukrowych oraz&nbsp;kombajnu ROPA Keiler 2 do zbioru ziemniak\u00f3w. <\/p>\n<p>Zawarto\u015b\u0107 pakietu DLC:<br \/>\n&#8211; ROPA &#8211; Tiger 6 \u2013 Kombajn do zbioru burak\u00f3w cukrowych<br \/>\n&#8211; ROPA &#8211; Maus 5 \u2013 Pojazd do za\u0142adunku\/oczyszczania<br \/>\n&#8211; ROPA &#8211; Keiler 2 \u2013Kombajn do zbioru ziemniak\u00f3w<br \/>\n&#8211; ROPA &#8211; RR-XL 9 \u2013 Heder<br \/>\n&#8211; ROPA &#8211; NawaRo Maus \u2013 Pojazd do za\u0142adunku<br \/>\n&#8211; ROPA \u2013 Naczepa transportowa \u2013 Naczepa do \u017cniwiarki\/\u015bcinarki <\/p>\n<p>Po pobraniu dodatkowa zawarto\u015b\u0107 b\u0119dzie dost\u0119pna w sklepie gry. Pami\u0119taj, aby mie\u0107 wystarczaj\u0105c\u0105 ilo\u015b\u0107 waluty gry do zakupu nowych element\u00f3w!<br \/>\n<\/p>","protected":false},"excerpt":{"rendered":"<p>Wzboga\u0107 Farming Simulator 17 o&nbsp;pakiet ROPA, aby korzysta\u0107 z&nbsp;pe\u0142ni mo\u017cliwo\u015bci w grze! Po raz pierwszy gracze mog\u0105 u\u017cywa\u0107 6 nowych pojazd\u00f3w i&nbsp;sprz\u0119t\u00f3w marki ROPA, w szczeg\u00f3lno\u015bci kombajnu ROPA Tiger 6 do zbioru burak\u00f3w cukrowych oraz&nbsp;kombajnu ROPA Keiler 2 do zbioru ziemniak\u00f3w. Zawarto\u015b\u0107 pakietu DLC: &#8211; ROPA &#8211; Tiger 6 \u2013 Kombajn do zbioru burak\u00f3w cukrowych [&hellip;]<\/p>\n","protected":false},"featured_media":649180,"comment_status":"closed","ping_status":"closed","template":"","meta":{"ub_ctt_via":""},"product_cat":[78],"product_tag":[218],"class_list":["post-639268","product","type-product","status-publish","has-post-thumbnail","hentry","product_cat-simulation","product_tag-games","platform-steam-works"],"_links":{"self":[{"href":"https:\/\/neuvee.com\/pl\/wp-json\/wp\/v2\/product\/639268","targetHints":{"allow":["GET"]}}],"collection":[{"href":"https:\/\/neuvee.com\/pl\/wp-json\/wp\/v2\/product"}],"about":[{"href":"https:\/\/neuvee.com\/pl\/wp-json\/wp\/v2\/types\/product"}],"replies":[{"embeddable":true,"href":"https:\/\/neuvee.com\/pl\/wp-json\/wp\/v2\/comments?post=639268"}],"wp:featuredmedia":[{"embeddable":true,"href":"https:\/\/neuvee.com\/pl\/wp-json\/wp\/v2\/media\/649180"}],"wp:attachment":[{"href":"https:\/\/neuvee.com\/pl\/wp-json\/wp\/v2\/media?parent=639268"}],"wp:term":[{"taxonomy":"product_cat","embeddable":true,"href":"https:\/\/neuvee.com\/pl\/wp-json\/wp\/v2\/product_cat?post=639268"},{"taxonomy":"product_tag","embeddable":true,"href":"https:\/\/neuvee.com\/pl\/wp-json\/wp\/v2\/product_tag?post=639268"}],"curies":[{"name":"wp","href":"https:\/\/api.w.org\/{rel}","templated":true}]}}