{"id":639267,"date":"2023-05-16T17:58:19","date_gmt":"2023-05-16T17:58:19","guid":{"rendered":"https:\/\/neuvee.com\/?post_type=product&#038;p=639267"},"modified":"2025-05-19T13:27:48","modified_gmt":"2025-05-19T13:27:48","slug":"farming-simulator-17-platinum-expansion-steam","status":"publish","type":"product","link":"https:\/\/neuvee.com\/pl\/product\/farming-simulator-17-platinum-expansion-steam\/","title":{"rendered":"FARMING SIMULATOR 17 &#8211; PLATINUM EXPANSION (STEAM)"},"content":{"rendered":"<p>Otrzymaj wiele nowej zawarto\u015bci i&nbsp;pojazd\u00f3w, kiedy rozszerzysz gr\u0119 Farming Simulator 17 do PLATINUM EDITION Odkryj oficjalne rozszerzenie dla gry Farming Simulator 17 i&nbsp;ciesz si\u0119 now\u0105 zawarto\u015bci\u0105, kt\u00f3ra jeszcze zwi\u0119kszy frajd\u0119 z&nbsp;rozgrywki! Uprawiaj pola w nowym \u015bwiecie! Czeka na Ciebie nowe po\u0142udniowoameryka\u0144skie \u015brodowisko , ze swoimi krajobrazami, now\u0105 ro\u015blinno\u015bci\u0105, lokalnymi rasy byd\u0142a i&nbsp;polami trzciny cukrowej. Ca\u0142kowita zmiana scenerii i&nbsp;wi\u0119cej mo\u017cliwo\u015bci rozgrywki! W nowym \u015bwiecie mo\u017cesz tak\u017ce korzysta\u0107 z&nbsp;sieci kolejowej i&nbsp;szybciej dostarcza\u0107 swoje plony do odbiorc\u00f3w. Nowe pojazdy do\u0142\u0105cz\u0105 do ogromnej ju\u017c gamy maszyn z&nbsp;Farming Simulator 17! Odkryj wiernie odtworzone traktory, kombajny i&nbsp;inny sprz\u0119t od znanych producent\u00f3w, takich jak Case IH, Stara, TT, Randon, FMZ i&nbsp;Gessner Industries. Farming Simulator 17 Official Expansion Platinum zawiera:<br \/>\n&#8211; Nowe po\u0142udniowoameryka\u0144skie \u015brodowisko<br \/>\n&#8211; Now\u0105 ro\u015blin\u0119 uprawn\u0105: trzcina cukrowa<br \/>\n&#8211; Nowe pojazdy i&nbsp;sprz\u0119t od Case IH, Stara, TT, Randon, FMZ i&nbsp;Gessner Industries<br \/>\n<\/p>","protected":false},"excerpt":{"rendered":"<p>Otrzymaj wiele nowej zawarto\u015bci i&nbsp;pojazd\u00f3w, kiedy rozszerzysz gr\u0119 Farming Simulator 17 do PLATINUM EDITION Odkryj oficjalne rozszerzenie dla gry Farming Simulator 17 i&nbsp;ciesz si\u0119 now\u0105 zawarto\u015bci\u0105, kt\u00f3ra jeszcze zwi\u0119kszy frajd\u0119 z&nbsp;rozgrywki! Uprawiaj pola w nowym \u015bwiecie! Czeka na Ciebie nowe po\u0142udniowoameryka\u0144skie \u015brodowisko , ze swoimi krajobrazami, now\u0105 ro\u015blinno\u015bci\u0105, lokalnymi rasy byd\u0142a i&nbsp;polami trzciny cukrowej. Ca\u0142kowita [&hellip;]<\/p>\n","protected":false},"featured_media":649346,"comment_status":"closed","ping_status":"closed","template":"","meta":{"ub_ctt_via":""},"product_cat":[78],"product_tag":[218],"class_list":["post-639267","product","type-product","status-publish","has-post-thumbnail","hentry","product_cat-simulation","product_tag-games","platform-steam-works"],"_links":{"self":[{"href":"https:\/\/neuvee.com\/pl\/wp-json\/wp\/v2\/product\/639267","targetHints":{"allow":["GET"]}}],"collection":[{"href":"https:\/\/neuvee.com\/pl\/wp-json\/wp\/v2\/product"}],"about":[{"href":"https:\/\/neuvee.com\/pl\/wp-json\/wp\/v2\/types\/product"}],"replies":[{"embeddable":true,"href":"https:\/\/neuvee.com\/pl\/wp-json\/wp\/v2\/comments?post=639267"}],"wp:featuredmedia":[{"embeddable":true,"href":"https:\/\/neuvee.com\/pl\/wp-json\/wp\/v2\/media\/649346"}],"wp:attachment":[{"href":"https:\/\/neuvee.com\/pl\/wp-json\/wp\/v2\/media?parent=639267"}],"wp:term":[{"taxonomy":"product_cat","embeddable":true,"href":"https:\/\/neuvee.com\/pl\/wp-json\/wp\/v2\/product_cat?post=639267"},{"taxonomy":"product_tag","embeddable":true,"href":"https:\/\/neuvee.com\/pl\/wp-json\/wp\/v2\/product_tag?post=639267"}],"curies":[{"name":"wp","href":"https:\/\/api.w.org\/{rel}","templated":true}]}}